{"id":65052,"date":"2025-01-03T11:41:32","date_gmt":"2025-01-03T11:41:32","guid":{"rendered":"https:\/\/brandss.com.py\/index\/?post_type=product&#038;p=65052"},"modified":"2025-01-03T11:42:24","modified_gmt":"2025-01-03T11:42:24","slug":"calzado-deportivo-masculino-tommy-hilfiger-th-basket-street-lth","status":"publish","type":"product","link":"https:\/\/brandss.com.py\/index\/producto\/calzado-deportivo-masculino-tommy-hilfiger-th-basket-street-lth\/","title":{"rendered":"CALZADO DEPORTIVO MASCULINO TOMMY HILFIGER TH BASKET STREET LTH"},"content":{"rendered":"<p><img loading=\"lazy\" decoding=\"async\" class=\"\" src=\"https:\/\/1000marcas.net\/wp-content\/uploads\/2020\/01\/Tommy-Hilfiger-logo.png\" alt=\"Tommy Hilfiger Logo - s\u00edmbolo, significado logotipo, historia, PNG\" width=\"129\" height=\"73\" \/><\/p>\n<h1>TH BASKET STREET LTH<\/h1>\n<p class=\"typography-paragraph text-2xs\/5.5 tracking-normal font-figtree rtl:font-noto-kufi-arabic mb-4\"><span>Las calzados TH Basket Street de Tommy Hilfiger son un b\u00e1sico de uso diario de alto nivel y una opci\u00f3n infalible para un estilo elegante e informal. Presentan una construcci\u00f3n de paneles de ca\u00f1a baja confeccionada con cuero y gamuza de primera calidad, un monograma TH tonal en relieve en el lateral, una parte delantera con cordones y el detalle de cinta caracter\u00edstico de la marca en el tal\u00f3n. F\u00edjate en la plantilla contorneada, la plantilla extra\u00edble de poliuretano parcialmente reciclado y la suela de goma con una suela exterior con tacos de caucho natural para una comodidad durante todo el d\u00eda. <\/span><span>Calzados de la colecci\u00f3n Tommy Hilfiger fabricadas en piel natural. Modelo ligero y c\u00f3modo ideal para el uso diario.<\/span><\/p>\n<div class=\"ProductActive__descriptionParagraph__UR7wG\"><\/div>\n<ul class=\"whitespace-normal ms-4 md:ms-4\" data-testid=\"lineitems\">\n<li>Nariz ligeramente reforzada.<\/li>\n<li>Tal\u00f3n endurecido que proporciona un excelente soporte para el tobillo y el tal\u00f3n.<\/li>\n<li>El cord\u00f3n cl\u00e1sico permite un ajuste individual al pie.<\/li>\n<li>La suela de goma es duradera y resistente al desgaste.<\/li>\n<li>Inserto de tela extra\u00edble y f\u00e1cil de limpiar.<\/li>\n<li class=\"typography-paragraph text-2xs\/5.5 tracking-normal font-figtree rtl:font-noto-kufi-arabic list-outside list-disc leading-7\"><span>Cuero blanco.<\/span><\/li>\n<li class=\"typography-paragraph text-2xs\/5.5 tracking-normal font-figtree rtl:font-noto-kufi-arabic list-outside list-disc leading-7\"><span>Fabricado en: Vietnam.<\/span><\/li>\n<li class=\"typography-paragraph text-2xs\/5.5 tracking-normal font-figtree rtl:font-noto-kufi-arabic list-outside list-disc leading-7\"><span>Se ajusta al tama\u00f1o real, elige tu talla habitual.<\/span><\/li>\n<li>Color: Blanco\/ Bordo.<\/li>\n<li>Modelo: FM0FM04874-XJS<\/li>\n<\/ul>\n","protected":false},"excerpt":{"rendered":"<p>TH BASKET STREET LTH Las calzados TH Basket Street de Tommy Hilfiger son un b\u00e1sico de uso diario de alto<\/p>\n","protected":false},"featured_media":65053,"comment_status":"open","ping_status":"closed","template":"","meta":{"nf_dc_page":""},"product_brand":[],"product_cat":[76],"product_tag":[],"class_list":{"0":"post-65052","1":"product","2":"type-product","3":"status-publish","4":"has-post-thumbnail","6":"product_cat-masculino","8":"first","9":"instock","10":"shipping-taxable","11":"purchasable","12":"product-type-simple"},"_links":{"self":[{"href":"https:\/\/brandss.com.py\/index\/wp-json\/wp\/v2\/product\/65052","targetHints":{"allow":["GET"]}}],"collection":[{"href":"https:\/\/brandss.com.py\/index\/wp-json\/wp\/v2\/product"}],"about":[{"href":"https:\/\/brandss.com.py\/index\/wp-json\/wp\/v2\/types\/product"}],"replies":[{"embeddable":true,"href":"https:\/\/brandss.com.py\/index\/wp-json\/wp\/v2\/comments?post=65052"}],"version-history":[{"count":1,"href":"https:\/\/brandss.com.py\/index\/wp-json\/wp\/v2\/product\/65052\/revisions"}],"predecessor-version":[{"id":65065,"href":"https:\/\/brandss.com.py\/index\/wp-json\/wp\/v2\/product\/65052\/revisions\/65065"}],"wp:featuredmedia":[{"embeddable":true,"href":"https:\/\/brandss.com.py\/index\/wp-json\/wp\/v2\/media\/65053"}],"wp:attachment":[{"href":"https:\/\/brandss.com.py\/index\/wp-json\/wp\/v2\/media?parent=65052"}],"wp:term":[{"taxonomy":"product_brand","embeddable":true,"href":"https:\/\/brandss.com.py\/index\/wp-json\/wp\/v2\/product_brand?post=65052"},{"taxonomy":"product_cat","embeddable":true,"href":"https:\/\/brandss.com.py\/index\/wp-json\/wp\/v2\/product_cat?post=65052"},{"taxonomy":"product_tag","embeddable":true,"href":"https:\/\/brandss.com.py\/index\/wp-json\/wp\/v2\/product_tag?post=65052"}],"curies":[{"name":"wp","href":"https:\/\/api.w.org\/{rel}","templated":true}]}}