{"id":65086,"date":"2025-01-03T14:29:54","date_gmt":"2025-01-03T14:29:54","guid":{"rendered":"https:\/\/brandss.com.py\/index\/?post_type=product&#038;p=65086"},"modified":"2025-01-03T14:30:50","modified_gmt":"2025-01-03T14:30:50","slug":"calzado-deportivo-masculino-hugo-boss-ttnm-evo-runn-mxmn","status":"publish","type":"product","link":"https:\/\/brandss.com.py\/index\/producto\/calzado-deportivo-masculino-hugo-boss-ttnm-evo-runn-mxmn\/","title":{"rendered":"CALZADO DEPORTIVO MASCULINO HUGO BOSS TTNM EVO RUNN MXMN"},"content":{"rendered":"<p><img loading=\"lazy\" decoding=\"async\" class=\"\" src=\"https:\/\/vintageclothingguides.com\/ezoimgfmt\/i0.wp.com\/vintageclothingguides.com\/wp-content\/uploads\/2024\/05\/1924-to-2021-hugo-boss-logo.png?resize=500%2C281&amp;ssl=1&amp;ezimgfmt=rs:346x195\/rscb2\" alt=\"C\u00f3mo saber si Hugo Boss es vintage | Gu\u00edas de Ropa Vintage\" width=\"89\" height=\"50\" \/><\/p>\n<h1>TTNM EVO RUNN MXMN<\/h1>\n<p><strong><span>Calzados de tenis Ttnm Evo Runn Mxmn para hombre, Boss.<\/span><\/strong><br \/>\n<span>Los <\/span><span><strong>calzados marrones<\/strong>\u00a0est\u00e1n hechas de\u00a0<strong>cuero<\/strong> . La pieza tiene puntera redondeada, parte superior baja acolchada, forro en material textil negro, cortes abiertos, detalle de escritura en relieve con colores contrastantes en el costado, leng\u00fceta y corte trasero que extiende los lados en gamuza gris, cortes grises en los costados, espalda y leng\u00fceta con detalle del nombre de la marca, recorte en la espalda y leng\u00fceta en lona marr\u00f3n, detalle de l\u00ednea en colores contrastantes en la espalda, Mediasuela blanca con cenefas y detalle del nombre de la marca en bajorrelieve en el lateral, suela de goma marr\u00f3n y cierre de cordones superior. Unas deportivas BOSS caracter\u00edsticas, confeccionadas en una mezcla de ante suave y malla con monogramas.<\/span><\/p>\n<p><span>\u00a0<strong>Especificaciones y cuidado:<\/strong>\u00a0<\/span><\/p>\n<p>Corte: 100% Poliester.<\/p>\n<p>Forro: 100% Poliester, 85% Poliester, 15% Poliuretano.<\/p>\n<p>Suela: 70% etileno vinil acetato, 30% Goma.<\/p>\n<p>Adorno: 100% termopl\u00e1stico poliuretano, 100% Piel de vacuno, 64% Cuero regenerado, 36% Poliuretano.<\/p>\n<p>Plantilla: 100% Poliester.<\/p>\n<p><span>Color: Medium Beige.<\/span><\/p>\n<p>Modelo: 50513016<\/p>\n","protected":false},"excerpt":{"rendered":"<p>TTNM EVO RUNN MXMN Calzados de tenis Ttnm Evo Runn Mxmn para hombre, Boss. Los calzados marrones\u00a0est\u00e1n hechas de\u00a0cuero .<\/p>\n","protected":false},"featured_media":65087,"comment_status":"open","ping_status":"closed","template":"","meta":{"nf_dc_page":""},"product_brand":[],"product_cat":[76],"product_tag":[],"class_list":{"0":"post-65086","1":"product","2":"type-product","3":"status-publish","4":"has-post-thumbnail","6":"product_cat-masculino","8":"first","9":"instock","10":"shipping-taxable","11":"purchasable","12":"product-type-simple"},"_links":{"self":[{"href":"https:\/\/brandss.com.py\/index\/wp-json\/wp\/v2\/product\/65086","targetHints":{"allow":["GET"]}}],"collection":[{"href":"https:\/\/brandss.com.py\/index\/wp-json\/wp\/v2\/product"}],"about":[{"href":"https:\/\/brandss.com.py\/index\/wp-json\/wp\/v2\/types\/product"}],"replies":[{"embeddable":true,"href":"https:\/\/brandss.com.py\/index\/wp-json\/wp\/v2\/comments?post=65086"}],"version-history":[{"count":1,"href":"https:\/\/brandss.com.py\/index\/wp-json\/wp\/v2\/product\/65086\/revisions"}],"predecessor-version":[{"id":65098,"href":"https:\/\/brandss.com.py\/index\/wp-json\/wp\/v2\/product\/65086\/revisions\/65098"}],"wp:featuredmedia":[{"embeddable":true,"href":"https:\/\/brandss.com.py\/index\/wp-json\/wp\/v2\/media\/65087"}],"wp:attachment":[{"href":"https:\/\/brandss.com.py\/index\/wp-json\/wp\/v2\/media?parent=65086"}],"wp:term":[{"taxonomy":"product_brand","embeddable":true,"href":"https:\/\/brandss.com.py\/index\/wp-json\/wp\/v2\/product_brand?post=65086"},{"taxonomy":"product_cat","embeddable":true,"href":"https:\/\/brandss.com.py\/index\/wp-json\/wp\/v2\/product_cat?post=65086"},{"taxonomy":"product_tag","embeddable":true,"href":"https:\/\/brandss.com.py\/index\/wp-json\/wp\/v2\/product_tag?post=65086"}],"curies":[{"name":"wp","href":"https:\/\/api.w.org\/{rel}","templated":true}]}}