{"id":65099,"date":"2025-01-03T16:49:59","date_gmt":"2025-01-03T16:49:59","guid":{"rendered":"https:\/\/brandss.com.py\/index\/?post_type=product&#038;p=65099"},"modified":"2025-01-03T16:51:17","modified_gmt":"2025-01-03T16:51:17","slug":"calzado-deportivo-masculino-polo-ralph-lauren-handford","status":"publish","type":"product","link":"https:\/\/brandss.com.py\/index\/producto\/calzado-deportivo-masculino-polo-ralph-lauren-handford\/","title":{"rendered":"CALZADO DEPORTIVO MASCULINO POLO RALPH LAUREN HANDFORD"},"content":{"rendered":"<p><img loading=\"lazy\" decoding=\"async\" class=\"\" src=\"https:\/\/encrypted-tbn0.gstatic.com\/images?q=tbn:ANd9GcRx_uIGqbY6uoBBvwpMnzzYF79upkv1wEAQZw&amp;s\" alt=\"Ralph Lauren Logo PNG Vectors Free Download\" width=\"117\" height=\"34\" \/><\/p>\n<h1>HANDFORD<\/h1>\n<p><span>El estilo deportivo de\u00a0<\/span>Polo Ralph Lauren<span>\u00a0se diferencia del de otras marcas. Sus colecciones emblem\u00e1ticas te llevan de viaje a la campi\u00f1a americana e incluyen piezas para hombre y mujer con un car\u00e1cter elegante pero a la vez aventurero. Los tonos tierra son ideales sobre materiales b\u00e1sicos como el denim y la sudadera y crean un estilo campestre con influencias boho y de otro tipo.<\/span><\/p>\n<p>Los zapatos c\u00f3modos de Polo Ralph Lauren Hanford son la elecci\u00f3n perfecta para cualquier atuendo diario. Estos zapatos agregar\u00e1n estilo a su armario. P\u00f3ntelos y sal a caminar, trabajar o explorar nuevos lugares. Estos calzados Ralph Lauren son elegantes y con estilo. Son un must have esta temporada. Comb\u00ednalos con jeans o joggers de ese estilo de dise\u00f1ador. Completo con el logotipo del jugador de polo bordado, caracter\u00edstico de Ralph Lauren.<\/p>\n<p>\u00a1T\u00fa decides!<\/p>\n<p>Elige los zapatos que m\u00e1s te sientan y deja que Brands te haga m\u00e1s feliz<\/p>\n<div class=\"short-description__content\">\n<h4>\u00a0M\u00e1s detalles<\/h4>\n<\/div>\n<ul>\n<li>Logotipo lateral de Ralph Lauren<\/li>\n<li>Suela trasera estampada de polo<\/li>\n<li>Leng\u00fceta bordada<\/li>\n<li>Frente de encaje<\/li>\n<li>Suelas laterales forradas con tranv\u00eda<\/li>\n<li>Elaborado en cuero<\/li>\n<li><span>Detalle: Logotipo \u201cPOLO\u201d en la parte trasera y en la leng\u00fceta<\/span><\/li>\n<li><span>Color: Negro<\/span><\/li>\n<li><span>Composici\u00f3n: 100% Cuero<\/span><\/li>\n<li><span>El atemporal pony de Polo Ralph Lauren en el lateral.<\/span><\/li>\n<\/ul>\n<ul>\n<li>Modelo: 816765046003<\/li>\n<\/ul>\n","protected":false},"excerpt":{"rendered":"<p>HANDFORD El estilo deportivo de\u00a0Polo Ralph Lauren\u00a0se diferencia del de otras marcas. Sus colecciones emblem\u00e1ticas te llevan de viaje a<\/p>\n","protected":false},"featured_media":65100,"comment_status":"open","ping_status":"closed","template":"","meta":{"nf_dc_page":""},"product_brand":[],"product_cat":[76],"product_tag":[],"class_list":{"0":"post-65099","1":"product","2":"type-product","3":"status-publish","4":"has-post-thumbnail","6":"product_cat-masculino","8":"first","9":"instock","10":"shipping-taxable","11":"purchasable","12":"product-type-simple"},"_links":{"self":[{"href":"https:\/\/brandss.com.py\/index\/wp-json\/wp\/v2\/product\/65099","targetHints":{"allow":["GET"]}}],"collection":[{"href":"https:\/\/brandss.com.py\/index\/wp-json\/wp\/v2\/product"}],"about":[{"href":"https:\/\/brandss.com.py\/index\/wp-json\/wp\/v2\/types\/product"}],"replies":[{"embeddable":true,"href":"https:\/\/brandss.com.py\/index\/wp-json\/wp\/v2\/comments?post=65099"}],"version-history":[{"count":1,"href":"https:\/\/brandss.com.py\/index\/wp-json\/wp\/v2\/product\/65099\/revisions"}],"predecessor-version":[{"id":65112,"href":"https:\/\/brandss.com.py\/index\/wp-json\/wp\/v2\/product\/65099\/revisions\/65112"}],"wp:featuredmedia":[{"embeddable":true,"href":"https:\/\/brandss.com.py\/index\/wp-json\/wp\/v2\/media\/65100"}],"wp:attachment":[{"href":"https:\/\/brandss.com.py\/index\/wp-json\/wp\/v2\/media?parent=65099"}],"wp:term":[{"taxonomy":"product_brand","embeddable":true,"href":"https:\/\/brandss.com.py\/index\/wp-json\/wp\/v2\/product_brand?post=65099"},{"taxonomy":"product_cat","embeddable":true,"href":"https:\/\/brandss.com.py\/index\/wp-json\/wp\/v2\/product_cat?post=65099"},{"taxonomy":"product_tag","embeddable":true,"href":"https:\/\/brandss.com.py\/index\/wp-json\/wp\/v2\/product_tag?post=65099"}],"curies":[{"name":"wp","href":"https:\/\/api.w.org\/{rel}","templated":true}]}}