{"id":65113,"date":"2025-01-03T17:24:12","date_gmt":"2025-01-03T17:24:12","guid":{"rendered":"https:\/\/brandss.com.py\/index\/?post_type=product&#038;p=65113"},"modified":"2025-06-13T13:10:36","modified_gmt":"2025-06-13T13:10:36","slug":"calzado-deportivo-masculino-adidas-forum-exhibit-low","status":"publish","type":"product","link":"https:\/\/brandss.com.py\/index\/producto\/calzado-deportivo-masculino-adidas-forum-exhibit-low\/","title":{"rendered":"CALZADO DEPORTIVO MASCULINO ADIDAS FORUM EXHIBIT LOW"},"content":{"rendered":"<p><img loading=\"lazy\" decoding=\"async\" class=\"\" src=\"https:\/\/encrypted-tbn0.gstatic.com\/images?q=tbn:ANd9GcSGLJC-hmcfN9t5pvZRmFrTBktTfr4lpdWKTA&amp;s\" alt=\"Archivo:Adidas Logo.svg - Wikipedia, la enciclopedia libre\" width=\"73\" height=\"49\" \/><\/p>\n<h1>FORUM EXHIBIT LOW<\/h1>\n<h3 class=\"subtitle___9ljbp\"><span>Calzados cl\u00e1sicos con energ\u00eda renovada.<\/span><\/h3>\n<p class=\"gl-vspace\"><span>No rompes las reglas, las creas. Cuando te atreves a salirte de lo establecido, estos calzados adidas acent\u00faan cada paso con la misma audacia. Esta versi\u00f3n actualizada de una silueta cl\u00e1sica se mantiene fiel a su herencia y, al mismo tiempo, aporta una nueva actitud a tu estilo. Este producto est\u00e1 elaborado con contenido reciclado como parte de nuestra ambici\u00f3n de acabar con los residuos pl\u00e1sticos. El 20 % de las piezas utilizadas para fabricar la parte superior est\u00e1n hechas con un m\u00ednimo del 50 % de contenido reciclado.<\/span><\/p>\n<div class=\"highlight___3fa4r\">\n<div class=\"highlight-text___lgoJI\">\n<h4 class=\"highlight-text__headline___25B2G\"><span>JINETE BAJO<\/span><\/h4>\n<p><span>Todos los elementos cl\u00e1sicos del FORUM en una silueta baja.<\/span><\/p>\n<\/div>\n<\/div>\n<div class=\"highlight___3fa4r\">\n<div class=\"highlight-text___lgoJI\">\n<h4 class=\"highlight-text__headline___25B2G\"><span>Vu\u00e9lvete atrevido<\/span><\/h4>\n<p><span>Dise\u00f1ado con un nuevo tono atrevido.<\/span><\/p>\n<\/div>\n<\/div>\n<div class=\"highlight___3fa4r\">\n<div class=\"highlight-text___lgoJI\">\n<h4 class=\"highlight-text__headline___25B2G\">CLASICO CERTIFICADO<\/h4>\n<p>Reintroducimos el calzado que ayud\u00f3 a dar forma a la cultura del baloncesto en la d\u00e9cada de 1980.<\/p>\n<div class=\"accordion__header-text___2o9Im\">\n<h2 class=\"accordion-title___2sTgR\"><span>Detalles<\/span><\/h2>\n<\/div>\n<div class=\"accordion__content___29x9h\">\n<div class=\"content-padding___2kVWQ\">\n<div class=\"bullets___3bsSs\" data-auto-id=\"specifications-section\">\n<ul class=\"gl-list\">\n<li class=\"gl-vspace-bpall-small\"><span>Cierre de encaje<\/span><\/li>\n<li class=\"gl-vspace-bpall-small\"><span>Parte superior de cuero<\/span><\/li>\n<li class=\"gl-vspace-bpall-small\"><span>Anillos en D<\/span><\/li>\n<li class=\"gl-vspace-bpall-small\"><span>Suela de goma<\/span><\/li>\n<li class=\"gl-vspace-bpall-small\"><span>El producto contiene piel de cerdo.<\/span><\/li>\n<li class=\"gl-vspace-bpall-small\"><span>Color: Blanco roto \/ Negro n\u00facleo \/ Blanco crema<\/span><\/li>\n<li class=\"gl-vspace-bpall-small\"><span>Modelo: H01914<\/span><\/li>\n<\/ul>\n<\/div>\n<\/div>\n<\/div>\n<\/div>\n<\/div>\n","protected":false},"excerpt":{"rendered":"<p>FORUM EXHIBIT LOW Calzados cl\u00e1sicos con energ\u00eda renovada. No rompes las reglas, las creas. Cuando te atreves a salirte de<\/p>\n","protected":false},"featured_media":65114,"comment_status":"open","ping_status":"closed","template":"","meta":{"nf_dc_page":""},"product_brand":[],"product_cat":[76],"product_tag":[],"class_list":{"0":"post-65113","1":"product","2":"type-product","3":"status-publish","4":"has-post-thumbnail","6":"product_cat-masculino","8":"first","9":"instock","10":"shipping-taxable","11":"purchasable","12":"product-type-simple"},"_links":{"self":[{"href":"https:\/\/brandss.com.py\/index\/wp-json\/wp\/v2\/product\/65113","targetHints":{"allow":["GET"]}}],"collection":[{"href":"https:\/\/brandss.com.py\/index\/wp-json\/wp\/v2\/product"}],"about":[{"href":"https:\/\/brandss.com.py\/index\/wp-json\/wp\/v2\/types\/product"}],"replies":[{"embeddable":true,"href":"https:\/\/brandss.com.py\/index\/wp-json\/wp\/v2\/comments?post=65113"}],"version-history":[{"count":2,"href":"https:\/\/brandss.com.py\/index\/wp-json\/wp\/v2\/product\/65113\/revisions"}],"predecessor-version":[{"id":65124,"href":"https:\/\/brandss.com.py\/index\/wp-json\/wp\/v2\/product\/65113\/revisions\/65124"}],"wp:featuredmedia":[{"embeddable":true,"href":"https:\/\/brandss.com.py\/index\/wp-json\/wp\/v2\/media\/65114"}],"wp:attachment":[{"href":"https:\/\/brandss.com.py\/index\/wp-json\/wp\/v2\/media?parent=65113"}],"wp:term":[{"taxonomy":"product_brand","embeddable":true,"href":"https:\/\/brandss.com.py\/index\/wp-json\/wp\/v2\/product_brand?post=65113"},{"taxonomy":"product_cat","embeddable":true,"href":"https:\/\/brandss.com.py\/index\/wp-json\/wp\/v2\/product_cat?post=65113"},{"taxonomy":"product_tag","embeddable":true,"href":"https:\/\/brandss.com.py\/index\/wp-json\/wp\/v2\/product_tag?post=65113"}],"curies":[{"name":"wp","href":"https:\/\/api.w.org\/{rel}","templated":true}]}}