{"id":65125,"date":"2025-01-03T18:49:56","date_gmt":"2025-01-03T18:49:56","guid":{"rendered":"https:\/\/brandss.com.py\/index\/?post_type=product&#038;p=65125"},"modified":"2025-01-03T18:50:44","modified_gmt":"2025-01-03T18:50:44","slug":"vaso-termico-stanley-the-flowstate-quencher-h2-0-tumbler-40-oz-edicion-san-valentin","status":"publish","type":"product","link":"https:\/\/brandss.com.py\/index\/producto\/vaso-termico-stanley-the-flowstate-quencher-h2-0-tumbler-40-oz-edicion-san-valentin\/","title":{"rendered":"VASO T\u00c9RMICO STANLEY THE FLOWSTATE\u2122 QUENCHER H2.0 TUMBLER 40 OZ EDICI\u00d3N SAN VALENT\u00cdN"},"content":{"rendered":"<p><img loading=\"lazy\" decoding=\"async\" class=\"\" src=\"https:\/\/brandlogos.net\/wp-content\/uploads\/2021\/12\/stanley_bottle-brandlogo.net_-512x512.png\" alt=\"Download Stanley bottle logo in vector (.SVG + .PDF + .CDR) for free\" width=\"77\" height=\"77\" \/><\/p>\n<h1>THE FLOWSTATE\u2122 QUENCHER H2.0 TUMBLER<\/h1>\n<div>\n<p>Fabricado con un 90 % de acero inoxidable reciclado para beber de forma sostenible, el vaso Stanley Quencher H2.0 FlowState\u2122 de 1,2 l te ayuda a alcanzar tus objetivos de hidrataci\u00f3n con menos recargas. Ya sea que trabajes, hagas ejercicio o viajes por carretera, querr\u00e1s tener siempre a tu lado este vaso Stanley. Gracias al aislamiento al vac\u00edo de Stanley, el agua se mantendr\u00e1 fr\u00eda durante 11 horas y 2 d\u00edas si est\u00e1 helada. La tapa avanzada FlowState\u2122 cuenta con una cubierta giratoria con tres posiciones: una abertura para pajita dise\u00f1ada para resistir salpicaduras mientras mantiene la pajita reutilizable en su lugar, una abertura para beber y una parte superior que cubre todo el vaso. El asa ergon\u00f3mica incluye insertos de agarre c\u00f3modo para transportarla f\u00e1cilmente y la base estrecha se adapta a casi cualquier portavasos de coche. Por \u00faltimo, todas las piezas de esta botella de agua de acero inoxidable son aptas para lavavajillas. No te pierdas el art\u00edculo de hidrataci\u00f3n imprescindible que nunca supiste que necesitabas.<\/p>\n<\/div>\n<ul class=\"c-details__list\">\n<li style=\"list-style-type: none\">\n<ul class=\"c-details__list\">\n<li><span>90% acero inoxidable 18\/8 reciclado, libre de BPA<\/span><\/li>\n<li><span>Aislamiento al vac\u00edo de doble pared<\/span><\/li>\n<li><span>Acabado con pintura en polvo<\/span><\/li>\n<li><span>Tapa de rosca de 3 posiciones FlowState\u2122 con cubierta giratoria para mayor versatilidad<\/span><\/li>\n<li><span>Pajita reutilizable<\/span><\/li>\n<li><span>Mango de agarre c\u00f3modo<\/span><\/li>\n<li><span>Portavasos para coche compatible<\/span><\/li>\n<li><span>Apto para lavavajillas; la tapa se desmonta para una limpieza profunda<\/span><\/li>\n<\/ul>\n<\/li>\n<\/ul>\n<div><\/div>\n<div class=\"c-details__specs\">\n<div class=\"c-details__spec\">\n<div class=\"c-details__label\"><span>Peso:<\/span><\/div>\n<div class=\"u-fontMedium\"><span>650 gramos<\/span><\/div>\n<\/div>\n<div class=\"c-details__spec\">\n<div class=\"c-details__label\"><span>Dimensiones:<\/span><\/div>\n<div class=\"u-fontMedium\"><span>100 x 148 x 318 mm<\/span><\/div>\n<\/div>\n<\/div>\n","protected":false},"excerpt":{"rendered":"<p>THE FLOWSTATE\u2122 QUENCHER H2.0 TUMBLER Fabricado con un 90 % de acero inoxidable reciclado para beber de forma sostenible, el<\/p>\n","protected":false},"featured_media":65126,"comment_status":"open","ping_status":"closed","template":"","meta":{"nf_dc_page":""},"product_brand":[],"product_cat":[83],"product_tag":[],"class_list":{"0":"post-65125","1":"product","2":"type-product","3":"status-publish","4":"has-post-thumbnail","6":"product_cat-hogar","8":"first","9":"instock","10":"shipping-taxable","11":"purchasable","12":"product-type-simple"},"_links":{"self":[{"href":"https:\/\/brandss.com.py\/index\/wp-json\/wp\/v2\/product\/65125","targetHints":{"allow":["GET"]}}],"collection":[{"href":"https:\/\/brandss.com.py\/index\/wp-json\/wp\/v2\/product"}],"about":[{"href":"https:\/\/brandss.com.py\/index\/wp-json\/wp\/v2\/types\/product"}],"replies":[{"embeddable":true,"href":"https:\/\/brandss.com.py\/index\/wp-json\/wp\/v2\/comments?post=65125"}],"version-history":[{"count":1,"href":"https:\/\/brandss.com.py\/index\/wp-json\/wp\/v2\/product\/65125\/revisions"}],"predecessor-version":[{"id":65134,"href":"https:\/\/brandss.com.py\/index\/wp-json\/wp\/v2\/product\/65125\/revisions\/65134"}],"wp:featuredmedia":[{"embeddable":true,"href":"https:\/\/brandss.com.py\/index\/wp-json\/wp\/v2\/media\/65126"}],"wp:attachment":[{"href":"https:\/\/brandss.com.py\/index\/wp-json\/wp\/v2\/media?parent=65125"}],"wp:term":[{"taxonomy":"product_brand","embeddable":true,"href":"https:\/\/brandss.com.py\/index\/wp-json\/wp\/v2\/product_brand?post=65125"},{"taxonomy":"product_cat","embeddable":true,"href":"https:\/\/brandss.com.py\/index\/wp-json\/wp\/v2\/product_cat?post=65125"},{"taxonomy":"product_tag","embeddable":true,"href":"https:\/\/brandss.com.py\/index\/wp-json\/wp\/v2\/product_tag?post=65125"}],"curies":[{"name":"wp","href":"https:\/\/api.w.org\/{rel}","templated":true}]}}