{"id":65143,"date":"2025-01-04T11:03:15","date_gmt":"2025-01-04T11:03:15","guid":{"rendered":"https:\/\/brandss.com.py\/index\/?post_type=product&#038;p=65143"},"modified":"2025-01-04T11:06:35","modified_gmt":"2025-01-04T11:06:35","slug":"vaso-termico-stanley-the-flowstate-quencher-h2-0-tumbler-40-oz-warm-serene","status":"publish","type":"product","link":"https:\/\/brandss.com.py\/index\/producto\/vaso-termico-stanley-the-flowstate-quencher-h2-0-tumbler-40-oz-warm-serene\/","title":{"rendered":"VASO T\u00c9RMICO STANLEY THE FLOWSTATE\u2122 QUENCHER H2.0 TUMBLER 40 OZ WARM SERENE"},"content":{"rendered":"<p><img loading=\"lazy\" decoding=\"async\" class=\"\" src=\"https:\/\/brandlogos.net\/wp-content\/uploads\/2021\/12\/stanley_bottle-brandlogo.net_-512x512.png\" alt=\"Download Stanley bottle logo in vector (.SVG + .PDF + .CDR) for free\" width=\"77\" height=\"77\" \/><\/p>\n<h1>THE FLOWSTATE\u2122 QUENCHER H2.0 TUMBLER<\/h1>\n<p>Fabricado en acero inoxidable reciclado para beber de manera sostenible, nuestro vaso Quencher H2.0 de 40 oz ofrece una hidrataci\u00f3n m\u00e1xima con menos recargas. En los desplazamientos diarios, en los entrenamientos en el estudio, en las excursiones de un d\u00eda o en el porche de tu casa, querr\u00e1s tener este vaso Stanley a tu lado. Gracias al aislamiento al vac\u00edo de Stanley, el agua se mantendr\u00e1 helada hora tras hora. La tapa avanzada FlowState\u2122 cuenta con una cubierta giratoria con tres posiciones: una abertura para pajita dise\u00f1ada para resistir salpicaduras mientras mantiene la pajita reutilizable en su lugar, una abertura para beber y una parte superior que cubre todo. El asa ergon\u00f3mica incluye insertos de agarre c\u00f3modo para transportarla f\u00e1cilmente, y la base estrecha se adapta a casi cualquier portavasos de coche.<\/p>\n<div class=\"spec-details-item\">\n<h3><span>Especificaciones<\/span><\/h3>\n<p><span>Peso: 654g<\/span><\/p>\n<p><span>Dimensiones: 150L x 98W x 300H mm<\/span><\/p>\n<\/div>\n<div class=\"spec-details-item\">\n<h3><span>Detalles<\/span><\/h3>\n<ul>\n<li><span>90% acero inoxidable 18\/8 reciclado, libre de BPA<\/span><\/li>\n<li><span>El icono de acero inoxidable reciclado en el interior del vaso indica que su Quencher est\u00e1 fabricado con materiales sostenibles.<\/span><\/li>\n<li><span>Aislamiento al vac\u00edo de doble pared<\/span><\/li>\n<li><span>Acabado con pintura en polvo<\/span><\/li>\n<li><span>Tapa de rosca de 3 posiciones FlowState\u2122<\/span><\/li>\n<li><span>Pajita reutilizable<\/span><\/li>\n<li><span>Mango de agarre c\u00f3modo<\/span><\/li>\n<li><span>Compatible con portavasos para autom\u00f3vil (di\u00e1metro de la base: 3,1 pulgadas)<\/span><\/li>\n<li><span>Apto para lavavajillas<\/span><\/li>\n<\/ul>\n<\/div>\n","protected":false},"excerpt":{"rendered":"<p>THE FLOWSTATE\u2122 QUENCHER H2.0 TUMBLER Fabricado en acero inoxidable reciclado para beber de manera sostenible, nuestro vaso Quencher H2.0 de<\/p>\n","protected":false},"featured_media":65144,"comment_status":"open","ping_status":"closed","template":"","meta":{"nf_dc_page":""},"product_brand":[],"product_cat":[83],"product_tag":[],"class_list":{"0":"post-65143","1":"product","2":"type-product","3":"status-publish","4":"has-post-thumbnail","6":"product_cat-hogar","8":"first","9":"instock","10":"shipping-taxable","11":"purchasable","12":"product-type-simple"},"_links":{"self":[{"href":"https:\/\/brandss.com.py\/index\/wp-json\/wp\/v2\/product\/65143","targetHints":{"allow":["GET"]}}],"collection":[{"href":"https:\/\/brandss.com.py\/index\/wp-json\/wp\/v2\/product"}],"about":[{"href":"https:\/\/brandss.com.py\/index\/wp-json\/wp\/v2\/types\/product"}],"replies":[{"embeddable":true,"href":"https:\/\/brandss.com.py\/index\/wp-json\/wp\/v2\/comments?post=65143"}],"version-history":[{"count":2,"href":"https:\/\/brandss.com.py\/index\/wp-json\/wp\/v2\/product\/65143\/revisions"}],"predecessor-version":[{"id":65150,"href":"https:\/\/brandss.com.py\/index\/wp-json\/wp\/v2\/product\/65143\/revisions\/65150"}],"wp:featuredmedia":[{"embeddable":true,"href":"https:\/\/brandss.com.py\/index\/wp-json\/wp\/v2\/media\/65144"}],"wp:attachment":[{"href":"https:\/\/brandss.com.py\/index\/wp-json\/wp\/v2\/media?parent=65143"}],"wp:term":[{"taxonomy":"product_brand","embeddable":true,"href":"https:\/\/brandss.com.py\/index\/wp-json\/wp\/v2\/product_brand?post=65143"},{"taxonomy":"product_cat","embeddable":true,"href":"https:\/\/brandss.com.py\/index\/wp-json\/wp\/v2\/product_cat?post=65143"},{"taxonomy":"product_tag","embeddable":true,"href":"https:\/\/brandss.com.py\/index\/wp-json\/wp\/v2\/product_tag?post=65143"}],"curies":[{"name":"wp","href":"https:\/\/api.w.org\/{rel}","templated":true}]}}