{"id":65162,"date":"2025-01-04T12:45:44","date_gmt":"2025-01-04T12:45:44","guid":{"rendered":"https:\/\/brandss.com.py\/index\/?post_type=product&#038;p=65162"},"modified":"2025-01-04T12:46:40","modified_gmt":"2025-01-04T12:46:40","slug":"vaso-termico-stanley-iceflow-con-pajita-abatible-30-oz-purple","status":"publish","type":"product","link":"https:\/\/brandss.com.py\/index\/producto\/vaso-termico-stanley-iceflow-con-pajita-abatible-30-oz-purple\/","title":{"rendered":"VASO T\u00c9RMICO STANLEY ICEFLOW CON PAJITA ABATIBLE 30 OZ PURPLE"},"content":{"rendered":"<p><img loading=\"lazy\" decoding=\"async\" class=\"\" src=\"https:\/\/brandlogos.net\/wp-content\/uploads\/2021\/12\/stanley_bottle-brandlogo.net_-512x512.png\" alt=\"Download Stanley bottle logo in vector (.SVG + .PDF + .CDR) for free\" width=\"91\" height=\"91\" \/><\/p>\n<h1>ICEFLOW<\/h1>\n<p><span>Estos vasos llamativos y coloridos est\u00e1n dise\u00f1ados para mantenerte hidratado con un estilo totalmente funcional. Ideales para viajes en coche o para hacer ejercicio en casa, tienen una pajita incorporada para beber de forma f\u00e1cil y sin esfuerzo. Ci\u00e9rralos y el aislamiento al vac\u00edo de doble pared mantendr\u00e1 tu bebida totalmente a prueba de fugas y extra fr\u00eda durante horas. Se adapta c\u00f3modamente al portavasos de tu veh\u00edculo (\u00a1tambi\u00e9n en cintas de correr y bicicletas de spinning!) y el asa plegable te permite agarrarlos y llevarlos contigo r\u00e1pidamente.<\/span><\/p>\n<p><span>Para ayudarle a vivir un estilo de vida sustentable, el vaso IceFlow est\u00e1 fabricado en parte con pl\u00e1sticos reciclados provenientes de redes de pesca desechadas, lo que evita que nuestras aguas tengan desechos pl\u00e1sticos.<\/span><\/p>\n<div class=\"spec-details-item\">\n<h3><span>Especificaciones<\/span><\/h3>\n<p><span>Peso: 587 g<\/span><\/p>\n<p><span>Dimensiones: 101L x 104W x 248H mm<\/span><\/p>\n<\/div>\n<div class=\"spec-details-item\">\n<h3><span>Detalles<\/span><\/h3>\n<ul>\n<li><span>Colecci\u00f3n Ice Flow<\/span><\/li>\n<li><span>Acero inoxidable 18\/8, libre de BPA<\/span><\/li>\n<li><span>Aislamiento al vac\u00edo de doble pared<\/span><\/li>\n<li><span>Asa f\u00e1cil de transportar<\/span><\/li>\n<li><span>Gancho para valla incorporado<\/span><\/li>\n<li><span>Apto para lavavajillas<\/span><\/li>\n<\/ul>\n<\/div>\n","protected":false},"excerpt":{"rendered":"<p>ICEFLOW Estos vasos llamativos y coloridos est\u00e1n dise\u00f1ados para mantenerte hidratado con un estilo totalmente funcional. Ideales para viajes en<\/p>\n","protected":false},"featured_media":65163,"comment_status":"open","ping_status":"closed","template":"","meta":{"nf_dc_page":""},"product_brand":[],"product_cat":[83],"product_tag":[],"class_list":{"0":"post-65162","1":"product","2":"type-product","3":"status-publish","4":"has-post-thumbnail","6":"product_cat-hogar","8":"first","9":"instock","10":"shipping-taxable","11":"purchasable","12":"product-type-simple"},"_links":{"self":[{"href":"https:\/\/brandss.com.py\/index\/wp-json\/wp\/v2\/product\/65162","targetHints":{"allow":["GET"]}}],"collection":[{"href":"https:\/\/brandss.com.py\/index\/wp-json\/wp\/v2\/product"}],"about":[{"href":"https:\/\/brandss.com.py\/index\/wp-json\/wp\/v2\/types\/product"}],"replies":[{"embeddable":true,"href":"https:\/\/brandss.com.py\/index\/wp-json\/wp\/v2\/comments?post=65162"}],"version-history":[{"count":1,"href":"https:\/\/brandss.com.py\/index\/wp-json\/wp\/v2\/product\/65162\/revisions"}],"predecessor-version":[{"id":65168,"href":"https:\/\/brandss.com.py\/index\/wp-json\/wp\/v2\/product\/65162\/revisions\/65168"}],"wp:featuredmedia":[{"embeddable":true,"href":"https:\/\/brandss.com.py\/index\/wp-json\/wp\/v2\/media\/65163"}],"wp:attachment":[{"href":"https:\/\/brandss.com.py\/index\/wp-json\/wp\/v2\/media?parent=65162"}],"wp:term":[{"taxonomy":"product_brand","embeddable":true,"href":"https:\/\/brandss.com.py\/index\/wp-json\/wp\/v2\/product_brand?post=65162"},{"taxonomy":"product_cat","embeddable":true,"href":"https:\/\/brandss.com.py\/index\/wp-json\/wp\/v2\/product_cat?post=65162"},{"taxonomy":"product_tag","embeddable":true,"href":"https:\/\/brandss.com.py\/index\/wp-json\/wp\/v2\/product_tag?post=65162"}],"curies":[{"name":"wp","href":"https:\/\/api.w.org\/{rel}","templated":true}]}}