{"id":65176,"date":"2025-01-04T14:21:45","date_gmt":"2025-01-04T14:21:45","guid":{"rendered":"https:\/\/brandss.com.py\/index\/?post_type=product&#038;p=65176"},"modified":"2025-12-11T13:50:30","modified_gmt":"2025-12-11T13:50:30","slug":"bruma-corporal-femenino-c-secret-the-1001-senses-edp-250ml","status":"publish","type":"product","link":"https:\/\/brandss.com.py\/index\/producto\/bruma-corporal-femenino-c-secret-the-1001-senses-edp-250ml\/","title":{"rendered":"BRUMA CORPORAL FEMENINO C SECRET THE 1001 SENSES EDP 250ML"},"content":{"rendered":"<h1>C SECRET<\/h1>\n<p>Un <strong>body mist EDP (Eau de Parfum)<\/strong> de <strong>250 ml<\/strong> es una fragancia en formato ligero, dise\u00f1ada para ser aplicada generosamente sobre el cuerpo. Aunque tiene una concentraci\u00f3n menor de aceites esenciales que un perfume puro, es m\u00e1s concentrado que un body splash, ofreciendo una duraci\u00f3n moderada y una sensaci\u00f3n refrescante.<\/p>\n<h3>Caracter\u00edsticas comunes:<\/h3>\n<ol>\n<li><strong>Tama\u00f1o:<\/strong> Su presentaci\u00f3n de 250 ml es ideal para el uso diario, ya que ofrece una cantidad considerable y puede durar bastante tiempo.<\/li>\n<li><strong>Aroma:<\/strong> Su fragancia suele ser fresca, ligera y vers\u00e1til, adapt\u00e1ndose tanto para el d\u00eda como para la noche.<\/li>\n<li><strong>Frescura:<\/strong> Dise\u00f1ado para aportar una sensaci\u00f3n revitalizante al aplicarlo, especialmente tras la ducha.<\/li>\n<li><strong>Duraci\u00f3n:<\/strong> Por ser EDP, su duraci\u00f3n en la piel es mayor que la de un body mist regular, sin llegar a ser tan intensa como un perfume tradicional.<\/li>\n<li><strong>Pr\u00e1ctico:<\/strong> Su presentaci\u00f3n en spray facilita la aplicaci\u00f3n y permite cubrir grandes \u00e1reas del cuerpo con facilidad.<\/li>\n<\/ol>\n","protected":false},"excerpt":{"rendered":"<p>C SECRET Un body mist EDP (Eau de Parfum) de 250 ml es una fragancia en formato ligero, dise\u00f1ada para<\/p>\n","protected":false},"featured_media":65177,"comment_status":"open","ping_status":"closed","template":"","meta":{"nf_dc_page":""},"product_brand":[1866],"product_cat":[84],"product_tag":[1869],"class_list":{"0":"post-65176","1":"product","2":"type-product","3":"status-publish","4":"has-post-thumbnail","6":"product_brand-c-secret","7":"product_cat-perfumeria","8":"product_tag-1869","10":"first","11":"instock","12":"shipping-taxable","13":"purchasable","14":"product-type-simple"},"_links":{"self":[{"href":"https:\/\/brandss.com.py\/index\/wp-json\/wp\/v2\/product\/65176","targetHints":{"allow":["GET"]}}],"collection":[{"href":"https:\/\/brandss.com.py\/index\/wp-json\/wp\/v2\/product"}],"about":[{"href":"https:\/\/brandss.com.py\/index\/wp-json\/wp\/v2\/types\/product"}],"replies":[{"embeddable":true,"href":"https:\/\/brandss.com.py\/index\/wp-json\/wp\/v2\/comments?post=65176"}],"version-history":[{"count":1,"href":"https:\/\/brandss.com.py\/index\/wp-json\/wp\/v2\/product\/65176\/revisions"}],"predecessor-version":[{"id":65178,"href":"https:\/\/brandss.com.py\/index\/wp-json\/wp\/v2\/product\/65176\/revisions\/65178"}],"wp:featuredmedia":[{"embeddable":true,"href":"https:\/\/brandss.com.py\/index\/wp-json\/wp\/v2\/media\/65177"}],"wp:attachment":[{"href":"https:\/\/brandss.com.py\/index\/wp-json\/wp\/v2\/media?parent=65176"}],"wp:term":[{"taxonomy":"product_brand","embeddable":true,"href":"https:\/\/brandss.com.py\/index\/wp-json\/wp\/v2\/product_brand?post=65176"},{"taxonomy":"product_cat","embeddable":true,"href":"https:\/\/brandss.com.py\/index\/wp-json\/wp\/v2\/product_cat?post=65176"},{"taxonomy":"product_tag","embeddable":true,"href":"https:\/\/brandss.com.py\/index\/wp-json\/wp\/v2\/product_tag?post=65176"}],"curies":[{"name":"wp","href":"https:\/\/api.w.org\/{rel}","templated":true}]}}