{"id":65187,"date":"2025-01-04T16:41:04","date_gmt":"2025-01-04T16:41:04","guid":{"rendered":"https:\/\/brandss.com.py\/index\/?post_type=product&#038;p=65187"},"modified":"2025-12-11T13:51:55","modified_gmt":"2025-12-11T13:51:55","slug":"perfume-femenino-c-secret-whispering-flames-purple-edp-100ml","status":"publish","type":"product","link":"https:\/\/brandss.com.py\/index\/producto\/perfume-femenino-c-secret-whispering-flames-purple-edp-100ml\/","title":{"rendered":"PERFUME FEMENINO C SECRET WHISPERING FLAMES PURPLE EDP 100ML"},"content":{"rendered":"<div class=\"flex-shrink-0 flex flex-col relative items-end\">\n<div>\n<div class=\"pt-0\">\n<div class=\"gizmo-bot-avatar flex h-8 w-8 items-center justify-center overflow-hidden rounded-full\">\n<div class=\"relative p-1 rounded-sm flex items-center justify-center bg-token-main-surface-primary text-token-text-primary h-8 w-8\"><\/div>\n<\/div>\n<\/div>\n<\/div>\n<\/div>\n<div class=\"group\/conversation-turn relative flex w-full min-w-0 flex-col agent-turn\">\n<div class=\"flex-col gap-1 md:gap-3\">\n<div class=\"flex max-w-full flex-col flex-grow\">\n<div class=\"min-h-8 text-message flex w-full flex-col items-end gap-2 whitespace-normal break-words text-start [.text-message+&amp;]:mt-5\" dir=\"auto\" data-message-author-role=\"assistant\" data-message-id=\"33351215-daef-4196-998c-824058d3f033\" data-message-model-slug=\"gpt-4o\">\n<div class=\"flex w-full flex-col gap-1 empty:hidden first:pt-[3px]\">\n<div class=\"markdown prose w-full break-words dark:prose-invert light\">\n<p><span>El perfume <\/span><strong><span>Wishpering Flames EDP Purple<\/span><\/strong><span> de 100 ml es una fragancia que irradia sofisticaci\u00f3n y magnetismo, encapsulada en un elegante frasco p\u00farpura que evoca misterio y lujo. Dise\u00f1ado para quienes buscan dejar una huella inolvidable, este Eau de Parfum combina notas intrigantes y apasionadas.<\/span><\/p>\n<h3><span>Descripci\u00f3n olfativa:<\/span><\/h3>\n<ul>\n<li><strong><span>Notas de salida<\/span><\/strong><span> : Una fusi\u00f3n chispeante de frutos rojos como la ciruela oscura y la grosella negra, complementada con un toque c\u00edtrico que aporta frescura inicial.<\/span><\/li>\n<li><strong><span>Notas de coraz\u00f3n<\/span><\/strong><span> : Un n\u00facleo floral opulento donde predomina la rosa negra, el iris y el geranio, que ofrecen un car\u00e1cter seductor y profundamente elegante.<\/span><\/li>\n<li><strong><span>Notas de fondo<\/span><\/strong><span> : Una base c\u00e1lida y envolvente con acordes de pachul\u00ed, s\u00e1ndalo y un toque de vainilla cremosa, creando una estela duradera y refinada.<\/span><\/li>\n<\/ul>\n<p><span>El frasco, en tono p\u00farpura profundo, simboliza la intensidad y el misterio de la fragancia, ideal para ocasiones especiales o para quienes buscan una esencia poderosa y distintiva. Perfecto para la noche o para destacar en eventos exclusivos.<\/span><\/p>\n<\/div>\n<\/div>\n<\/div>\n<\/div>\n<\/div>\n<\/div>\n","protected":false},"excerpt":{"rendered":"<p>El perfume Wishpering Flames EDP Purple de 100 ml es una fragancia que irradia sofisticaci\u00f3n y magnetismo, encapsulada en un<\/p>\n","protected":false},"featured_media":65188,"comment_status":"open","ping_status":"closed","template":"","meta":{"nf_dc_page":""},"product_brand":[1866],"product_cat":[84],"product_tag":[1872],"class_list":{"0":"post-65187","1":"product","2":"type-product","3":"status-publish","4":"has-post-thumbnail","6":"product_brand-c-secret","7":"product_cat-perfumeria","8":"product_tag-1872","10":"first","11":"instock","12":"shipping-taxable","13":"purchasable","14":"product-type-simple"},"_links":{"self":[{"href":"https:\/\/brandss.com.py\/index\/wp-json\/wp\/v2\/product\/65187","targetHints":{"allow":["GET"]}}],"collection":[{"href":"https:\/\/brandss.com.py\/index\/wp-json\/wp\/v2\/product"}],"about":[{"href":"https:\/\/brandss.com.py\/index\/wp-json\/wp\/v2\/types\/product"}],"replies":[{"embeddable":true,"href":"https:\/\/brandss.com.py\/index\/wp-json\/wp\/v2\/comments?post=65187"}],"version-history":[{"count":1,"href":"https:\/\/brandss.com.py\/index\/wp-json\/wp\/v2\/product\/65187\/revisions"}],"predecessor-version":[{"id":65189,"href":"https:\/\/brandss.com.py\/index\/wp-json\/wp\/v2\/product\/65187\/revisions\/65189"}],"wp:featuredmedia":[{"embeddable":true,"href":"https:\/\/brandss.com.py\/index\/wp-json\/wp\/v2\/media\/65188"}],"wp:attachment":[{"href":"https:\/\/brandss.com.py\/index\/wp-json\/wp\/v2\/media?parent=65187"}],"wp:term":[{"taxonomy":"product_brand","embeddable":true,"href":"https:\/\/brandss.com.py\/index\/wp-json\/wp\/v2\/product_brand?post=65187"},{"taxonomy":"product_cat","embeddable":true,"href":"https:\/\/brandss.com.py\/index\/wp-json\/wp\/v2\/product_cat?post=65187"},{"taxonomy":"product_tag","embeddable":true,"href":"https:\/\/brandss.com.py\/index\/wp-json\/wp\/v2\/product_tag?post=65187"}],"curies":[{"name":"wp","href":"https:\/\/api.w.org\/{rel}","templated":true}]}}