{"id":65196,"date":"2025-01-04T17:03:01","date_gmt":"2025-01-04T17:03:01","guid":{"rendered":"https:\/\/brandss.com.py\/index\/?post_type=product&#038;p=65196"},"modified":"2025-12-11T13:53:05","modified_gmt":"2025-12-11T13:53:05","slug":"bruma-corporal-femenino-c-secret-passion-echo-150ml","status":"publish","type":"product","link":"https:\/\/brandss.com.py\/index\/producto\/bruma-corporal-femenino-c-secret-passion-echo-150ml\/","title":{"rendered":"BRUMA CORPORAL FEMENINO C SECRET PASSION ECHO 150ML"},"content":{"rendered":"<div class=\"flex-shrink-0 flex flex-col relative items-end\">\n<div>\n<div class=\"pt-0\">\n<div class=\"gizmo-bot-avatar flex h-8 w-8 items-center justify-center overflow-hidden rounded-full\">\n<div class=\"relative p-1 rounded-sm flex items-center justify-center bg-token-main-surface-primary text-token-text-primary h-8 w-8\"><\/div>\n<\/div>\n<\/div>\n<\/div>\n<\/div>\n<div class=\"group\/conversation-turn relative flex w-full min-w-0 flex-col agent-turn\">\n<div class=\"flex-col gap-1 md:gap-3\">\n<div class=\"flex max-w-full flex-col flex-grow\">\n<div class=\"min-h-8 text-message flex w-full flex-col items-end gap-2 whitespace-normal break-words text-start [.text-message+&amp;]:mt-5\" dir=\"auto\" data-message-author-role=\"assistant\" data-message-id=\"c5926320-aea4-4939-83ae-3e7cb5359608\" data-message-model-slug=\"gpt-4o-mini\">\n<div class=\"flex w-full flex-col gap-1 empty:hidden first:pt-[3px]\">\n<div class=\"markdown prose w-full break-words dark:prose-invert light\">\n<p>La <strong>Bruma Corporal Passion Echo<\/strong> de 150 ml es una fragancia fresca y energ\u00e9tica que deja la piel suave y con un sutil aroma a lo largo del d\u00eda. Su f\u00f3rmula ligera e hidratante proporciona una sensaci\u00f3n de frescura inmediata, ideal para revitalizar los sentidos y mantener la piel perfumada sin ser abrumadora.<\/p>\n<h3>Caracter\u00edsticas olfativas:<\/h3>\n<ul>\n<li><strong>Notas de salida<\/strong>: La bruma abre con una vibrante combinaci\u00f3n de frutas tropicales como la mandarina, el mango y un toque de frutos rojos, creando una primera impresi\u00f3n refrescante y alegre.<\/li>\n<li><strong>Notas de coraz\u00f3n<\/strong>: Un acorde floral suave que mezcla flor de loto y peon\u00eda, ofreciendo una sensaci\u00f3n de ligereza y feminidad.<\/li>\n<li><strong>Notas de fondo<\/strong>: La base se completa con notas amaderadas y de almizcle, que a\u00f1aden calidez y profundidad, equilibrando la frescura inicial con una huella m\u00e1s duradera.<\/li>\n<\/ul>\n<p>El frasco de la bruma mantiene un dise\u00f1o moderno y elegante, ideal para rociar sobre la piel en cualquier momento del d\u00eda. <strong>Passion Echo<\/strong> es perfecta para quienes buscan una fragancia estimulante y sutil, ideal para usar a diario o despu\u00e9s de la ducha, dejando una sensaci\u00f3n de frescura y suavidad.<\/p>\n<\/div>\n<\/div>\n<\/div>\n<\/div>\n<\/div>\n<\/div>\n","protected":false},"excerpt":{"rendered":"<p>La Bruma Corporal Passion Echo de 150 ml es una fragancia fresca y energ\u00e9tica que deja la piel suave y<\/p>\n","protected":false},"featured_media":65197,"comment_status":"open","ping_status":"closed","template":"","meta":{"nf_dc_page":""},"product_brand":[1866],"product_cat":[84],"product_tag":[1875],"class_list":{"0":"post-65196","1":"product","2":"type-product","3":"status-publish","4":"has-post-thumbnail","6":"product_brand-c-secret","7":"product_cat-perfumeria","8":"product_tag-1875","10":"first","11":"instock","12":"shipping-taxable","13":"purchasable","14":"product-type-simple"},"_links":{"self":[{"href":"https:\/\/brandss.com.py\/index\/wp-json\/wp\/v2\/product\/65196","targetHints":{"allow":["GET"]}}],"collection":[{"href":"https:\/\/brandss.com.py\/index\/wp-json\/wp\/v2\/product"}],"about":[{"href":"https:\/\/brandss.com.py\/index\/wp-json\/wp\/v2\/types\/product"}],"replies":[{"embeddable":true,"href":"https:\/\/brandss.com.py\/index\/wp-json\/wp\/v2\/comments?post=65196"}],"version-history":[{"count":1,"href":"https:\/\/brandss.com.py\/index\/wp-json\/wp\/v2\/product\/65196\/revisions"}],"predecessor-version":[{"id":65198,"href":"https:\/\/brandss.com.py\/index\/wp-json\/wp\/v2\/product\/65196\/revisions\/65198"}],"wp:featuredmedia":[{"embeddable":true,"href":"https:\/\/brandss.com.py\/index\/wp-json\/wp\/v2\/media\/65197"}],"wp:attachment":[{"href":"https:\/\/brandss.com.py\/index\/wp-json\/wp\/v2\/media?parent=65196"}],"wp:term":[{"taxonomy":"product_brand","embeddable":true,"href":"https:\/\/brandss.com.py\/index\/wp-json\/wp\/v2\/product_brand?post=65196"},{"taxonomy":"product_cat","embeddable":true,"href":"https:\/\/brandss.com.py\/index\/wp-json\/wp\/v2\/product_cat?post=65196"},{"taxonomy":"product_tag","embeddable":true,"href":"https:\/\/brandss.com.py\/index\/wp-json\/wp\/v2\/product_tag?post=65196"}],"curies":[{"name":"wp","href":"https:\/\/api.w.org\/{rel}","templated":true}]}}