{"id":65199,"date":"2025-01-04T17:09:53","date_gmt":"2025-01-04T17:09:53","guid":{"rendered":"https:\/\/brandss.com.py\/index\/?post_type=product&#038;p=65199"},"modified":"2025-12-11T13:53:31","modified_gmt":"2025-12-11T13:53:31","slug":"bruma-corporal-femenino-c-secret-blazing-love-150ml","status":"publish","type":"product","link":"https:\/\/brandss.com.py\/index\/producto\/bruma-corporal-femenino-c-secret-blazing-love-150ml\/","title":{"rendered":"BRUMA CORPORAL FEMENINO C SECRET BLAZING LOVE 150ML"},"content":{"rendered":"<p>La <strong>Bruma Corporal Blazing Love<\/strong> de 150 ml es una fragancia envolvente y apasionada, dise\u00f1ada para dejar la piel suavemente perfumada y con una sensaci\u00f3n fresca. Con una f\u00f3rmula ligera y de r\u00e1pida absorci\u00f3n, esta bruma es perfecta para rociar sobre la piel y disfrutar de un toque suave y duradero de fragancia.<\/p>\n<h3>Caracter\u00edsticas olfativas:<\/h3>\n<ul>\n<li><strong>Notas de salida<\/strong>: La bruma se abre con una mezcla vibrante de frutas dulces como la frambuesa y el durazno, que aportan un toque jugoso y fresco.<\/li>\n<li><strong>Notas de coraz\u00f3n<\/strong>: En el coraz\u00f3n de la fragancia, se despliegan notas florales intensas, con un predominio de rosa y jazm\u00edn, creando una sensaci\u00f3n rom\u00e1ntica y envolvente.<\/li>\n<li><strong>Notas de fondo<\/strong>: La base tiene un toque c\u00e1lido y reconfortante, con acordes de vainilla, almizcle y un toque sutil de s\u00e1ndalo, que proporcionan profundidad y longevidad al aroma.<\/li>\n<\/ul>\n<p>El frasco de la bruma, con su dise\u00f1o elegante y llamativo, es perfecto para aquellos que buscan una fragancia dulce y apasionada. <strong>Blazing Love<\/strong> es ideal para ocasiones especiales o para quienes desean llevar consigo una esencia c\u00e1lida y rom\u00e1ntica durante todo el d\u00eda.<\/p>\n","protected":false},"excerpt":{"rendered":"<p>La Bruma Corporal Blazing Love de 150 ml es una fragancia envolvente y apasionada, dise\u00f1ada para dejar la piel suavemente<\/p>\n","protected":false},"featured_media":65200,"comment_status":"open","ping_status":"closed","template":"","meta":{"nf_dc_page":""},"product_brand":[1866],"product_cat":[84],"product_tag":[1876],"class_list":{"0":"post-65199","1":"product","2":"type-product","3":"status-publish","4":"has-post-thumbnail","6":"product_brand-c-secret","7":"product_cat-perfumeria","8":"product_tag-1876","10":"first","11":"instock","12":"shipping-taxable","13":"purchasable","14":"product-type-simple"},"_links":{"self":[{"href":"https:\/\/brandss.com.py\/index\/wp-json\/wp\/v2\/product\/65199","targetHints":{"allow":["GET"]}}],"collection":[{"href":"https:\/\/brandss.com.py\/index\/wp-json\/wp\/v2\/product"}],"about":[{"href":"https:\/\/brandss.com.py\/index\/wp-json\/wp\/v2\/types\/product"}],"replies":[{"embeddable":true,"href":"https:\/\/brandss.com.py\/index\/wp-json\/wp\/v2\/comments?post=65199"}],"version-history":[{"count":1,"href":"https:\/\/brandss.com.py\/index\/wp-json\/wp\/v2\/product\/65199\/revisions"}],"predecessor-version":[{"id":65201,"href":"https:\/\/brandss.com.py\/index\/wp-json\/wp\/v2\/product\/65199\/revisions\/65201"}],"wp:featuredmedia":[{"embeddable":true,"href":"https:\/\/brandss.com.py\/index\/wp-json\/wp\/v2\/media\/65200"}],"wp:attachment":[{"href":"https:\/\/brandss.com.py\/index\/wp-json\/wp\/v2\/media?parent=65199"}],"wp:term":[{"taxonomy":"product_brand","embeddable":true,"href":"https:\/\/brandss.com.py\/index\/wp-json\/wp\/v2\/product_brand?post=65199"},{"taxonomy":"product_cat","embeddable":true,"href":"https:\/\/brandss.com.py\/index\/wp-json\/wp\/v2\/product_cat?post=65199"},{"taxonomy":"product_tag","embeddable":true,"href":"https:\/\/brandss.com.py\/index\/wp-json\/wp\/v2\/product_tag?post=65199"}],"curies":[{"name":"wp","href":"https:\/\/api.w.org\/{rel}","templated":true}]}}