{"id":65202,"date":"2025-01-04T17:20:54","date_gmt":"2025-01-04T17:20:54","guid":{"rendered":"https:\/\/brandss.com.py\/index\/?post_type=product&#038;p=65202"},"modified":"2025-12-11T13:53:55","modified_gmt":"2025-12-11T13:53:55","slug":"bruma-corporal-femenino-c-secret-fervent-heartbeat-150ml","status":"publish","type":"product","link":"https:\/\/brandss.com.py\/index\/producto\/bruma-corporal-femenino-c-secret-fervent-heartbeat-150ml\/","title":{"rendered":"BRUMA CORPORAL FEMENINO C SECRET FERVENT HEARTBEAT 150ML"},"content":{"rendered":"<div class=\"flex-shrink-0 flex flex-col relative items-end\">\n<div>\n<div class=\"pt-0\">\n<div class=\"gizmo-bot-avatar flex h-8 w-8 items-center justify-center overflow-hidden rounded-full\">\n<div class=\"relative p-1 rounded-sm flex items-center justify-center bg-token-main-surface-primary text-token-text-primary h-8 w-8\"><\/div>\n<\/div>\n<\/div>\n<\/div>\n<\/div>\n<div class=\"group\/conversation-turn relative flex w-full min-w-0 flex-col agent-turn\">\n<div class=\"flex-col gap-1 md:gap-3\">\n<div class=\"flex max-w-full flex-col flex-grow\">\n<div class=\"min-h-8 text-message flex w-full flex-col items-end gap-2 whitespace-normal break-words text-start [.text-message+&amp;]:mt-5\" dir=\"auto\" data-message-author-role=\"assistant\" data-message-id=\"0fca1cdb-8d5b-471f-9709-bca724c5cc09\" data-message-model-slug=\"gpt-4o-mini\">\n<div class=\"flex w-full flex-col gap-1 empty:hidden first:pt-[3px]\">\n<div class=\"markdown prose w-full break-words dark:prose-invert light\">\n<p>La <strong>Bruma Corporal Fervent Heartbeat<\/strong> de 150 ml es una fragancia envolvente y vibrante que captura la esencia de la pasi\u00f3n y la energ\u00eda. Con una textura ligera y refrescante, esta bruma deja la piel suave y perfumada, brindando una sensaci\u00f3n de frescura durante todo el d\u00eda.<\/p>\n<h3>Caracter\u00edsticas olfativas:<\/h3>\n<ul>\n<li><strong>Notas de salida<\/strong>: La bruma abre con una mezcla de frutas frescas y c\u00edtricas, como la mandarina y el pomelo, aportando una primera impresi\u00f3n energizante y luminosa.<\/li>\n<li><strong>Notas de coraz\u00f3n<\/strong>: Un coraz\u00f3n floral con toques de rosa y flor de azahar, que transmite una sensaci\u00f3n delicada y femenina, creando una sensaci\u00f3n de romance y suavidad.<\/li>\n<li><strong>Notas de fondo<\/strong>: La base tiene una profundidad c\u00e1lida y acogedora, con acordes de \u00e1mbar, almizcle y una suave madera, que a\u00f1aden una dimensi\u00f3n sensual y duradera al aroma.<\/li>\n<\/ul>\n<p>El frasco de la bruma, con su dise\u00f1o moderno y elegante, refleja la esencia vibrante y apasionada de la fragancia. <strong>Fervent Heartbeat<\/strong> es ideal para quienes buscan una fragancia ligera pero cautivadora, perfecta para el uso diario o para mantener la piel perfumada con una sensaci\u00f3n fresca y estimulante.<\/p>\n<\/div>\n<\/div>\n<\/div>\n<\/div>\n<\/div>\n<\/div>\n","protected":false},"excerpt":{"rendered":"<p>La Bruma Corporal Fervent Heartbeat de 150 ml es una fragancia envolvente y vibrante que captura la esencia de la<\/p>\n","protected":false},"featured_media":65203,"comment_status":"open","ping_status":"closed","template":"","meta":{"nf_dc_page":""},"product_brand":[1866],"product_cat":[84],"product_tag":[1877],"class_list":{"0":"post-65202","1":"product","2":"type-product","3":"status-publish","4":"has-post-thumbnail","6":"product_brand-c-secret","7":"product_cat-perfumeria","8":"product_tag-1877","10":"first","11":"instock","12":"shipping-taxable","13":"purchasable","14":"product-type-simple"},"_links":{"self":[{"href":"https:\/\/brandss.com.py\/index\/wp-json\/wp\/v2\/product\/65202","targetHints":{"allow":["GET"]}}],"collection":[{"href":"https:\/\/brandss.com.py\/index\/wp-json\/wp\/v2\/product"}],"about":[{"href":"https:\/\/brandss.com.py\/index\/wp-json\/wp\/v2\/types\/product"}],"replies":[{"embeddable":true,"href":"https:\/\/brandss.com.py\/index\/wp-json\/wp\/v2\/comments?post=65202"}],"version-history":[{"count":1,"href":"https:\/\/brandss.com.py\/index\/wp-json\/wp\/v2\/product\/65202\/revisions"}],"predecessor-version":[{"id":65204,"href":"https:\/\/brandss.com.py\/index\/wp-json\/wp\/v2\/product\/65202\/revisions\/65204"}],"wp:featuredmedia":[{"embeddable":true,"href":"https:\/\/brandss.com.py\/index\/wp-json\/wp\/v2\/media\/65203"}],"wp:attachment":[{"href":"https:\/\/brandss.com.py\/index\/wp-json\/wp\/v2\/media?parent=65202"}],"wp:term":[{"taxonomy":"product_brand","embeddable":true,"href":"https:\/\/brandss.com.py\/index\/wp-json\/wp\/v2\/product_brand?post=65202"},{"taxonomy":"product_cat","embeddable":true,"href":"https:\/\/brandss.com.py\/index\/wp-json\/wp\/v2\/product_cat?post=65202"},{"taxonomy":"product_tag","embeddable":true,"href":"https:\/\/brandss.com.py\/index\/wp-json\/wp\/v2\/product_tag?post=65202"}],"curies":[{"name":"wp","href":"https:\/\/api.w.org\/{rel}","templated":true}]}}