{"id":65217,"date":"2025-01-04T18:03:11","date_gmt":"2025-01-04T18:03:11","guid":{"rendered":"https:\/\/brandss.com.py\/index\/?post_type=product&#038;p=65217"},"modified":"2025-12-11T13:56:27","modified_gmt":"2025-12-11T13:56:27","slug":"bruma-corporal-femenino-c-secret-monogotas-coco-100ml","status":"publish","type":"product","link":"https:\/\/brandss.com.py\/index\/producto\/bruma-corporal-femenino-c-secret-monogotas-coco-100ml\/","title":{"rendered":"BRUMA CORPORAL FEMENINO C SECRET MONOGOTAS COCO 100ML"},"content":{"rendered":"<h1>MONOGOTAS COCO<\/h1>\n<div class=\"flex-shrink-0 flex flex-col relative items-end\">\n<div>\n<div class=\"pt-0\">\n<div class=\"gizmo-bot-avatar flex h-8 w-8 items-center justify-center overflow-hidden rounded-full\">\n<div class=\"relative p-1 rounded-sm flex items-center justify-center bg-token-main-surface-primary text-token-text-primary h-8 w-8\"><\/div>\n<\/div>\n<\/div>\n<\/div>\n<\/div>\n<div class=\"group\/conversation-turn relative flex w-full min-w-0 flex-col agent-turn\">\n<div class=\"flex-col gap-1 md:gap-3\">\n<div class=\"flex max-w-full flex-col flex-grow\">\n<div class=\"min-h-8 text-message flex w-full flex-col items-end gap-2 whitespace-normal break-words text-start [.text-message+&amp;]:mt-5\" dir=\"auto\" data-message-author-role=\"assistant\" data-message-id=\"0dbf0a23-e467-4f5c-8e31-97c11e981430\" data-message-model-slug=\"gpt-4o-mini\">\n<div class=\"flex w-full flex-col gap-1 empty:hidden first:pt-[3px]\">\n<div class=\"markdown prose w-full break-words dark:prose-invert light\">\n<p>La <strong>Bruma Corporal Monogotas Coco<\/strong> de 100 ml es una fragancia c\u00e1lida y ex\u00f3tica que envuelve la piel con un aroma suave y dulce a coco. Su f\u00f3rmula ligera y fresca proporciona una sensaci\u00f3n de frescura, dejando la piel hidratada y delicadamente perfumada durante todo el d\u00eda.<\/p>\n<h3>Caracter\u00edsticas olfativas:<\/h3>\n<ul>\n<li><strong>Notas de salida<\/strong>: Una apertura dulce y suave de coco fresco que inmediatamente evoca la sensaci\u00f3n de estar en una playa tropical, con un toque levemente cremoso.<\/li>\n<li><strong>Notas de coraz\u00f3n<\/strong>: El coraz\u00f3n de la fragancia contin\u00faa con un toque suave de leche de coco y un ligero acorde de almendra, que a\u00f1ade dulzura y suavidad al perfume.<\/li>\n<li><strong>Notas de fondo<\/strong>: La base est\u00e1 compuesta por una mezcla de vainilla y un toque de madera cremosa, lo que le da un acabado c\u00e1lido y reconfortante.<\/li>\n<\/ul>\n<p>El frasco de 100 ml es simple y elegante, ideal para llevarlo en el bolso o en el neceser. <strong>Monogotas Coco<\/strong> es una bruma perfecta para quienes buscan una fragancia ligera pero deliciosa, ideal para el d\u00eda a d\u00eda, ofreciendo una experiencia sensorial de frescura tropical y suavidad.<\/p>\n<\/div>\n<\/div>\n<\/div>\n<\/div>\n<\/div>\n<\/div>\n","protected":false},"excerpt":{"rendered":"<p>MONOGOTAS COCO La Bruma Corporal Monogotas Coco de 100 ml es una fragancia c\u00e1lida y ex\u00f3tica que envuelve la piel<\/p>\n","protected":false},"featured_media":65218,"comment_status":"open","ping_status":"closed","template":"","meta":{"nf_dc_page":""},"product_brand":[1866],"product_cat":[84],"product_tag":[1881],"class_list":{"0":"post-65217","1":"product","2":"type-product","3":"status-publish","4":"has-post-thumbnail","6":"product_brand-c-secret","7":"product_cat-perfumeria","8":"product_tag-1881","10":"first","11":"instock","12":"shipping-taxable","13":"purchasable","14":"product-type-simple"},"_links":{"self":[{"href":"https:\/\/brandss.com.py\/index\/wp-json\/wp\/v2\/product\/65217","targetHints":{"allow":["GET"]}}],"collection":[{"href":"https:\/\/brandss.com.py\/index\/wp-json\/wp\/v2\/product"}],"about":[{"href":"https:\/\/brandss.com.py\/index\/wp-json\/wp\/v2\/types\/product"}],"replies":[{"embeddable":true,"href":"https:\/\/brandss.com.py\/index\/wp-json\/wp\/v2\/comments?post=65217"}],"version-history":[{"count":1,"href":"https:\/\/brandss.com.py\/index\/wp-json\/wp\/v2\/product\/65217\/revisions"}],"predecessor-version":[{"id":65222,"href":"https:\/\/brandss.com.py\/index\/wp-json\/wp\/v2\/product\/65217\/revisions\/65222"}],"wp:featuredmedia":[{"embeddable":true,"href":"https:\/\/brandss.com.py\/index\/wp-json\/wp\/v2\/media\/65218"}],"wp:attachment":[{"href":"https:\/\/brandss.com.py\/index\/wp-json\/wp\/v2\/media?parent=65217"}],"wp:term":[{"taxonomy":"product_brand","embeddable":true,"href":"https:\/\/brandss.com.py\/index\/wp-json\/wp\/v2\/product_brand?post=65217"},{"taxonomy":"product_cat","embeddable":true,"href":"https:\/\/brandss.com.py\/index\/wp-json\/wp\/v2\/product_cat?post=65217"},{"taxonomy":"product_tag","embeddable":true,"href":"https:\/\/brandss.com.py\/index\/wp-json\/wp\/v2\/product_tag?post=65217"}],"curies":[{"name":"wp","href":"https:\/\/api.w.org\/{rel}","templated":true}]}}