{"id":65241,"date":"2025-01-04T18:59:42","date_gmt":"2025-01-04T18:59:42","guid":{"rendered":"https:\/\/brandss.com.py\/index\/?post_type=product&#038;p=65241"},"modified":"2025-12-11T13:58:33","modified_gmt":"2025-12-11T13:58:33","slug":"bruma-corporal-femenino-c-secret-shimmer-sunset-flower-150ml","status":"publish","type":"product","link":"https:\/\/brandss.com.py\/index\/producto\/bruma-corporal-femenino-c-secret-shimmer-sunset-flower-150ml\/","title":{"rendered":"BRUMA CORPORAL FEMENINO C SECRET SHIMMER SUNSET FLOWER 150ML"},"content":{"rendered":"<h1>SUNSET FLOWER<\/h1>\n<p>La <strong>Bruma Corporal Shimmer Sunset Flower<\/strong> de 150 ml captura la magia de un atardecer florido con su fragancia c\u00e1lida, floral y luminosa. Dise\u00f1ada para realzar la piel con un sutil brillo, esta bruma es perfecta para quienes buscan un aroma envolvente y una piel radiante que brille a la luz del sol o de la luna.<\/p>\n<h3>Caracter\u00edsticas olfativas:<\/h3>\n<ul>\n<li><strong>Notas de salida<\/strong>: Una fusi\u00f3n chispeante de c\u00edtricos como la mandarina y la bergamota, combinada con un toque dulce de n\u00e9ctar de melocot\u00f3n, que aporta frescura y vitalidad.<\/li>\n<li><strong>Notas de coraz\u00f3n<\/strong>: Un bouquet floral c\u00e1lido y ex\u00f3tico, con jazm\u00edn, frangipani y lirio, que evoca elegancia y feminidad.<\/li>\n<li><strong>Notas de fondo<\/strong>: La base es sensual y acogedora, con notas de \u00e1mbar dorado, vainilla cremosa y un toque de almizcle, que prolongan la calidez del aroma.<\/li>\n<\/ul>\n<h3>Caracter\u00edsticas adicionales:<\/h3>\n<ul>\n<li><strong>Efecto shimmer<\/strong>: Enriquecida con part\u00edculas brillantes, esta bruma deja un delicado destello sobre la piel, ideal para un look resplandeciente que se destaca al atardecer o en eventos nocturnos.<\/li>\n<li><strong>F\u00f3rmula ligera y refrescante<\/strong>: F\u00e1cil de aplicar, proporciona una sensaci\u00f3n fresca mientras perfuma suavemente la piel.<\/li>\n<\/ul>\n<p>Con un dise\u00f1o que evoca los tonos c\u00e1lidos de un atardecer, <strong>Shimmer Sunset Flower<\/strong> es la elecci\u00f3n perfecta para quienes buscan una fragancia rom\u00e1ntica, c\u00e1lida y luminosa, ideal para ocasiones especiales o para a\u00f1adir un toque de glamour a su rutina diaria.<\/p>\n","protected":false},"excerpt":{"rendered":"<p>SUNSET FLOWER La Bruma Corporal Shimmer Sunset Flower de 150 ml captura la magia de un atardecer florido con su<\/p>\n","protected":false},"featured_media":65242,"comment_status":"open","ping_status":"closed","template":"","meta":{"nf_dc_page":""},"product_brand":[1866],"product_cat":[84],"product_tag":[1886],"class_list":{"0":"post-65241","1":"product","2":"type-product","3":"status-publish","4":"has-post-thumbnail","6":"product_brand-c-secret","7":"product_cat-perfumeria","8":"product_tag-1886","10":"first","11":"instock","12":"shipping-taxable","13":"purchasable","14":"product-type-simple"},"_links":{"self":[{"href":"https:\/\/brandss.com.py\/index\/wp-json\/wp\/v2\/product\/65241","targetHints":{"allow":["GET"]}}],"collection":[{"href":"https:\/\/brandss.com.py\/index\/wp-json\/wp\/v2\/product"}],"about":[{"href":"https:\/\/brandss.com.py\/index\/wp-json\/wp\/v2\/types\/product"}],"replies":[{"embeddable":true,"href":"https:\/\/brandss.com.py\/index\/wp-json\/wp\/v2\/comments?post=65241"}],"version-history":[{"count":1,"href":"https:\/\/brandss.com.py\/index\/wp-json\/wp\/v2\/product\/65241\/revisions"}],"predecessor-version":[{"id":65243,"href":"https:\/\/brandss.com.py\/index\/wp-json\/wp\/v2\/product\/65241\/revisions\/65243"}],"wp:featuredmedia":[{"embeddable":true,"href":"https:\/\/brandss.com.py\/index\/wp-json\/wp\/v2\/media\/65242"}],"wp:attachment":[{"href":"https:\/\/brandss.com.py\/index\/wp-json\/wp\/v2\/media?parent=65241"}],"wp:term":[{"taxonomy":"product_brand","embeddable":true,"href":"https:\/\/brandss.com.py\/index\/wp-json\/wp\/v2\/product_brand?post=65241"},{"taxonomy":"product_cat","embeddable":true,"href":"https:\/\/brandss.com.py\/index\/wp-json\/wp\/v2\/product_cat?post=65241"},{"taxonomy":"product_tag","embeddable":true,"href":"https:\/\/brandss.com.py\/index\/wp-json\/wp\/v2\/product_tag?post=65241"}],"curies":[{"name":"wp","href":"https:\/\/api.w.org\/{rel}","templated":true}]}}