{"id":65247,"date":"2025-01-04T19:15:47","date_gmt":"2025-01-04T19:15:47","guid":{"rendered":"https:\/\/brandss.com.py\/index\/?post_type=product&#038;p=65247"},"modified":"2025-09-25T11:54:15","modified_gmt":"2025-09-25T11:54:15","slug":"crema-corporal-femenino-c-secret-whispering-flames-200gr","status":"publish","type":"product","link":"https:\/\/brandss.com.py\/index\/producto\/crema-corporal-femenino-c-secret-whispering-flames-200gr\/","title":{"rendered":"CREMA CORPORAL FEMENINO C SECRET WHISPERING FLAMES 200GR"},"content":{"rendered":"<h1>WHISPERING FLAMES<\/h1>\n<p>La <strong>Body Butter Cream Whispering Flames<\/strong> de 200 g es una crema corporal intensamente hidratante y rica, dise\u00f1ada para nutrir profundamente la piel y dejarla suave y perfumada con una fragancia envolvente y seductora. Su textura cremosa y lujosa la convierte en el aliado perfecto para el cuidado diario o como un toque especial despu\u00e9s de la ducha.<\/p>\n<h3>Caracter\u00edsticas principales:<\/h3>\n<ul>\n<li><strong>Hidrataci\u00f3n profunda<\/strong>: Enriquecida con ingredientes humectantes como manteca de karit\u00e9 y aceites esenciales, proporciona una hidrataci\u00f3n intensa, ideal para pieles secas o deshidratadas.<\/li>\n<li><strong>Fragancia cautivadora<\/strong>: La crema lleva el caracter\u00edstico aroma de <strong>Whispering Flames<\/strong>, que combina notas c\u00e1lidas, florales y amaderadas para envolver la piel con una esencia irresistible.\n<ul>\n<li><strong>Notas de salida<\/strong>: Toques c\u00edtricos frescos y vibrantes.<\/li>\n<li><strong>Notas de coraz\u00f3n<\/strong>: Un bouquet floral suave, como jazm\u00edn y lirios.<\/li>\n<li><strong>Notas de fondo<\/strong>: \u00c1mbar, vainilla y maderas sensuales que a\u00f1aden profundidad.<\/li>\n<\/ul>\n<\/li>\n<li><strong>Textura lujosa<\/strong>: Su f\u00f3rmula rica pero de r\u00e1pida absorci\u00f3n deja la piel nutrida sin sensaci\u00f3n grasa.<\/li>\n<li><strong>Uso vers\u00e1til<\/strong>: Ideal para aplicar despu\u00e9s del ba\u00f1o o en cualquier momento del d\u00eda para mantener la piel hidratada y perfumada.<\/li>\n<\/ul>\n<p>El dise\u00f1o del envase refleja la elegancia y el misterio de la fragancia, haciendo de la <strong>Body Butter Cream Whispering Flames<\/strong> un imprescindible para quienes buscan una experiencia de cuidado corporal que combine hidrataci\u00f3n, suavidad y una esencia inolvidable.<\/p>\n","protected":false},"excerpt":{"rendered":"<p>WHISPERING FLAMES La Body Butter Cream Whispering Flames de 200 g es una crema corporal intensamente hidratante y rica, dise\u00f1ada<\/p>\n","protected":false},"featured_media":65248,"comment_status":"open","ping_status":"closed","template":"","meta":{"nf_dc_page":""},"product_brand":[],"product_cat":[85],"product_tag":[394],"class_list":{"0":"post-65247","1":"product","2":"type-product","3":"status-publish","4":"has-post-thumbnail","6":"product_cat-cosmeticos","7":"product_tag-394","9":"first","10":"instock","11":"shipping-taxable","12":"purchasable","13":"product-type-simple"},"_links":{"self":[{"href":"https:\/\/brandss.com.py\/index\/wp-json\/wp\/v2\/product\/65247","targetHints":{"allow":["GET"]}}],"collection":[{"href":"https:\/\/brandss.com.py\/index\/wp-json\/wp\/v2\/product"}],"about":[{"href":"https:\/\/brandss.com.py\/index\/wp-json\/wp\/v2\/types\/product"}],"replies":[{"embeddable":true,"href":"https:\/\/brandss.com.py\/index\/wp-json\/wp\/v2\/comments?post=65247"}],"version-history":[{"count":1,"href":"https:\/\/brandss.com.py\/index\/wp-json\/wp\/v2\/product\/65247\/revisions"}],"predecessor-version":[{"id":65249,"href":"https:\/\/brandss.com.py\/index\/wp-json\/wp\/v2\/product\/65247\/revisions\/65249"}],"wp:featuredmedia":[{"embeddable":true,"href":"https:\/\/brandss.com.py\/index\/wp-json\/wp\/v2\/media\/65248"}],"wp:attachment":[{"href":"https:\/\/brandss.com.py\/index\/wp-json\/wp\/v2\/media?parent=65247"}],"wp:term":[{"taxonomy":"product_brand","embeddable":true,"href":"https:\/\/brandss.com.py\/index\/wp-json\/wp\/v2\/product_brand?post=65247"},{"taxonomy":"product_cat","embeddable":true,"href":"https:\/\/brandss.com.py\/index\/wp-json\/wp\/v2\/product_cat?post=65247"},{"taxonomy":"product_tag","embeddable":true,"href":"https:\/\/brandss.com.py\/index\/wp-json\/wp\/v2\/product_tag?post=65247"}],"curies":[{"name":"wp","href":"https:\/\/api.w.org\/{rel}","templated":true}]}}