{"id":65250,"date":"2025-01-04T19:24:53","date_gmt":"2025-01-04T19:24:53","guid":{"rendered":"https:\/\/brandss.com.py\/index\/?post_type=product&#038;p=65250"},"modified":"2025-09-25T11:54:27","modified_gmt":"2025-09-25T11:54:27","slug":"crema-corporal-femenino-c-secret-passion-echo-200gr","status":"publish","type":"product","link":"https:\/\/brandss.com.py\/index\/producto\/crema-corporal-femenino-c-secret-passion-echo-200gr\/","title":{"rendered":"CREMA CORPORAL FEMENINO C SECRET PASSION ECHO 200GR"},"content":{"rendered":"<h1>PASSION ECHO<\/h1>\n<p>La <strong>Body Butter Cream Passion Echo<\/strong> de 200 g es una crema corporal profundamente hidratante, dise\u00f1ada para nutrir y suavizar la piel mientras la envuelve en una fragancia vibrante y apasionada. Su textura rica y cremosa proporciona una experiencia sensorial lujosa, ideal para el cuidado diario o como parte de una rutina de belleza indulgente.<\/p>\n<h3>Caracter\u00edsticas principales:<\/h3>\n<ul>\n<li><strong>Hidrataci\u00f3n intensa<\/strong>: Enriquecida con manteca de karit\u00e9 y aceites naturales, ofrece una hidrataci\u00f3n duradera, restaurando la elasticidad y suavidad de la piel.<\/li>\n<li><strong>Fragancia energ\u00e9tica y seductora<\/strong>: La crema est\u00e1 impregnada con el aroma caracter\u00edstico de <strong>Passion Echo<\/strong>, una mezcla vibrante y din\u00e1mica de notas frutales y florales.\n<ul>\n<li><strong>Notas de salida<\/strong>: Una explosi\u00f3n chispeante de frutas tropicales y c\u00edtricos como mandarina y mango.<\/li>\n<li><strong>Notas de coraz\u00f3n<\/strong>: Un bouquet floral dulce con peon\u00eda y flor de loto, que aporta un toque femenino y delicado.<\/li>\n<li><strong>Notas de fondo<\/strong>: Almizcle suave y maderas cremosas que brindan calidez y profundidad.<\/li>\n<\/ul>\n<\/li>\n<li><strong>Textura cremosa y ligera<\/strong>: Su f\u00f3rmula rica se absorbe r\u00e1pidamente, dejando la piel hidratada y sin sensaci\u00f3n grasa.<\/li>\n<li><strong>Uso vers\u00e1til<\/strong>: Perfecta para despu\u00e9s del ba\u00f1o o en cualquier momento del d\u00eda, ideal para pieles secas que necesitan un extra de cuidado.<\/li>\n<\/ul>\n<p>El envase moderno y atractivo refleja la energ\u00eda vibrante de la fragancia, haciendo de la <strong>Body Butter Cream Passion Echo<\/strong> un imprescindible para quienes buscan una combinaci\u00f3n de hidrataci\u00f3n profunda y un aroma cautivador que acompa\u00f1a todo el d\u00eda.<\/p>\n","protected":false},"excerpt":{"rendered":"<p>PASSION ECHO La Body Butter Cream Passion Echo de 200 g es una crema corporal profundamente hidratante, dise\u00f1ada para nutrir<\/p>\n","protected":false},"featured_media":65251,"comment_status":"open","ping_status":"closed","template":"","meta":{"nf_dc_page":""},"product_brand":[],"product_cat":[85],"product_tag":[395],"class_list":{"0":"post-65250","1":"product","2":"type-product","3":"status-publish","4":"has-post-thumbnail","6":"product_cat-cosmeticos","7":"product_tag-395","9":"first","10":"instock","11":"shipping-taxable","12":"purchasable","13":"product-type-simple"},"_links":{"self":[{"href":"https:\/\/brandss.com.py\/index\/wp-json\/wp\/v2\/product\/65250","targetHints":{"allow":["GET"]}}],"collection":[{"href":"https:\/\/brandss.com.py\/index\/wp-json\/wp\/v2\/product"}],"about":[{"href":"https:\/\/brandss.com.py\/index\/wp-json\/wp\/v2\/types\/product"}],"replies":[{"embeddable":true,"href":"https:\/\/brandss.com.py\/index\/wp-json\/wp\/v2\/comments?post=65250"}],"version-history":[{"count":1,"href":"https:\/\/brandss.com.py\/index\/wp-json\/wp\/v2\/product\/65250\/revisions"}],"predecessor-version":[{"id":65252,"href":"https:\/\/brandss.com.py\/index\/wp-json\/wp\/v2\/product\/65250\/revisions\/65252"}],"wp:featuredmedia":[{"embeddable":true,"href":"https:\/\/brandss.com.py\/index\/wp-json\/wp\/v2\/media\/65251"}],"wp:attachment":[{"href":"https:\/\/brandss.com.py\/index\/wp-json\/wp\/v2\/media?parent=65250"}],"wp:term":[{"taxonomy":"product_brand","embeddable":true,"href":"https:\/\/brandss.com.py\/index\/wp-json\/wp\/v2\/product_brand?post=65250"},{"taxonomy":"product_cat","embeddable":true,"href":"https:\/\/brandss.com.py\/index\/wp-json\/wp\/v2\/product_cat?post=65250"},{"taxonomy":"product_tag","embeddable":true,"href":"https:\/\/brandss.com.py\/index\/wp-json\/wp\/v2\/product_tag?post=65250"}],"curies":[{"name":"wp","href":"https:\/\/api.w.org\/{rel}","templated":true}]}}