{"id":65259,"date":"2025-01-06T11:50:39","date_gmt":"2025-01-06T11:50:39","guid":{"rendered":"https:\/\/brandss.com.py\/index\/?post_type=product&#038;p=65259"},"modified":"2025-01-06T12:27:56","modified_gmt":"2025-01-06T12:27:56","slug":"calzado-casual-femenino-dkny-marian","status":"publish","type":"product","link":"https:\/\/brandss.com.py\/index\/producto\/calzado-casual-femenino-dkny-marian\/","title":{"rendered":"CALZADO CASUAL FEMENINO DKNY MARIAN"},"content":{"rendered":"<p><img loading=\"lazy\" decoding=\"async\" class=\"\" src=\"https:\/\/1000marcas.net\/wp-content\/uploads\/2021\/05\/Donna-Karan-Logo.png\" alt=\"Donna Karan Logo - s\u00edmbolo, significado logotipo, historia, PNG\" width=\"107\" height=\"60\" \/><\/p>\n<h1>MARIAN<\/h1>\n<div class=\"ProductActive__descriptionParagraph__UR7wG\"><span>Calzados de la colecci\u00f3n Dkny confeccionadas en combinaci\u00f3n de piel natural y piel ecol\u00f3gica. El modelo es f\u00e1cil de limpiar y mantener<\/span><span>.<\/span><\/div>\n<div><\/div>\n<div>Caracter\u00edsticas<\/div>\n<div><\/div>\n<ul>\n<li class=\"ProductActive__descriptionParagraph__UR7wG\"><span>Nariz redonda y ligeramente r\u00edgida.<\/span><\/li>\n<li class=\"ProductActive__descriptionParagraph__UR7wG\"><span>El tal\u00f3n r\u00edgido estabiliza el tal\u00f3n y mantiene el pie en el zapato para que no se salga durante el movimiento.<\/span><\/li>\n<li class=\"ProductActive__descriptionParagraph__UR7wG\"><span>Los cordones planos eliminan los puntos de presi\u00f3n en el empeine, asegurando un buen ajuste y comodidad.<\/span><\/li>\n<li class=\"ProductActive__descriptionParagraph__UR7wG\"><span>Plantilla c\u00f3moda.<\/span><\/li>\n<li class=\"ProductActive__descriptionParagraph__UR7wG\"><span>Modelo de plataforma.<\/span><\/li>\n<li class=\"ProductActive__descriptionParagraph__UR7wG\"><span>La suela de goma es duradera y resistente a los da\u00f1os.<\/span><\/li>\n<li class=\"ProductActive__descriptionParagraph__UR7wG\"><span>Altura de la plataforma: 4 cm.<\/span><\/li>\n<li class=\"ProductActive__descriptionParagraph__UR7wG\">Parte superior: Cuero natural, Material sint\u00e9tico.<\/li>\n<li class=\"ProductActive__descriptionParagraph__UR7wG\">Interior: Material textil, Material sint\u00e9tico.<\/li>\n<li class=\"ProductActive__descriptionParagraph__UR7wG\">Suela: Material sint\u00e9tico.<\/li>\n<li class=\"ProductActive__descriptionParagraph__UR7wG\">Color: Beige.<\/li>\n<li class=\"ProductActive__descriptionParagraph__UR7wG\">Modelo: K2305134.<\/li>\n<\/ul>\n","protected":false},"excerpt":{"rendered":"<p>MARIAN Calzados de la colecci\u00f3n Dkny confeccionadas en combinaci\u00f3n de piel natural y piel ecol\u00f3gica. El modelo es f\u00e1cil de<\/p>\n","protected":false},"featured_media":65260,"comment_status":"open","ping_status":"closed","template":"","meta":{"nf_dc_page":""},"product_brand":[],"product_cat":[73],"product_tag":[],"class_list":{"0":"post-65259","1":"product","2":"type-product","3":"status-publish","4":"has-post-thumbnail","6":"product_cat-femenino","8":"first","9":"instock","10":"shipping-taxable","11":"purchasable","12":"product-type-simple"},"_links":{"self":[{"href":"https:\/\/brandss.com.py\/index\/wp-json\/wp\/v2\/product\/65259","targetHints":{"allow":["GET"]}}],"collection":[{"href":"https:\/\/brandss.com.py\/index\/wp-json\/wp\/v2\/product"}],"about":[{"href":"https:\/\/brandss.com.py\/index\/wp-json\/wp\/v2\/types\/product"}],"replies":[{"embeddable":true,"href":"https:\/\/brandss.com.py\/index\/wp-json\/wp\/v2\/comments?post=65259"}],"version-history":[{"count":1,"href":"https:\/\/brandss.com.py\/index\/wp-json\/wp\/v2\/product\/65259\/revisions"}],"predecessor-version":[{"id":65266,"href":"https:\/\/brandss.com.py\/index\/wp-json\/wp\/v2\/product\/65259\/revisions\/65266"}],"wp:featuredmedia":[{"embeddable":true,"href":"https:\/\/brandss.com.py\/index\/wp-json\/wp\/v2\/media\/65260"}],"wp:attachment":[{"href":"https:\/\/brandss.com.py\/index\/wp-json\/wp\/v2\/media?parent=65259"}],"wp:term":[{"taxonomy":"product_brand","embeddable":true,"href":"https:\/\/brandss.com.py\/index\/wp-json\/wp\/v2\/product_brand?post=65259"},{"taxonomy":"product_cat","embeddable":true,"href":"https:\/\/brandss.com.py\/index\/wp-json\/wp\/v2\/product_cat?post=65259"},{"taxonomy":"product_tag","embeddable":true,"href":"https:\/\/brandss.com.py\/index\/wp-json\/wp\/v2\/product_tag?post=65259"}],"curies":[{"name":"wp","href":"https:\/\/api.w.org\/{rel}","templated":true}]}}