{"id":65267,"date":"2025-01-06T12:39:35","date_gmt":"2025-01-06T12:39:35","guid":{"rendered":"https:\/\/brandss.com.py\/index\/?post_type=product&#038;p=65267"},"modified":"2025-01-06T12:40:43","modified_gmt":"2025-01-06T12:40:43","slug":"calzado-deportivo-femenino-hugo-boss-skylar-runn-slt","status":"publish","type":"product","link":"https:\/\/brandss.com.py\/index\/producto\/calzado-deportivo-femenino-hugo-boss-skylar-runn-slt\/","title":{"rendered":"CALZADO DEPORTIVO FEMENINO HUGO BOSS SKYLAR RUNN SLT"},"content":{"rendered":"<p><img loading=\"lazy\" decoding=\"async\" class=\"\" src=\"https:\/\/vintageclothingguides.com\/ezoimgfmt\/i0.wp.com\/vintageclothingguides.com\/wp-content\/uploads\/2024\/05\/1924-to-2021-hugo-boss-logo.png?resize=500%2C281&amp;ssl=1&amp;ezimgfmt=rs:346x195\/rscb2\" alt=\"How to tell if Hugo Boss is vintage: Logos, Tags &amp; Tips | Vintage Clothing  Guides\" width=\"100\" height=\"56\" \/><\/p>\n<h1>SKYLAR RUNN SLT<\/h1>\n<p>Los calzados skylar est\u00e1n hechas de cuero genuino. Completo con cordones, detalles en tono dorado y logotipo caracter\u00edstico. Estos lujosos calzados son adecuados tanto para looks deportivos como para looks m\u00e1s sofisticados.<\/p>\n<p>&nbsp;<\/p>\n<ul class=\"list\">\n<li>\n<div class=\"product-specification-item\" data-v-0f687d4c=\"\" data-v-76f3b7a5=\"\">Plantilla:\u00a0cuero<\/div>\n<\/li>\n<li>\n<div class=\"product-specification-item\" data-v-0f687d4c=\"\" data-v-76f3b7a5=\"\">Interior:\u00a0tejido<\/div>\n<\/li>\n<li>\n<div class=\"product-specification-item\" data-v-0f687d4c=\"\" data-v-76f3b7a5=\"\">Parte superior:\u00a0Cuero natural\/-Piel natural<\/div>\n<\/li>\n<li>\n<div class=\"product-specification-item\" data-v-0f687d4c=\"\" data-v-76f3b7a5=\"\">Suela:\u00a0material de alta calidad<\/div>\n<\/li>\n<li>Modelo: 50513412<\/li>\n<li><span>Color: negro<\/span><\/li>\n<\/ul>\n","protected":false},"excerpt":{"rendered":"<p>SKYLAR RUNN SLT Los calzados skylar est\u00e1n hechas de cuero genuino. Completo con cordones, detalles en tono dorado y logotipo<\/p>\n","protected":false},"featured_media":65268,"comment_status":"open","ping_status":"closed","template":"","meta":{"nf_dc_page":""},"product_brand":[],"product_cat":[73],"product_tag":[],"class_list":{"0":"post-65267","1":"product","2":"type-product","3":"status-publish","4":"has-post-thumbnail","6":"product_cat-femenino","8":"first","9":"instock","10":"shipping-taxable","11":"purchasable","12":"product-type-simple"},"_links":{"self":[{"href":"https:\/\/brandss.com.py\/index\/wp-json\/wp\/v2\/product\/65267","targetHints":{"allow":["GET"]}}],"collection":[{"href":"https:\/\/brandss.com.py\/index\/wp-json\/wp\/v2\/product"}],"about":[{"href":"https:\/\/brandss.com.py\/index\/wp-json\/wp\/v2\/types\/product"}],"replies":[{"embeddable":true,"href":"https:\/\/brandss.com.py\/index\/wp-json\/wp\/v2\/comments?post=65267"}],"version-history":[{"count":1,"href":"https:\/\/brandss.com.py\/index\/wp-json\/wp\/v2\/product\/65267\/revisions"}],"predecessor-version":[{"id":65278,"href":"https:\/\/brandss.com.py\/index\/wp-json\/wp\/v2\/product\/65267\/revisions\/65278"}],"wp:featuredmedia":[{"embeddable":true,"href":"https:\/\/brandss.com.py\/index\/wp-json\/wp\/v2\/media\/65268"}],"wp:attachment":[{"href":"https:\/\/brandss.com.py\/index\/wp-json\/wp\/v2\/media?parent=65267"}],"wp:term":[{"taxonomy":"product_brand","embeddable":true,"href":"https:\/\/brandss.com.py\/index\/wp-json\/wp\/v2\/product_brand?post=65267"},{"taxonomy":"product_cat","embeddable":true,"href":"https:\/\/brandss.com.py\/index\/wp-json\/wp\/v2\/product_cat?post=65267"},{"taxonomy":"product_tag","embeddable":true,"href":"https:\/\/brandss.com.py\/index\/wp-json\/wp\/v2\/product_tag?post=65267"}],"curies":[{"name":"wp","href":"https:\/\/api.w.org\/{rel}","templated":true}]}}