{"id":65279,"date":"2025-01-06T13:11:40","date_gmt":"2025-01-06T13:11:40","guid":{"rendered":"https:\/\/brandss.com.py\/index\/?post_type=product&#038;p=65279"},"modified":"2025-01-06T13:12:31","modified_gmt":"2025-01-06T13:12:31","slug":"calzado-casual-femenino-coach-marley-coated-canvas","status":"publish","type":"product","link":"https:\/\/brandss.com.py\/index\/producto\/calzado-casual-femenino-coach-marley-coated-canvas\/","title":{"rendered":"CALZADO CASUAL FEMENINO COACH MARLEY COATED CANVAS"},"content":{"rendered":"<p><img loading=\"lazy\" decoding=\"async\" class=\"\" src=\"https:\/\/myschoolportal.net\/blog\/wp-content\/uploads\/2024\/12\/Coach-Logo.png\" alt=\"Coach Logo [free PNG Download]\" width=\"120\" height=\"50\" \/><\/p>\n<h1>MARLEY COATED CANVAS<\/h1>\n<p>Una nueva versi\u00f3n de un favorito de siempre, nuestro Marley Driver aerodin\u00e1mico es la opci\u00f3n perfecta para los d\u00edas de trabajo y los fines de semana. El estilo sin cordones con punta redonda est\u00e1 confeccionado con nuestra lona Signature y terminado con una suela de goma ranurada flexible para una comodidad durante todo el d\u00eda.<\/p>\n<p>Detalles del producto<\/p>\n<p>Parte superior de lona revestida Signature<\/p>\n<p>Forro y plantilla de cuero sint\u00e9tico<\/p>\n<p>Suela de goma<\/p>\n<p>Sin cordones<\/p>\n<p>Color: Marron<\/p>\n<p>Modelo: C0744<\/p>\n","protected":false},"excerpt":{"rendered":"<p>MARLEY COATED CANVAS Una nueva versi\u00f3n de un favorito de siempre, nuestro Marley Driver aerodin\u00e1mico es la opci\u00f3n perfecta para<\/p>\n","protected":false},"featured_media":65280,"comment_status":"open","ping_status":"closed","template":"","meta":{"nf_dc_page":""},"product_brand":[],"product_cat":[73],"product_tag":[],"class_list":{"0":"post-65279","1":"product","2":"type-product","3":"status-publish","4":"has-post-thumbnail","6":"product_cat-femenino","8":"first","9":"instock","10":"shipping-taxable","11":"purchasable","12":"product-type-simple"},"_links":{"self":[{"href":"https:\/\/brandss.com.py\/index\/wp-json\/wp\/v2\/product\/65279","targetHints":{"allow":["GET"]}}],"collection":[{"href":"https:\/\/brandss.com.py\/index\/wp-json\/wp\/v2\/product"}],"about":[{"href":"https:\/\/brandss.com.py\/index\/wp-json\/wp\/v2\/types\/product"}],"replies":[{"embeddable":true,"href":"https:\/\/brandss.com.py\/index\/wp-json\/wp\/v2\/comments?post=65279"}],"version-history":[{"count":1,"href":"https:\/\/brandss.com.py\/index\/wp-json\/wp\/v2\/product\/65279\/revisions"}],"predecessor-version":[{"id":65287,"href":"https:\/\/brandss.com.py\/index\/wp-json\/wp\/v2\/product\/65279\/revisions\/65287"}],"wp:featuredmedia":[{"embeddable":true,"href":"https:\/\/brandss.com.py\/index\/wp-json\/wp\/v2\/media\/65280"}],"wp:attachment":[{"href":"https:\/\/brandss.com.py\/index\/wp-json\/wp\/v2\/media?parent=65279"}],"wp:term":[{"taxonomy":"product_brand","embeddable":true,"href":"https:\/\/brandss.com.py\/index\/wp-json\/wp\/v2\/product_brand?post=65279"},{"taxonomy":"product_cat","embeddable":true,"href":"https:\/\/brandss.com.py\/index\/wp-json\/wp\/v2\/product_cat?post=65279"},{"taxonomy":"product_tag","embeddable":true,"href":"https:\/\/brandss.com.py\/index\/wp-json\/wp\/v2\/product_tag?post=65279"}],"curies":[{"name":"wp","href":"https:\/\/api.w.org\/{rel}","templated":true}]}}