{"id":65296,"date":"2025-01-06T16:22:41","date_gmt":"2025-01-06T16:22:41","guid":{"rendered":"https:\/\/brandss.com.py\/index\/?post_type=product&#038;p=65296"},"modified":"2025-01-06T16:25:56","modified_gmt":"2025-01-06T16:25:56","slug":"bolso-de-mano-femenino-badgley-mischka-diana","status":"publish","type":"product","link":"https:\/\/brandss.com.py\/index\/producto\/bolso-de-mano-femenino-badgley-mischka-diana\/","title":{"rendered":"BOLSO DE MANO FEMENINO BADGLEY MISCHKA DIANA"},"content":{"rendered":"<p><img loading=\"lazy\" decoding=\"async\" class=\"\" src=\"https:\/\/searchspring.com\/wp-content\/uploads\/2020\/12\/BM1.png\" alt=\"Badgley Mischka Case Study - Searchspring\" width=\"96\" height=\"44\" \/><\/p>\n<h1>DIANA<\/h1>\n<p><span style=\"font-size: x-large\">Diana es un bolso de fin de semana de lujo con un dise\u00f1o acolchado de diamantes y un mont\u00f3n de bolsillos para llevar todo lo que necesitas para un d\u00eda ajetreado o fin de semana.<\/span><\/p>\n<ul>\n<li>Lujoso bolso de fin de semana con dise\u00f1o de cuero vegano acolchado de rombos.<\/li>\n<li>Interior forrado con monograma BM y bolsillos organizativos para almacenamiento.<\/li>\n<li>C\u00f3modo acceso para carrito de compras y placa con logotipo y herrajes en tono bronce brillante.<\/li>\n<li>Cadena de metal doble para el hombro con una ca\u00edda de 11 a 19 pulgadas para un transporte c\u00f3modo.<\/li>\n<li>Amplias dimensiones de 20L X 8W X 14H y una capacidad de peso de hasta 30 lb.<\/li>\n<li>Dise\u00f1ado por los reconocidos dise\u00f1adores estadounidenses Mark Badgley y James Mischka.<\/li>\n<li>Color: Crema.<\/li>\n<li>Modelo: BMWKDI.<\/li>\n<\/ul>\n","protected":false},"excerpt":{"rendered":"<p>DIANA Diana es un bolso de fin de semana de lujo con un dise\u00f1o acolchado de diamantes y un mont\u00f3n<\/p>\n","protected":false},"featured_media":65297,"comment_status":"open","ping_status":"closed","template":"","meta":{"nf_dc_page":""},"product_brand":[],"product_cat":[74],"product_tag":[],"class_list":{"0":"post-65296","1":"product","2":"type-product","3":"status-publish","4":"has-post-thumbnail","6":"product_cat-accesorios-fem","8":"first","9":"instock","10":"shipping-taxable","11":"purchasable","12":"product-type-simple"},"_links":{"self":[{"href":"https:\/\/brandss.com.py\/index\/wp-json\/wp\/v2\/product\/65296","targetHints":{"allow":["GET"]}}],"collection":[{"href":"https:\/\/brandss.com.py\/index\/wp-json\/wp\/v2\/product"}],"about":[{"href":"https:\/\/brandss.com.py\/index\/wp-json\/wp\/v2\/types\/product"}],"replies":[{"embeddable":true,"href":"https:\/\/brandss.com.py\/index\/wp-json\/wp\/v2\/comments?post=65296"}],"version-history":[{"count":3,"href":"https:\/\/brandss.com.py\/index\/wp-json\/wp\/v2\/product\/65296\/revisions"}],"predecessor-version":[{"id":65305,"href":"https:\/\/brandss.com.py\/index\/wp-json\/wp\/v2\/product\/65296\/revisions\/65305"}],"wp:featuredmedia":[{"embeddable":true,"href":"https:\/\/brandss.com.py\/index\/wp-json\/wp\/v2\/media\/65297"}],"wp:attachment":[{"href":"https:\/\/brandss.com.py\/index\/wp-json\/wp\/v2\/media?parent=65296"}],"wp:term":[{"taxonomy":"product_brand","embeddable":true,"href":"https:\/\/brandss.com.py\/index\/wp-json\/wp\/v2\/product_brand?post=65296"},{"taxonomy":"product_cat","embeddable":true,"href":"https:\/\/brandss.com.py\/index\/wp-json\/wp\/v2\/product_cat?post=65296"},{"taxonomy":"product_tag","embeddable":true,"href":"https:\/\/brandss.com.py\/index\/wp-json\/wp\/v2\/product_tag?post=65296"}],"curies":[{"name":"wp","href":"https:\/\/api.w.org\/{rel}","templated":true}]}}