{"id":65316,"date":"2025-01-06T17:54:00","date_gmt":"2025-01-06T17:54:00","guid":{"rendered":"https:\/\/brandss.com.py\/index\/?post_type=product&#038;p=65316"},"modified":"2025-08-16T19:19:38","modified_gmt":"2025-08-16T19:19:38","slug":"bolso-de-mano-femenino-badgley-mischka-diana-3","status":"publish","type":"product","link":"https:\/\/brandss.com.py\/index\/producto\/bolso-de-mano-femenino-badgley-mischka-diana-3\/","title":{"rendered":"BOLSO DE MANO FEMENINO BADGLEY MISCHKA DIANA"},"content":{"rendered":"<p><img loading=\"lazy\" decoding=\"async\" class=\"\" src=\"https:\/\/searchspring.com\/wp-content\/uploads\/2020\/12\/BM1.png\" alt=\"Badgley Mischka Case Study - Searchspring\" width=\"83\" height=\"38\" \/><\/p>\n<h1>DIANA<\/h1>\n<p><span style=\"font-size: x-large\">Diana es un bolso de fin de semana de lujo con un dise\u00f1o acolchado de diamantes y un mont\u00f3n de bolsillos para llevar todo lo que necesitas para un d\u00eda ajetreado o fin de semana.<\/span><\/p>\n<ul class=\"product-points\">\n<li><span>Lujoso bolso de fin de semana con dise\u00f1o de cuero vegano acolchado con diamantes<\/span><\/li>\n<li><span>Interior forrado con monograma BM y bolsillos organizativos para almacenamiento.<\/span><\/li>\n<li><span>C\u00f3modo acceso para carrito de compras y placa con logotipo y herrajes en tono bronce brillante<\/span><\/li>\n<li><span>Cadena de metal doble para el hombro con una ca\u00edda de 11 a 19 pulgadas para un transporte c\u00f3modo<\/span><\/li>\n<li><span>Amplias dimensiones de 20L X 8W X 14H y una capacidad de peso de hasta 30 lb<\/span><\/li>\n<li><span>Dise\u00f1ado por los reconocidos dise\u00f1adores estadounidenses Mark Badgley y James Mischka<\/span><\/li>\n<li>Color: Marron.<\/li>\n<li>Modelo: BMWKDI<\/li>\n<\/ul>\n","protected":false},"excerpt":{"rendered":"<p>DIANA Diana es un bolso de fin de semana de lujo con un dise\u00f1o acolchado de diamantes y un mont\u00f3n<\/p>\n","protected":false},"featured_media":65317,"comment_status":"open","ping_status":"closed","template":"","meta":{"nf_dc_page":""},"product_brand":[],"product_cat":[74],"product_tag":[],"class_list":{"0":"post-65316","1":"product","2":"type-product","3":"status-publish","4":"has-post-thumbnail","6":"product_cat-accesorios-fem","8":"first","9":"instock","10":"shipping-taxable","11":"purchasable","12":"product-type-simple"},"_links":{"self":[{"href":"https:\/\/brandss.com.py\/index\/wp-json\/wp\/v2\/product\/65316","targetHints":{"allow":["GET"]}}],"collection":[{"href":"https:\/\/brandss.com.py\/index\/wp-json\/wp\/v2\/product"}],"about":[{"href":"https:\/\/brandss.com.py\/index\/wp-json\/wp\/v2\/types\/product"}],"replies":[{"embeddable":true,"href":"https:\/\/brandss.com.py\/index\/wp-json\/wp\/v2\/comments?post=65316"}],"version-history":[{"count":1,"href":"https:\/\/brandss.com.py\/index\/wp-json\/wp\/v2\/product\/65316\/revisions"}],"predecessor-version":[{"id":65326,"href":"https:\/\/brandss.com.py\/index\/wp-json\/wp\/v2\/product\/65316\/revisions\/65326"}],"wp:featuredmedia":[{"embeddable":true,"href":"https:\/\/brandss.com.py\/index\/wp-json\/wp\/v2\/media\/65317"}],"wp:attachment":[{"href":"https:\/\/brandss.com.py\/index\/wp-json\/wp\/v2\/media?parent=65316"}],"wp:term":[{"taxonomy":"product_brand","embeddable":true,"href":"https:\/\/brandss.com.py\/index\/wp-json\/wp\/v2\/product_brand?post=65316"},{"taxonomy":"product_cat","embeddable":true,"href":"https:\/\/brandss.com.py\/index\/wp-json\/wp\/v2\/product_cat?post=65316"},{"taxonomy":"product_tag","embeddable":true,"href":"https:\/\/brandss.com.py\/index\/wp-json\/wp\/v2\/product_tag?post=65316"}],"curies":[{"name":"wp","href":"https:\/\/api.w.org\/{rel}","templated":true}]}}