{"id":65327,"date":"2025-01-06T18:29:04","date_gmt":"2025-01-06T18:29:04","guid":{"rendered":"https:\/\/brandss.com.py\/index\/?post_type=product&#038;p=65327"},"modified":"2025-01-06T19:07:36","modified_gmt":"2025-01-06T19:07:36","slug":"bolso-de-mano-femenino-badgley-mischka-julia","status":"publish","type":"product","link":"https:\/\/brandss.com.py\/index\/producto\/bolso-de-mano-femenino-badgley-mischka-julia\/","title":{"rendered":"BOLSO DE MANO FEMENINO BADGLEY MISCHKA JULIA"},"content":{"rendered":"<p><img loading=\"lazy\" decoding=\"async\" class=\"\" src=\"https:\/\/searchspring.com\/wp-content\/uploads\/2020\/12\/BM1.png\" alt=\"Badgley Mischka Case Study - Searchspring\" width=\"81\" height=\"37\" \/><\/p>\n<h1>JULIA<\/h1>\n<p class=\"a-spacing-small\">Presentamos el fin de semana de cuero vegano Julia, una opci\u00f3n elegante y \u00e9tica para tu pr\u00f3ximo viaje. Forrado con tela suave de piel de melocot\u00f3n, este fin de semana es perfecto tanto para viajes de negocios como de ocio.<\/p>\n<h4 class=\"a-spacing-mini\">Cuerpo de cuero vegano r\u00fastico<\/h4>\n<p class=\"a-size-small\">Para que te veas bien y te sientas bien sabiendo que est\u00e1s haciendo una elecci\u00f3n \u00e9tica y elegante.<\/p>\n<h4 class=\"a-spacing-mini\">Interior forrado<\/h4>\n<p class=\"a-size-small\">Con forro de piel de melocot\u00f3n con el estampado del monograma BM, un cierre de cremallera y bolsillos interiores de organizaci\u00f3n<\/p>\n<h4 class=\"a-spacing-mini\">Correa cruzada ajustable<\/h4>\n<p class=\"a-size-small\">Proporciona un transporte c\u00f3modo y se puede quitar para mayor comodidad cuando se coloca en una maleta<\/p>\n<h4 class=\"a-spacing-mini\">Passthrough del carro<\/h4>\n<p class=\"a-size-small\">Asegura el carrito de fin de semana a maleta para el emparejamiento perfecto con maletas Badgley Mischka<\/p>\n<ul class=\"product-points\">\n<li><span>Cuerpo de cuero vegano r\u00fastico.<\/span><\/li>\n<li><span>Interior forrado con monograma BM, cierre de cremallera y bolsillos organizativos interiores.<\/span><\/li>\n<li><span>Placa de logotipo y herrajes dorados brillantes, y pernos inferiores.<\/span><\/li>\n<li><span>Paso de carros<\/span><\/li>\n<li><span>Correas de hombro planas reforzadas de PU con ca\u00edda de 6&#8243;<\/span><\/li>\n<li>Color: Marron.<\/li>\n<li>Modelo: BMWKJU<\/li>\n<\/ul>\n","protected":false},"excerpt":{"rendered":"<p>JULIA Presentamos el fin de semana de cuero vegano Julia, una opci\u00f3n elegante y \u00e9tica para tu pr\u00f3ximo viaje. Forrado<\/p>\n","protected":false},"featured_media":65328,"comment_status":"open","ping_status":"closed","template":"","meta":{"nf_dc_page":""},"product_brand":[],"product_cat":[74],"product_tag":[],"class_list":{"0":"post-65327","1":"product","2":"type-product","3":"status-publish","4":"has-post-thumbnail","6":"product_cat-accesorios-fem","8":"first","9":"instock","10":"shipping-taxable","11":"purchasable","12":"product-type-simple"},"_links":{"self":[{"href":"https:\/\/brandss.com.py\/index\/wp-json\/wp\/v2\/product\/65327","targetHints":{"allow":["GET"]}}],"collection":[{"href":"https:\/\/brandss.com.py\/index\/wp-json\/wp\/v2\/product"}],"about":[{"href":"https:\/\/brandss.com.py\/index\/wp-json\/wp\/v2\/types\/product"}],"replies":[{"embeddable":true,"href":"https:\/\/brandss.com.py\/index\/wp-json\/wp\/v2\/comments?post=65327"}],"version-history":[{"count":1,"href":"https:\/\/brandss.com.py\/index\/wp-json\/wp\/v2\/product\/65327\/revisions"}],"predecessor-version":[{"id":65337,"href":"https:\/\/brandss.com.py\/index\/wp-json\/wp\/v2\/product\/65327\/revisions\/65337"}],"wp:featuredmedia":[{"embeddable":true,"href":"https:\/\/brandss.com.py\/index\/wp-json\/wp\/v2\/media\/65328"}],"wp:attachment":[{"href":"https:\/\/brandss.com.py\/index\/wp-json\/wp\/v2\/media?parent=65327"}],"wp:term":[{"taxonomy":"product_brand","embeddable":true,"href":"https:\/\/brandss.com.py\/index\/wp-json\/wp\/v2\/product_brand?post=65327"},{"taxonomy":"product_cat","embeddable":true,"href":"https:\/\/brandss.com.py\/index\/wp-json\/wp\/v2\/product_cat?post=65327"},{"taxonomy":"product_tag","embeddable":true,"href":"https:\/\/brandss.com.py\/index\/wp-json\/wp\/v2\/product_tag?post=65327"}],"curies":[{"name":"wp","href":"https:\/\/api.w.org\/{rel}","templated":true}]}}