{"id":65376,"date":"2025-01-07T14:10:01","date_gmt":"2025-01-07T14:10:01","guid":{"rendered":"https:\/\/brandss.com.py\/index\/?post_type=product&#038;p=65376"},"modified":"2025-09-19T10:54:59","modified_gmt":"2025-09-19T10:54:59","slug":"bolso-de-viaje-femenino-bebe-ellisa-22","status":"publish","type":"product","link":"https:\/\/brandss.com.py\/index\/producto\/bolso-de-viaje-femenino-bebe-ellisa-22\/","title":{"rendered":"BOLSO DE VIAJE FEMENINO BEBE ELLISA 22&#8221;"},"content":{"rendered":"<p><img loading=\"lazy\" decoding=\"async\" class=\"\" src=\"https:\/\/d1yjjnpx0p53s8.cloudfront.net\/styles\/logo-thumbnail\/s3\/062013\/bebe.jpg?itok=GJSraTc7\" alt=\"bebe | Brands of the World\u2122 | Download vector logos and logotypes\" width=\"76\" height=\"76\" \/><\/p>\n<h1>ELLISA 22&#8221;<\/h1>\n<div class=\"long-description medium\" data-auto=\"product-long-description-section\" data-v-64c7d58a=\"\">\n<p data-v-64c7d58a=\"\">Irradia confianza en tu pr\u00f3ximo destino con el bolso de fin de semana Bebe Ellisa. Los elegantes tonos negros y dorados, con detalles de serpiente sint\u00e9tica, seguramente dejar\u00e1n una impresi\u00f3n duradera y causar\u00e1n sensaci\u00f3n dondequiera que vayas.<\/p>\n<\/div>\n<h4 class=\"medium margin-bottom-xxs\" data-v-64c7d58a=\"\">Caracter\u00edsticas<\/h4>\n<div data-v-64c7d58a=\"\" data-v-291cdd5e=\"\">\n<ul class=\"margin-left-xs\" data-v-291cdd5e=\"\">\n<li class=\"padding-left-xxs\" data-v-291cdd5e=\"\"><span data-testid=\"other-type\" data-v-291cdd5e=\"\">21&#8243; de ancho x 10&#8243; de largo x 12&#8243; de alto<\/span><\/li>\n<li class=\"padding-left-xxs\" data-v-291cdd5e=\"\"><span data-testid=\"other-type\" data-v-291cdd5e=\"\">Peso 3 libras.<\/span><\/li>\n<li class=\"padding-left-xxs\" data-v-291cdd5e=\"\"><span data-testid=\"other-type\" data-v-291cdd5e=\"\">Cumple con los requisitos de equipaje de mano de la mayor\u00eda de las principales aerol\u00edneas.<\/span><\/li>\n<li class=\"padding-left-xxs\" data-v-291cdd5e=\"\"><span data-testid=\"other-type\" data-v-291cdd5e=\"\">Cuero de imitaci\u00f3n<\/span><\/li>\n<li class=\"padding-left-xxs\" data-v-291cdd5e=\"\"><span data-testid=\"other-type\" data-v-291cdd5e=\"\">Limpieza localizada<\/span><\/li>\n<li class=\"padding-left-xxs\" data-v-291cdd5e=\"\"><span data-testid=\"other-type\" data-v-291cdd5e=\"\">Importado<\/span><\/li>\n<li data-v-291cdd5e=\"\">Color: Negro\/ Dorado.<\/li>\n<li data-v-291cdd5e=\"\">Modelo: BE-SD-31-BKCC<\/li>\n<\/ul>\n<\/div>\n","protected":false},"excerpt":{"rendered":"<p>ELLISA 22&#8221; Irradia confianza en tu pr\u00f3ximo destino con el bolso de fin de semana Bebe Ellisa. Los elegantes tonos<\/p>\n","protected":false},"featured_media":65377,"comment_status":"open","ping_status":"closed","template":"","meta":{"nf_dc_page":""},"product_brand":[],"product_cat":[74],"product_tag":[],"class_list":{"0":"post-65376","1":"product","2":"type-product","3":"status-publish","4":"has-post-thumbnail","6":"product_cat-accesorios-fem","8":"first","9":"instock","10":"shipping-taxable","11":"purchasable","12":"product-type-simple"},"_links":{"self":[{"href":"https:\/\/brandss.com.py\/index\/wp-json\/wp\/v2\/product\/65376","targetHints":{"allow":["GET"]}}],"collection":[{"href":"https:\/\/brandss.com.py\/index\/wp-json\/wp\/v2\/product"}],"about":[{"href":"https:\/\/brandss.com.py\/index\/wp-json\/wp\/v2\/types\/product"}],"replies":[{"embeddable":true,"href":"https:\/\/brandss.com.py\/index\/wp-json\/wp\/v2\/comments?post=65376"}],"version-history":[{"count":3,"href":"https:\/\/brandss.com.py\/index\/wp-json\/wp\/v2\/product\/65376\/revisions"}],"predecessor-version":[{"id":65385,"href":"https:\/\/brandss.com.py\/index\/wp-json\/wp\/v2\/product\/65376\/revisions\/65385"}],"wp:featuredmedia":[{"embeddable":true,"href":"https:\/\/brandss.com.py\/index\/wp-json\/wp\/v2\/media\/65377"}],"wp:attachment":[{"href":"https:\/\/brandss.com.py\/index\/wp-json\/wp\/v2\/media?parent=65376"}],"wp:term":[{"taxonomy":"product_brand","embeddable":true,"href":"https:\/\/brandss.com.py\/index\/wp-json\/wp\/v2\/product_brand?post=65376"},{"taxonomy":"product_cat","embeddable":true,"href":"https:\/\/brandss.com.py\/index\/wp-json\/wp\/v2\/product_cat?post=65376"},{"taxonomy":"product_tag","embeddable":true,"href":"https:\/\/brandss.com.py\/index\/wp-json\/wp\/v2\/product_tag?post=65376"}],"curies":[{"name":"wp","href":"https:\/\/api.w.org\/{rel}","templated":true}]}}