{"id":65420,"date":"2025-01-07T16:55:50","date_gmt":"2025-01-07T16:55:50","guid":{"rendered":"https:\/\/brandss.com.py\/index\/?post_type=product&#038;p=65420"},"modified":"2025-01-07T16:56:31","modified_gmt":"2025-01-07T16:56:31","slug":"camiseta-deportivo-femenino-adidas-lifestyle-logo-play-mangas-cortas","status":"publish","type":"product","link":"https:\/\/brandss.com.py\/index\/producto\/camiseta-deportivo-femenino-adidas-lifestyle-logo-play-mangas-cortas\/","title":{"rendered":"CAMISETA DEPORTIVO FEMENINO ADIDAS LIFESTYLE LOGO PLAY MANGAS CORTAS"},"content":{"rendered":"<p><img loading=\"lazy\" decoding=\"async\" class=\"\" src=\"https:\/\/upload.wikimedia.org\/wikipedia\/commons\/f\/fe\/Logo_Adidas.png\" alt=\"Archivo:Logo Adidas.png - Wikipedia, la enciclopedia libre\" width=\"101\" height=\"67\" \/><\/p>\n<h1>LIFESTYLE LOGO PLAY<\/h1>\n<h3 class=\"subtitle___9ljbp\"><span>El tr\u00e9bol evoluciona en esta divertida camiseta de algod\u00f3n.<\/span><\/h3>\n<p class=\"gl-vspace\"><span>Cuanto m\u00e1s colores, mejor. Lo mismo ocurre con los tr\u00e9boles. Menos mal que en esta camiseta de adidas hay varios de cada uno. P\u00f3ntela y disfruta de la sensaci\u00f3n de bienestar. El algod\u00f3n suave tiene ese efecto. Al comprar productos de algod\u00f3n de nuestra tienda, est\u00e1s apoyando un cultivo de algod\u00f3n m\u00e1s sostenible.<\/span><\/p>\n<div class=\"accordion__header-text___2o9Im\">\n<h2 class=\"accordion-title___2sTgR\"><span>Cuidado<\/span><\/h2>\n<\/div>\n<div class=\"accordion__header-icon___2FuRa\"><\/div>\n<div class=\"accordion__content___29x9h\">\n<div class=\"content-padding___2kVWQ\">\n<div class=\"care___2GwB4\" data-auto-id=\"pdp-content-care\">\n<div class=\"care-instructions___3scEd\">\n<h4 class=\"care-title___2YJe1 gl-no-margin-bottom\">Instrucciones de lavado<\/h4>\n<ul class=\"\">\n<li class=\"gl-vspace-bpall-small\"><img loading=\"lazy\" decoding=\"async\" src=\"https:\/\/www.adidas.co.th\/glass\/react\/2b5462a\/assets\/img\/washing-instructions\/B1.svg\" alt=\"\" width=\"24\" height=\"24\" \/>No usa blanqueador<\/li>\n<li class=\"gl-vspace-bpall-small\"><img loading=\"lazy\" decoding=\"async\" src=\"https:\/\/www.adidas.co.th\/glass\/react\/2b5462a\/assets\/img\/washing-instructions\/C1.svg\" alt=\"\" width=\"24\" height=\"24\" \/>No secar en secadora<\/li>\n<li class=\"gl-vspace-bpall-small\"><img loading=\"lazy\" decoding=\"async\" src=\"https:\/\/www.adidas.co.th\/glass\/react\/2b5462a\/assets\/img\/washing-instructions\/E1.svg\" alt=\"\" width=\"24\" height=\"24\" \/>No lavar en seco<\/li>\n<li class=\"gl-vspace-bpall-small\"><img loading=\"lazy\" decoding=\"async\" src=\"https:\/\/www.adidas.co.th\/glass\/react\/2b5462a\/assets\/img\/washing-instructions\/D2.svg\" alt=\"\" width=\"24\" height=\"24\" \/>Retocar con plancha fr\u00eda<\/li>\n<li class=\"gl-vspace-bpall-small\"><img loading=\"lazy\" decoding=\"async\" src=\"https:\/\/www.adidas.co.th\/glass\/react\/2b5462a\/assets\/img\/washing-instructions\/A3.svg\" alt=\"\" width=\"24\" height=\"24\" \/>Lavar a m\u00e1quina con agua fr\u00eda<\/li>\n<\/ul>\n<\/div>\n<div class=\"extra-instructions___2TR8b\">\n<h4 class=\"care-title___2YJe1 gl-no-margin-bottom\">Informaci\u00f3n de cuidados adicionales<\/h4>\n<ul class=\"gl-list gl-vspace-bpall-small\">\n<li class=\"gl-vspace-bpall-small\">Lavar y secar del rev\u00e9s.<\/li>\n<li class=\"gl-vspace-bpall-small\">No utilice suavizante de telas.<\/li>\n<li class=\"gl-vspace-bpall-small\">Utilice \u00fanicamente detergente suave<\/li>\n<li class=\"gl-vspace-bpall-small\">No planchar la impresi\u00f3n<\/li>\n<li class=\"gl-vspace-bpall-small\">Lavar con colores similares<\/li>\n<\/ul>\n<div class=\"accordion__header-text___2o9Im\">\n<h2 class=\"accordion-title___2sTgR\"><span>Detalles<\/span><\/h2>\n<\/div>\n<div class=\"accordion__header-icon___2FuRa\"><\/div>\n<div class=\"accordion__content___29x9h\">\n<div class=\"content-padding___2kVWQ\">\n<div class=\"bullets___3bsSs\" data-auto-id=\"specifications-section\">\n<ul class=\"gl-list\">\n<li class=\"gl-vspace-bpall-small\"><span>Ajuste relajado<\/span><\/li>\n<li class=\"gl-vspace-bpall-small\"><span>Cuello redondo acanalado<\/span><\/li>\n<li class=\"gl-vspace-bpall-small\"><span>Jersey sencillo 100% algod\u00f3n<\/span><\/li>\n<li class=\"gl-vspace-bpall-small\"><span>Jersey sencillo<\/span><\/li>\n<li class=\"gl-vspace-bpall-small\"><span>Iniciativa para un mejor algod\u00f3n<\/span><\/li>\n<li class=\"gl-vspace-bpall-small\"><span>Color: Gris claro jaspeado<\/span><\/li>\n<li class=\"gl-vspace-bpall-small\"><span>Modelo: H22745<\/span><\/li>\n<\/ul>\n<\/div>\n<\/div>\n<\/div>\n<\/div>\n<\/div>\n<\/div>\n<\/div>\n","protected":false},"excerpt":{"rendered":"<p>LIFESTYLE LOGO PLAY El tr\u00e9bol evoluciona en esta divertida camiseta de algod\u00f3n. Cuanto m\u00e1s colores, mejor. Lo mismo ocurre con<\/p>\n","protected":false},"featured_media":65421,"comment_status":"open","ping_status":"closed","template":"","meta":{"nf_dc_page":""},"product_brand":[],"product_cat":[73],"product_tag":[],"class_list":{"0":"post-65420","1":"product","2":"type-product","3":"status-publish","4":"has-post-thumbnail","6":"product_cat-femenino","8":"first","9":"instock","10":"shipping-taxable","11":"purchasable","12":"product-type-simple"},"_links":{"self":[{"href":"https:\/\/brandss.com.py\/index\/wp-json\/wp\/v2\/product\/65420","targetHints":{"allow":["GET"]}}],"collection":[{"href":"https:\/\/brandss.com.py\/index\/wp-json\/wp\/v2\/product"}],"about":[{"href":"https:\/\/brandss.com.py\/index\/wp-json\/wp\/v2\/types\/product"}],"replies":[{"embeddable":true,"href":"https:\/\/brandss.com.py\/index\/wp-json\/wp\/v2\/comments?post=65420"}],"version-history":[{"count":1,"href":"https:\/\/brandss.com.py\/index\/wp-json\/wp\/v2\/product\/65420\/revisions"}],"predecessor-version":[{"id":65427,"href":"https:\/\/brandss.com.py\/index\/wp-json\/wp\/v2\/product\/65420\/revisions\/65427"}],"wp:featuredmedia":[{"embeddable":true,"href":"https:\/\/brandss.com.py\/index\/wp-json\/wp\/v2\/media\/65421"}],"wp:attachment":[{"href":"https:\/\/brandss.com.py\/index\/wp-json\/wp\/v2\/media?parent=65420"}],"wp:term":[{"taxonomy":"product_brand","embeddable":true,"href":"https:\/\/brandss.com.py\/index\/wp-json\/wp\/v2\/product_brand?post=65420"},{"taxonomy":"product_cat","embeddable":true,"href":"https:\/\/brandss.com.py\/index\/wp-json\/wp\/v2\/product_cat?post=65420"},{"taxonomy":"product_tag","embeddable":true,"href":"https:\/\/brandss.com.py\/index\/wp-json\/wp\/v2\/product_tag?post=65420"}],"curies":[{"name":"wp","href":"https:\/\/api.w.org\/{rel}","templated":true}]}}