{"id":65496,"date":"2025-01-08T13:32:45","date_gmt":"2025-01-08T13:32:45","guid":{"rendered":"https:\/\/brandss.com.py\/index\/?post_type=product&#038;p=65496"},"modified":"2025-01-08T13:33:48","modified_gmt":"2025-01-08T13:33:48","slug":"pantalon-casual-femenino-hugo-boss-jeans-cropped","status":"publish","type":"product","link":"https:\/\/brandss.com.py\/index\/producto\/pantalon-casual-femenino-hugo-boss-jeans-cropped\/","title":{"rendered":"PANTAL\u00d3N CASUAL FEMENINO HUGO BOSS JEANS CROPPED"},"content":{"rendered":"<p><img loading=\"lazy\" decoding=\"async\" class=\"\" src=\"https:\/\/vintageclothingguides.com\/ezoimgfmt\/i0.wp.com\/vintageclothingguides.com\/wp-content\/uploads\/2024\/05\/1924-to-2021-hugo-boss-logo.png?resize=500%2C281&amp;ssl=1&amp;ezimgfmt=rs:346x195\/rscb2\" alt=\"How to tell if Hugo Boss is vintage: Logos, Tags &amp; Tips | Vintage Clothing  Guides\" width=\"168\" height=\"94\" \/><\/p>\n<h1>JEANS CROPPED<\/h1>\n<div class=\"ProductActive__descriptionParagraph__UR7wG\">Vaqueros de la colecci\u00f3n HUGO, corte slim fit y cintura elevada. Modelo creado a partir de denim lavado. Vaqueros cropped de la colecci\u00f3n oto\u00f1o-invierno de HUGO. El modelo de corte recto con cierre de botones, 5 bolsillos y trabillas para cintur\u00f3n est\u00e1 confeccionado en puro algod\u00f3n natural, que tiene una transpirabilidad natural.<\/div>\n<div><\/div>\n<ul>\n<li class=\"ProductActive__descriptionParagraph__UR7wG\"><span>Este producto fue cosido con algod\u00f3n org\u00e1nico certificado, que se cultiva y cosecha a partir de plantas no modificadas gen\u00e9ticamente sin el uso de fertilizantes pesticidas qu\u00edmicos.<\/span><\/li>\n<li class=\"ProductActive__descriptionParagraph__UR7wG\"><span>Corte slim fit: jeans con cintura m\u00e1s baja y pantal\u00f3n estrecho, tanto en los muslos como en el tobillo. Destacan la l\u00ednea natural de la figura, garantizan comodidad y comodidad.<\/span><\/li>\n<li class=\"ProductActive__descriptionParagraph__UR7wG\"><span>Dos bolsillos abiertos en la espalda.<\/span><\/li>\n<li class=\"ProductActive__descriptionParagraph__UR7wG\"><span>Dos bolsillos abiertos en la parte delantera.<\/span><\/li>\n<li class=\"ProductActive__descriptionParagraph__UR7wG\"><span>Modelo con cintura levantada y cierre de botones.<\/span><\/li>\n<li class=\"ProductActive__descriptionParagraph__UR7wG\">Tejido principal: 80% Algod\u00f3n, 20% Algod\u00f3n Org\u00e1nico<\/li>\n<li class=\"ProductActive__descriptionParagraph__UR7wG\">Forro del bolsillo: 57% Poli\u00e9ster, 40% Algod\u00f3n, 3% Elastano<\/li>\n<li>Color: Gris<\/li>\n<li class=\"ProductActive__descriptionParagraph__UR7wG\">Modelo: 50499325<\/li>\n<\/ul>\n<div><\/div>\n","protected":false},"excerpt":{"rendered":"<p>JEANS CROPPED Vaqueros de la colecci\u00f3n HUGO, corte slim fit y cintura elevada. Modelo creado a partir de denim lavado.<\/p>\n","protected":false},"featured_media":65497,"comment_status":"open","ping_status":"closed","template":"","meta":{"nf_dc_page":""},"product_brand":[],"product_cat":[73],"product_tag":[],"class_list":{"0":"post-65496","1":"product","2":"type-product","3":"status-publish","4":"has-post-thumbnail","6":"product_cat-femenino","8":"first","9":"instock","10":"shipping-taxable","11":"purchasable","12":"product-type-simple"},"_links":{"self":[{"href":"https:\/\/brandss.com.py\/index\/wp-json\/wp\/v2\/product\/65496","targetHints":{"allow":["GET"]}}],"collection":[{"href":"https:\/\/brandss.com.py\/index\/wp-json\/wp\/v2\/product"}],"about":[{"href":"https:\/\/brandss.com.py\/index\/wp-json\/wp\/v2\/types\/product"}],"replies":[{"embeddable":true,"href":"https:\/\/brandss.com.py\/index\/wp-json\/wp\/v2\/comments?post=65496"}],"version-history":[{"count":1,"href":"https:\/\/brandss.com.py\/index\/wp-json\/wp\/v2\/product\/65496\/revisions"}],"predecessor-version":[{"id":65506,"href":"https:\/\/brandss.com.py\/index\/wp-json\/wp\/v2\/product\/65496\/revisions\/65506"}],"wp:featuredmedia":[{"embeddable":true,"href":"https:\/\/brandss.com.py\/index\/wp-json\/wp\/v2\/media\/65497"}],"wp:attachment":[{"href":"https:\/\/brandss.com.py\/index\/wp-json\/wp\/v2\/media?parent=65496"}],"wp:term":[{"taxonomy":"product_brand","embeddable":true,"href":"https:\/\/brandss.com.py\/index\/wp-json\/wp\/v2\/product_brand?post=65496"},{"taxonomy":"product_cat","embeddable":true,"href":"https:\/\/brandss.com.py\/index\/wp-json\/wp\/v2\/product_cat?post=65496"},{"taxonomy":"product_tag","embeddable":true,"href":"https:\/\/brandss.com.py\/index\/wp-json\/wp\/v2\/product_tag?post=65496"}],"curies":[{"name":"wp","href":"https:\/\/api.w.org\/{rel}","templated":true}]}}