{"id":65519,"date":"2025-01-08T16:58:53","date_gmt":"2025-01-08T16:58:53","guid":{"rendered":"https:\/\/brandss.com.py\/index\/?post_type=product&#038;p=65519"},"modified":"2025-01-08T16:59:36","modified_gmt":"2025-01-08T16:59:36","slug":"pantalon-casual-femenino-hugo-boss-gisanna","status":"publish","type":"product","link":"https:\/\/brandss.com.py\/index\/producto\/pantalon-casual-femenino-hugo-boss-gisanna\/","title":{"rendered":"PANTAL\u00d3N CASUAL FEMENINO HUGO BOSS GISANNA"},"content":{"rendered":"<p><img loading=\"lazy\" decoding=\"async\" class=\"\" src=\"https:\/\/seeklogo.com\/images\/H\/hugo-boss-logo-BD6CF8416D-seeklogo.com.png\" alt=\"Hugo Boss Logo PNG Vector (EPS) Free Download\" width=\"85\" height=\"85\" \/><\/p>\n<h1>GISANNA<\/h1>\n<div class=\"pdp-stage__accordion-description\"><span>Vaqueros de pernera ancha de HUGO Womenswear, de corte relajado, en denim azul cuarzo con detalles desgastados y cintura cruzada. Al comprar este producto, est\u00e1s contribuyendo a proteger el medio ambiente y al cultivo sostenible del algod\u00f3n en \u00c1frica. CmiA se compromete a mejorar las condiciones de vida y de trabajo de los agricultores de algod\u00f3n africanos y a preservar la naturaleza.<\/span><\/div>\n<ul>\n<li><span>Ajuste: relajado.<\/span><\/li>\n<li>Tiro: bajo.<\/li>\n<li>Cierre: con botones y cremallera.<\/li>\n<li>Pierna: ancha.<\/li>\n<li>Largo: est\u00e1ndar.<\/li>\n<li>Composici\u00f3n: 82% algod\u00f3n, 18% lyocell, bolsillos: 65% poli\u00e9ster, 35% algod\u00f3n.<\/li>\n<li>Lavado suave y fino a 30 \u00b0C.<\/li>\n<li>No usa blanqueador.<\/li>\n<li>No secar en secadora.<\/li>\n<li>Plancha a fuego medio.<\/li>\n<li>No limpiar en seco con productos qu\u00edmicos.<\/li>\n<li>Color: Azul.<\/li>\n<li>Modelo: 50513764.<\/li>\n<\/ul>\n","protected":false},"excerpt":{"rendered":"<p>GISANNA Vaqueros de pernera ancha de HUGO Womenswear, de corte relajado, en denim azul cuarzo con detalles desgastados y cintura<\/p>\n","protected":false},"featured_media":65520,"comment_status":"open","ping_status":"closed","template":"","meta":{"nf_dc_page":""},"product_brand":[],"product_cat":[73],"product_tag":[],"class_list":{"0":"post-65519","1":"product","2":"type-product","3":"status-publish","4":"has-post-thumbnail","6":"product_cat-femenino","8":"first","9":"instock","10":"shipping-taxable","11":"purchasable","12":"product-type-simple"},"_links":{"self":[{"href":"https:\/\/brandss.com.py\/index\/wp-json\/wp\/v2\/product\/65519","targetHints":{"allow":["GET"]}}],"collection":[{"href":"https:\/\/brandss.com.py\/index\/wp-json\/wp\/v2\/product"}],"about":[{"href":"https:\/\/brandss.com.py\/index\/wp-json\/wp\/v2\/types\/product"}],"replies":[{"embeddable":true,"href":"https:\/\/brandss.com.py\/index\/wp-json\/wp\/v2\/comments?post=65519"}],"version-history":[{"count":1,"href":"https:\/\/brandss.com.py\/index\/wp-json\/wp\/v2\/product\/65519\/revisions"}],"predecessor-version":[{"id":65527,"href":"https:\/\/brandss.com.py\/index\/wp-json\/wp\/v2\/product\/65519\/revisions\/65527"}],"wp:featuredmedia":[{"embeddable":true,"href":"https:\/\/brandss.com.py\/index\/wp-json\/wp\/v2\/media\/65520"}],"wp:attachment":[{"href":"https:\/\/brandss.com.py\/index\/wp-json\/wp\/v2\/media?parent=65519"}],"wp:term":[{"taxonomy":"product_brand","embeddable":true,"href":"https:\/\/brandss.com.py\/index\/wp-json\/wp\/v2\/product_brand?post=65519"},{"taxonomy":"product_cat","embeddable":true,"href":"https:\/\/brandss.com.py\/index\/wp-json\/wp\/v2\/product_cat?post=65519"},{"taxonomy":"product_tag","embeddable":true,"href":"https:\/\/brandss.com.py\/index\/wp-json\/wp\/v2\/product_tag?post=65519"}],"curies":[{"name":"wp","href":"https:\/\/api.w.org\/{rel}","templated":true}]}}