{"id":65528,"date":"2025-01-08T17:36:22","date_gmt":"2025-01-08T17:36:22","guid":{"rendered":"https:\/\/brandss.com.py\/index\/?post_type=product&#038;p=65528"},"modified":"2025-01-08T17:37:34","modified_gmt":"2025-01-08T17:37:34","slug":"pantalon-casual-femenino-tommy-hilfiger-sylvia-high-flare","status":"publish","type":"product","link":"https:\/\/brandss.com.py\/index\/producto\/pantalon-casual-femenino-tommy-hilfiger-sylvia-high-flare\/","title":{"rendered":"PANTAL\u00d3N CASUAL FEMENINO TOMMY HILFIGER SYLVIA HIGH FLARE"},"content":{"rendered":"<p>&nbsp;<\/p>\n<p><img loading=\"lazy\" decoding=\"async\" class=\"\" src=\"https:\/\/1000marcas.net\/wp-content\/uploads\/2020\/01\/Tommy-Hilfiger-logo.png\" alt=\"Tommy Hilfiger Logo - s\u00edmbolo, significado logotipo, historia, PNG\" width=\"136\" height=\"76\" \/><\/p>\n<h1>SYLVIA HIGH FLARE<\/h1>\n<div><span>Mant\u00e9n el estilo con estos jeans Sylvia de tiro alto y pierna acampanada de Tommy Jeans. Confeccionados con materiales de alta calidad, estos jeans ofrecen un ajuste c\u00f3modo y ce\u00f1ido que realzar\u00e1 tu silueta. El corte acampanado le da un toque de originalidad y estilo a tu outfit, perfecto para cualquier ocasi\u00f3n. A\u00f1ade un toque de clase a tu guardarropa con\u00a0los jeans\u00a0<strong>Tommy Hilfiger<\/strong> y hazte notar dondequiera que vayas. No pierdas la oportunidad de poseer una prenda ic\u00f3nica y de moda, estos jeans ultrac\u00f3modos tienen tiro alto con lavado denim medio, pierna acampanada, cinco bolsillos y una cremallera oculta con cierre de bot\u00f3n. Con la marca Tommy Jeans en la cintura trasera y las trabillas para cintur\u00f3n, puedes lucir y sentirte genial todo el d\u00eda.\u00a0<\/span><\/div>\n<p>\u00a1Compra ahora los jeans Sylvia Flare fit para mujer!<\/p>\n<ul>\n<li><strong><span>Marca:<\/span><\/strong><span>\u00a0\u00a0Tommy Jeans<\/span><\/li>\n<li><strong><span>Nombre del estilo:<\/span><\/strong><span>\u00a0Sylvia<\/span><\/li>\n<li><strong><span>C\u00f3digo de estilo:<\/span><\/strong><span>\u00a0DW0DW17156-1A5<\/span><\/li>\n<li><strong><span>Color:<\/span><\/strong><span>\u00a0\u00a0Denim medio<\/span><\/li>\n<li><strong><span>Ajuste:<\/span><\/strong><span>\u00a0\u00a0Ajuste regular<\/span><\/li>\n<li><strong><span>Materiales<\/span><\/strong><span>\u00a0: 78 % algod\u00f3n (RGC), 20 % algod\u00f3n reciclado, 2 % elastano<\/span><\/li>\n<li><strong><span>Cuidados de lavado:\u00a0<\/span><\/strong><span>\u00a0Lavar a m\u00e1quina a 30 \u00b0C.<\/span><\/li>\n<\/ul>\n","protected":false},"excerpt":{"rendered":"<p>&nbsp; SYLVIA HIGH FLARE Mant\u00e9n el estilo con estos jeans Sylvia de tiro alto y pierna acampanada de Tommy Jeans.<\/p>\n","protected":false},"featured_media":65529,"comment_status":"open","ping_status":"closed","template":"","meta":{"nf_dc_page":""},"product_brand":[],"product_cat":[73],"product_tag":[],"class_list":{"0":"post-65528","1":"product","2":"type-product","3":"status-publish","4":"has-post-thumbnail","6":"product_cat-femenino","8":"first","9":"instock","10":"shipping-taxable","11":"purchasable","12":"product-type-simple"},"_links":{"self":[{"href":"https:\/\/brandss.com.py\/index\/wp-json\/wp\/v2\/product\/65528","targetHints":{"allow":["GET"]}}],"collection":[{"href":"https:\/\/brandss.com.py\/index\/wp-json\/wp\/v2\/product"}],"about":[{"href":"https:\/\/brandss.com.py\/index\/wp-json\/wp\/v2\/types\/product"}],"replies":[{"embeddable":true,"href":"https:\/\/brandss.com.py\/index\/wp-json\/wp\/v2\/comments?post=65528"}],"version-history":[{"count":1,"href":"https:\/\/brandss.com.py\/index\/wp-json\/wp\/v2\/product\/65528\/revisions"}],"predecessor-version":[{"id":65537,"href":"https:\/\/brandss.com.py\/index\/wp-json\/wp\/v2\/product\/65528\/revisions\/65537"}],"wp:featuredmedia":[{"embeddable":true,"href":"https:\/\/brandss.com.py\/index\/wp-json\/wp\/v2\/media\/65529"}],"wp:attachment":[{"href":"https:\/\/brandss.com.py\/index\/wp-json\/wp\/v2\/media?parent=65528"}],"wp:term":[{"taxonomy":"product_brand","embeddable":true,"href":"https:\/\/brandss.com.py\/index\/wp-json\/wp\/v2\/product_brand?post=65528"},{"taxonomy":"product_cat","embeddable":true,"href":"https:\/\/brandss.com.py\/index\/wp-json\/wp\/v2\/product_cat?post=65528"},{"taxonomy":"product_tag","embeddable":true,"href":"https:\/\/brandss.com.py\/index\/wp-json\/wp\/v2\/product_tag?post=65528"}],"curies":[{"name":"wp","href":"https:\/\/api.w.org\/{rel}","templated":true}]}}