{"id":65538,"date":"2025-01-08T18:12:22","date_gmt":"2025-01-08T18:12:22","guid":{"rendered":"https:\/\/brandss.com.py\/index\/?post_type=product&#038;p=65538"},"modified":"2025-01-08T18:12:57","modified_gmt":"2025-01-08T18:12:57","slug":"pantalon-casual-femenino-tommy-hilfiger-nora-mid-rise-skinny","status":"publish","type":"product","link":"https:\/\/brandss.com.py\/index\/producto\/pantalon-casual-femenino-tommy-hilfiger-nora-mid-rise-skinny\/","title":{"rendered":"PANTAL\u00d3N CASUAL FEMENINO TOMMY HILFIGER NORA MID RISE SKINNY"},"content":{"rendered":"<p><img loading=\"lazy\" decoding=\"async\" class=\"\" src=\"https:\/\/1000marcas.net\/wp-content\/uploads\/2020\/01\/Tommy-Hilfiger-logo.png\" alt=\"Tommy Hilfiger Logo - s\u00edmbolo, significado logotipo, historia, PNG\" width=\"128\" height=\"72\" \/><\/p>\n<h1>NORA MID RISE SKINNY<\/h1>\n<div class=\"ProductActive__descriptionParagraph__UR7wG\"><span>Vaqueros de la colecci\u00f3n Tommy Jeans de corte skinny y cintura est\u00e1ndar. Modelo confeccionado en denim el\u00e1stico.<\/span><\/div>\n<ul>\n<li class=\"ProductActive__descriptionParagraph__UR7wG\"><span>Este producto est\u00e1 parcialmente fabricado con algod\u00f3n reciclado.<\/span><\/li>\n<li class=\"ProductActive__descriptionParagraph__UR7wG\"><span>\u00a0Modelo de cintura est\u00e1ndar y cierre con bot\u00f3n y cremallera.<\/span><\/li>\n<li class=\"ProductActive__descriptionParagraph__UR7wG\"><span>\u00a0Tres bolsillos abiertos en la parte delantera.<\/span><\/li>\n<li class=\"ProductActive__descriptionParagraph__UR7wG\"><span>Dos bolsillos en las nalgas.<\/span><\/li>\n<li class=\"ProductActive__descriptionParagraph__UR7wG\">Composici\u00f3n: <i class=\"icon Icon__icon-v__OxZwe Accordion__icon__MVz64 Accordion__iconRotateDown__0Cw3z\"><\/i>72% Algod\u00f3n, 20% Algod\u00f3n Reciclado, 6% Poli\u00e9ster, 2% Lyocell.<\/li>\n<li>Color: Gris.<\/li>\n<li>Modelo: DW0DW16692.<\/li>\n<\/ul>\n","protected":false},"excerpt":{"rendered":"<p>NORA MID RISE SKINNY Vaqueros de la colecci\u00f3n Tommy Jeans de corte skinny y cintura est\u00e1ndar. Modelo confeccionado en denim<\/p>\n","protected":false},"featured_media":65539,"comment_status":"open","ping_status":"closed","template":"","meta":{"nf_dc_page":""},"product_brand":[],"product_cat":[73],"product_tag":[],"class_list":{"0":"post-65538","1":"product","2":"type-product","3":"status-publish","4":"has-post-thumbnail","6":"product_cat-femenino","8":"first","9":"instock","10":"shipping-taxable","11":"purchasable","12":"product-type-simple"},"_links":{"self":[{"href":"https:\/\/brandss.com.py\/index\/wp-json\/wp\/v2\/product\/65538","targetHints":{"allow":["GET"]}}],"collection":[{"href":"https:\/\/brandss.com.py\/index\/wp-json\/wp\/v2\/product"}],"about":[{"href":"https:\/\/brandss.com.py\/index\/wp-json\/wp\/v2\/types\/product"}],"replies":[{"embeddable":true,"href":"https:\/\/brandss.com.py\/index\/wp-json\/wp\/v2\/comments?post=65538"}],"version-history":[{"count":1,"href":"https:\/\/brandss.com.py\/index\/wp-json\/wp\/v2\/product\/65538\/revisions"}],"predecessor-version":[{"id":65545,"href":"https:\/\/brandss.com.py\/index\/wp-json\/wp\/v2\/product\/65538\/revisions\/65545"}],"wp:featuredmedia":[{"embeddable":true,"href":"https:\/\/brandss.com.py\/index\/wp-json\/wp\/v2\/media\/65539"}],"wp:attachment":[{"href":"https:\/\/brandss.com.py\/index\/wp-json\/wp\/v2\/media?parent=65538"}],"wp:term":[{"taxonomy":"product_brand","embeddable":true,"href":"https:\/\/brandss.com.py\/index\/wp-json\/wp\/v2\/product_brand?post=65538"},{"taxonomy":"product_cat","embeddable":true,"href":"https:\/\/brandss.com.py\/index\/wp-json\/wp\/v2\/product_cat?post=65538"},{"taxonomy":"product_tag","embeddable":true,"href":"https:\/\/brandss.com.py\/index\/wp-json\/wp\/v2\/product_tag?post=65538"}],"curies":[{"name":"wp","href":"https:\/\/api.w.org\/{rel}","templated":true}]}}