{"id":65546,"date":"2025-01-08T18:39:53","date_gmt":"2025-01-08T18:39:53","guid":{"rendered":"https:\/\/brandss.com.py\/index\/?post_type=product&#038;p=65546"},"modified":"2025-01-08T18:40:38","modified_gmt":"2025-01-08T18:40:38","slug":"pantalon-casual-femenino-tommy-hilfiger-jeans-harlem-ultra-skinny","status":"publish","type":"product","link":"https:\/\/brandss.com.py\/index\/producto\/pantalon-casual-femenino-tommy-hilfiger-jeans-harlem-ultra-skinny\/","title":{"rendered":"PANTAL\u00d3N CASUAL FEMENINO TOMMY HILFIGER JEANS HARLEM ULTRA SKINNY"},"content":{"rendered":"<p><img loading=\"lazy\" decoding=\"async\" class=\"\" src=\"https:\/\/1000marcas.net\/wp-content\/uploads\/2020\/01\/Tommy-Hilfiger-logo.png\" alt=\"Tommy Hilfiger Logo - s\u00edmbolo, significado logotipo, historia, PNG\" width=\"148\" height=\"83\" \/><\/p>\n<h1>HARLEM ULTRA SKINNY<\/h1>\n<p><span>Mejora tu estilo denim con los jeans Tommy Hilfiger Harlem High Rise Super Skinny Flex. Estos jeans de corte superskinny est\u00e1n confeccionados con denim con tecnolog\u00eda Tommy Hilfiger Flex, lo que garantiza un ajuste c\u00f3modo y ce\u00f1ido. Con cintura alta y estilo cl\u00e1sico de cinco bolsillos, estos jeans son una elegante incorporaci\u00f3n a tu guardarropa. <\/span><span>Jeans de la colecci\u00f3n Tommy Hilfiger de estilo skinny con cintura alta. Modelo confeccionado en denim de alta elasticidad. Material extremadamente agradable con un alto porcentaje de algod\u00f3n.<\/span><\/p>\n<ul>\n<li class=\"ProductActive__descriptionParagraph__UR7wG\"><span>Este producto utiliza al menos un 20% de algod\u00f3n reciclado en lugar de algod\u00f3n reci\u00e9n producido. Como resultado, se utiliz\u00f3 menos agua y energ\u00eda y se generaron menos residuos.<\/span><\/li>\n<li class=\"ProductActive__descriptionParagraph__UR7wG\"><span>La innovadora tecnolog\u00eda TH Flex garantiza una flexibilidad y comodidad de uso excepcionales.<\/span><\/li>\n<li class=\"ProductActive__descriptionParagraph__UR7wG\"><span>Vaqueros muy ajustados en la zona de la cadera.<\/span><\/li>\n<li class=\"ProductActive__descriptionParagraph__UR7wG\"><span>Modelo con cintura levantada y cierre con botones y cremallera.<\/span><\/li>\n<li class=\"ProductActive__descriptionParagraph__UR7wG\"><span>Las piernas estrechas enfatizan la forma natural del cuerpo.<\/span><\/li>\n<li class=\"ProductActive__descriptionParagraph__UR7wG\"><span>Tres bolsillos en la parte delantera.<\/span><\/li>\n<li class=\"ProductActive__descriptionParagraph__UR7wG\"><span>Dos bolsillos en la espalda.<\/span><\/li>\n<li class=\"ProductActive__descriptionParagraph__UR7wG\">Denim bellamente lavado.<\/li>\n<li class=\"ProductActive__descriptionParagraph__UR7wG\">Color: Lavado oscuro (azul marino oscuro)<\/li>\n<li class=\"ProductActive__descriptionParagraph__UR7wG\">Material: 69 % algod\u00f3n, 20 % algod\u00f3n reciclado, 6 % poli\u00e9ster, 5 % elastano<\/li>\n<li class=\"ProductActive__descriptionParagraph__UR7wG\">Instrucciones de cuidado:\u00a0Lavable a m\u00e1quina. Consulta la etiqueta del art\u00edculo.<\/li>\n<li>Modelo: WW0WW39632<\/li>\n<\/ul>\n","protected":false},"excerpt":{"rendered":"<p>HARLEM ULTRA SKINNY Mejora tu estilo denim con los jeans Tommy Hilfiger Harlem High Rise Super Skinny Flex. Estos jeans<\/p>\n","protected":false},"featured_media":65547,"comment_status":"open","ping_status":"closed","template":"","meta":{"nf_dc_page":""},"product_brand":[],"product_cat":[73],"product_tag":[],"class_list":{"0":"post-65546","1":"product","2":"type-product","3":"status-publish","4":"has-post-thumbnail","6":"product_cat-femenino","8":"first","9":"instock","10":"shipping-taxable","11":"purchasable","12":"product-type-simple"},"_links":{"self":[{"href":"https:\/\/brandss.com.py\/index\/wp-json\/wp\/v2\/product\/65546","targetHints":{"allow":["GET"]}}],"collection":[{"href":"https:\/\/brandss.com.py\/index\/wp-json\/wp\/v2\/product"}],"about":[{"href":"https:\/\/brandss.com.py\/index\/wp-json\/wp\/v2\/types\/product"}],"replies":[{"embeddable":true,"href":"https:\/\/brandss.com.py\/index\/wp-json\/wp\/v2\/comments?post=65546"}],"version-history":[{"count":1,"href":"https:\/\/brandss.com.py\/index\/wp-json\/wp\/v2\/product\/65546\/revisions"}],"predecessor-version":[{"id":65555,"href":"https:\/\/brandss.com.py\/index\/wp-json\/wp\/v2\/product\/65546\/revisions\/65555"}],"wp:featuredmedia":[{"embeddable":true,"href":"https:\/\/brandss.com.py\/index\/wp-json\/wp\/v2\/media\/65547"}],"wp:attachment":[{"href":"https:\/\/brandss.com.py\/index\/wp-json\/wp\/v2\/media?parent=65546"}],"wp:term":[{"taxonomy":"product_brand","embeddable":true,"href":"https:\/\/brandss.com.py\/index\/wp-json\/wp\/v2\/product_brand?post=65546"},{"taxonomy":"product_cat","embeddable":true,"href":"https:\/\/brandss.com.py\/index\/wp-json\/wp\/v2\/product_cat?post=65546"},{"taxonomy":"product_tag","embeddable":true,"href":"https:\/\/brandss.com.py\/index\/wp-json\/wp\/v2\/product_tag?post=65546"}],"curies":[{"name":"wp","href":"https:\/\/api.w.org\/{rel}","templated":true}]}}