{"id":65566,"date":"2025-01-09T11:27:19","date_gmt":"2025-01-09T11:27:19","guid":{"rendered":"https:\/\/brandss.com.py\/index\/?post_type=product&#038;p=65566"},"modified":"2026-03-11T12:28:36","modified_gmt":"2026-03-11T12:28:36","slug":"pantalon-casual-femenino-moschino-jeans-cinco-bolsillos","status":"publish","type":"product","link":"https:\/\/brandss.com.py\/index\/producto\/pantalon-casual-femenino-moschino-jeans-cinco-bolsillos\/","title":{"rendered":"PANTAL\u00d3N CASUAL FEMENINO MOSCHINO JEANS CINCO BOLSILLOS"},"content":{"rendered":"<p><img loading=\"lazy\" decoding=\"async\" class=\"\" src=\"https:\/\/i0.wp.com\/campuspalacio.com\/wp-content\/uploads\/2024\/05\/Moschino_logo.png?resize=2560%2C880&amp;ssl=1\" alt=\"Moschino \u2013 El Palacio de Hierro\" width=\"73\" height=\"25\" \/><\/p>\n<h1>JEANS<\/h1>\n<p>Te presentamos los jeans de algod\u00f3n de Moschino Jeans, caracterizados por un cierre de botones cl\u00e1sico y cinco bolsillos para la m\u00e1xima practicidad. Confeccionados con algod\u00f3n de alta calidad, estos jeans ofrecen estilo y comodidad. Eleva tu guardarropa con esta pieza atemporal que combina sin esfuerzo versatilidad y dise\u00f1o moderno.<\/p>\n<div class=\"acc_content clearfix\">\n<ul>\n<li><span>Cierre de botones.<\/span><\/li>\n<li><span>Pasador para cintur\u00f3n.<\/span><\/li>\n<li>Cinco bolsillos.<\/li>\n<li>100% Algod\u00f3n.<\/li>\n<li>Color: Azul.<\/li>\n<li>Modelo: K1J0330<\/li>\n<\/ul>\n<p>&nbsp;<\/p>\n<\/div>\n","protected":false},"excerpt":{"rendered":"<p>JEANS Te presentamos los jeans de algod\u00f3n de Moschino Jeans, caracterizados por un cierre de botones cl\u00e1sico y cinco bolsillos<\/p>\n","protected":false},"featured_media":65567,"comment_status":"open","ping_status":"closed","template":"","meta":{"nf_dc_page":""},"product_brand":[],"product_cat":[73],"product_tag":[],"class_list":{"0":"post-65566","1":"product","2":"type-product","3":"status-publish","4":"has-post-thumbnail","6":"product_cat-femenino","8":"first","9":"outofstock","10":"shipping-taxable","11":"purchasable","12":"product-type-simple"},"_links":{"self":[{"href":"https:\/\/brandss.com.py\/index\/wp-json\/wp\/v2\/product\/65566","targetHints":{"allow":["GET"]}}],"collection":[{"href":"https:\/\/brandss.com.py\/index\/wp-json\/wp\/v2\/product"}],"about":[{"href":"https:\/\/brandss.com.py\/index\/wp-json\/wp\/v2\/types\/product"}],"replies":[{"embeddable":true,"href":"https:\/\/brandss.com.py\/index\/wp-json\/wp\/v2\/comments?post=65566"}],"version-history":[{"count":1,"href":"https:\/\/brandss.com.py\/index\/wp-json\/wp\/v2\/product\/65566\/revisions"}],"predecessor-version":[{"id":65575,"href":"https:\/\/brandss.com.py\/index\/wp-json\/wp\/v2\/product\/65566\/revisions\/65575"}],"wp:featuredmedia":[{"embeddable":true,"href":"https:\/\/brandss.com.py\/index\/wp-json\/wp\/v2\/media\/65567"}],"wp:attachment":[{"href":"https:\/\/brandss.com.py\/index\/wp-json\/wp\/v2\/media?parent=65566"}],"wp:term":[{"taxonomy":"product_brand","embeddable":true,"href":"https:\/\/brandss.com.py\/index\/wp-json\/wp\/v2\/product_brand?post=65566"},{"taxonomy":"product_cat","embeddable":true,"href":"https:\/\/brandss.com.py\/index\/wp-json\/wp\/v2\/product_cat?post=65566"},{"taxonomy":"product_tag","embeddable":true,"href":"https:\/\/brandss.com.py\/index\/wp-json\/wp\/v2\/product_tag?post=65566"}],"curies":[{"name":"wp","href":"https:\/\/api.w.org\/{rel}","templated":true}]}}