{"id":65585,"date":"2025-01-09T13:26:33","date_gmt":"2025-01-09T13:26:33","guid":{"rendered":"https:\/\/brandss.com.py\/index\/?post_type=product&#038;p=65585"},"modified":"2025-01-09T13:27:46","modified_gmt":"2025-01-09T13:27:46","slug":"banador-masculino-club-room-hawaiian-tropical-pineapple-2","status":"publish","type":"product","link":"https:\/\/brandss.com.py\/index\/producto\/banador-masculino-club-room-hawaiian-tropical-pineapple-2\/","title":{"rendered":"BA\u00d1ADOR MASCULINO CLUB ROOM HAWAIIAN TROPICAL PINEAPPLE"},"content":{"rendered":"<p><img loading=\"lazy\" decoding=\"async\" class=\"\" src=\"https:\/\/encrypted-tbn0.gstatic.com\/images?q=tbn:ANd9GcQqy1ymfa7rmkzEvFlXAaLduOc1Rd8ZALuCqQ&amp;s\" alt=\"Club Room (@clubroom_mens_byna) \u2022 Instagram photos and videos\" width=\"79\" height=\"79\" \/><\/p>\n<h1>HAWAIIAN TROPICAL PINEAPPLE<\/h1>\n<div class=\"long-description medium\" data-auto=\"product-long-description-section\" data-v-64c7d58a=\"\">\n<p data-v-64c7d58a=\"\"><span>Estos shorts de ba\u00f1o de 7&#8243; de Club Room, de secado r\u00e1pido y forrados, son perfectos para aventuras que duren todo el d\u00eda bajo el sol y la arena.<\/span><\/p>\n<\/div>\n<ul class=\"details\" data-v-64c7d58a=\"\">\n<li class=\"column\" data-auto=\"product-summary-section\" data-v-64c7d58a=\"\">\n<h4 class=\"medium margin-bottom-xxs\" data-v-64c7d58a=\"\"><span>Caracter\u00edsticas del producto<\/span><\/h4>\n<div data-v-64c7d58a=\"\" data-v-291cdd5e=\"\">\n<ul class=\"margin-left-xs\" data-v-291cdd5e=\"\">\n<li class=\"padding-left-xxs\" data-v-291cdd5e=\"\"><span data-testid=\"other-type\" data-v-291cdd5e=\"\">Cintura el\u00e1stica con cord\u00f3n.<\/span><\/li>\n<li class=\"padding-left-xxs\" data-v-291cdd5e=\"\"><span data-testid=\"other-type\" data-v-291cdd5e=\"\">Dos bolsillos laterales para las manos; un bolsillo con solapa en la parte posterior.<\/span><\/li>\n<li class=\"padding-left-xxs\" data-v-291cdd5e=\"\"><span data-testid=\"other-type\" data-v-291cdd5e=\"\">Forrado con malla<\/span><\/li>\n<li class=\"padding-left-xxs\" data-v-291cdd5e=\"\"><span data-testid=\"other-type\" data-v-291cdd5e=\"\">Creado para Macy&#8217;s<\/span><\/li>\n<li class=\"padding-left-xxs\" data-v-291cdd5e=\"\"><span data-testid=\"other-type\" data-v-291cdd5e=\"\">Poli\u00e9ster<\/span><\/li>\n<li class=\"padding-left-xxs\" data-v-291cdd5e=\"\"><span data-testid=\"other-type\" data-v-291cdd5e=\"\">Lavable en la lavadora<\/span><\/li>\n<li class=\"padding-left-xxs\" data-v-291cdd5e=\"\"><span data-testid=\"other-type\" data-v-291cdd5e=\"\">Importado<\/span><\/li>\n<\/ul>\n<\/div>\n<\/li>\n<\/ul>\n","protected":false},"excerpt":{"rendered":"<p>HAWAIIAN TROPICAL PINEAPPLE Estos shorts de ba\u00f1o de 7&#8243; de Club Room, de secado r\u00e1pido y forrados, son perfectos para<\/p>\n","protected":false},"featured_media":65586,"comment_status":"open","ping_status":"closed","template":"","meta":{"nf_dc_page":""},"product_brand":[],"product_cat":[76],"product_tag":[],"class_list":{"0":"post-65585","1":"product","2":"type-product","3":"status-publish","4":"has-post-thumbnail","6":"product_cat-masculino","8":"first","9":"instock","10":"shipping-taxable","11":"purchasable","12":"product-type-simple"},"_links":{"self":[{"href":"https:\/\/brandss.com.py\/index\/wp-json\/wp\/v2\/product\/65585","targetHints":{"allow":["GET"]}}],"collection":[{"href":"https:\/\/brandss.com.py\/index\/wp-json\/wp\/v2\/product"}],"about":[{"href":"https:\/\/brandss.com.py\/index\/wp-json\/wp\/v2\/types\/product"}],"replies":[{"embeddable":true,"href":"https:\/\/brandss.com.py\/index\/wp-json\/wp\/v2\/comments?post=65585"}],"version-history":[{"count":1,"href":"https:\/\/brandss.com.py\/index\/wp-json\/wp\/v2\/product\/65585\/revisions"}],"predecessor-version":[{"id":65589,"href":"https:\/\/brandss.com.py\/index\/wp-json\/wp\/v2\/product\/65585\/revisions\/65589"}],"wp:featuredmedia":[{"embeddable":true,"href":"https:\/\/brandss.com.py\/index\/wp-json\/wp\/v2\/media\/65586"}],"wp:attachment":[{"href":"https:\/\/brandss.com.py\/index\/wp-json\/wp\/v2\/media?parent=65585"}],"wp:term":[{"taxonomy":"product_brand","embeddable":true,"href":"https:\/\/brandss.com.py\/index\/wp-json\/wp\/v2\/product_brand?post=65585"},{"taxonomy":"product_cat","embeddable":true,"href":"https:\/\/brandss.com.py\/index\/wp-json\/wp\/v2\/product_cat?post=65585"},{"taxonomy":"product_tag","embeddable":true,"href":"https:\/\/brandss.com.py\/index\/wp-json\/wp\/v2\/product_tag?post=65585"}],"curies":[{"name":"wp","href":"https:\/\/api.w.org\/{rel}","templated":true}]}}