{"id":65590,"date":"2025-01-09T13:41:59","date_gmt":"2025-01-09T13:41:59","guid":{"rendered":"https:\/\/brandss.com.py\/index\/?post_type=product&#038;p=65590"},"modified":"2025-06-03T10:33:14","modified_gmt":"2025-06-03T10:33:14","slug":"banador-masculino-club-room-pineapple-stripes","status":"publish","type":"product","link":"https:\/\/brandss.com.py\/index\/producto\/banador-masculino-club-room-pineapple-stripes\/","title":{"rendered":"BA\u00d1ADOR MASCULINO CLUB ROOM PINEAPPLE STRIPES"},"content":{"rendered":"<p><img loading=\"lazy\" decoding=\"async\" class=\"\" src=\"https:\/\/encrypted-tbn0.gstatic.com\/images?q=tbn:ANd9GcQqy1ymfa7rmkzEvFlXAaLduOc1Rd8ZALuCqQ&amp;s\" alt=\"Club Room (@clubroom_mens_byna) \u2022 Instagram photos and videos\" width=\"97\" height=\"97\" \/><\/p>\n<h1>PINEAPPLE STRIPES<\/h1>\n<p>Un estilo cl\u00e1sico y atemporal, para el mar y la arena: los ba\u00f1adores de Club Room cuentan con un material de secado r\u00e1pido y muchos bolsillos.<\/p>\n<p>Aprox. entrepierna: 7&#8243;<\/p>\n<p>Cintura el\u00e1stica con cord\u00f3n<\/p>\n<p>Dos bolsillos delanteros en las costuras laterales; bolsillo trasero derecho con cierre de velcro<\/p>\n<p>Forro de malla<\/p>\n<p>Material de secado r\u00e1pido<\/p>\n<p>Estampado integral de pi\u00f1as y rayas<\/p>\n<p>Poli\u00e9ster<\/p>\n<p>Lavable a m\u00e1quina<\/p>\n<p>Importado<\/p>\n<p>Color: Pink Sky<\/p>\n","protected":false},"excerpt":{"rendered":"<p>PINEAPPLE STRIPES Un estilo cl\u00e1sico y atemporal, para el mar y la arena: los ba\u00f1adores de Club Room cuentan con<\/p>\n","protected":false},"featured_media":65591,"comment_status":"open","ping_status":"closed","template":"","meta":{"nf_dc_page":""},"product_brand":[],"product_cat":[76],"product_tag":[],"class_list":{"0":"post-65590","1":"product","2":"type-product","3":"status-publish","4":"has-post-thumbnail","6":"product_cat-masculino","8":"first","9":"instock","10":"shipping-taxable","11":"purchasable","12":"product-type-simple"},"_links":{"self":[{"href":"https:\/\/brandss.com.py\/index\/wp-json\/wp\/v2\/product\/65590","targetHints":{"allow":["GET"]}}],"collection":[{"href":"https:\/\/brandss.com.py\/index\/wp-json\/wp\/v2\/product"}],"about":[{"href":"https:\/\/brandss.com.py\/index\/wp-json\/wp\/v2\/types\/product"}],"replies":[{"embeddable":true,"href":"https:\/\/brandss.com.py\/index\/wp-json\/wp\/v2\/comments?post=65590"}],"version-history":[{"count":1,"href":"https:\/\/brandss.com.py\/index\/wp-json\/wp\/v2\/product\/65590\/revisions"}],"predecessor-version":[{"id":65594,"href":"https:\/\/brandss.com.py\/index\/wp-json\/wp\/v2\/product\/65590\/revisions\/65594"}],"wp:featuredmedia":[{"embeddable":true,"href":"https:\/\/brandss.com.py\/index\/wp-json\/wp\/v2\/media\/65591"}],"wp:attachment":[{"href":"https:\/\/brandss.com.py\/index\/wp-json\/wp\/v2\/media?parent=65590"}],"wp:term":[{"taxonomy":"product_brand","embeddable":true,"href":"https:\/\/brandss.com.py\/index\/wp-json\/wp\/v2\/product_brand?post=65590"},{"taxonomy":"product_cat","embeddable":true,"href":"https:\/\/brandss.com.py\/index\/wp-json\/wp\/v2\/product_cat?post=65590"},{"taxonomy":"product_tag","embeddable":true,"href":"https:\/\/brandss.com.py\/index\/wp-json\/wp\/v2\/product_tag?post=65590"}],"curies":[{"name":"wp","href":"https:\/\/api.w.org\/{rel}","templated":true}]}}