{"id":65607,"date":"2025-01-09T16:39:46","date_gmt":"2025-01-09T16:39:46","guid":{"rendered":"https:\/\/brandss.com.py\/index\/?post_type=product&#038;p=65607"},"modified":"2026-04-11T10:34:48","modified_gmt":"2026-04-11T10:34:48","slug":"perfume-masculino-moschino-toy-boy-edp-100ml","status":"publish","type":"product","link":"https:\/\/brandss.com.py\/index\/producto\/perfume-masculino-moschino-toy-boy-edp-100ml\/","title":{"rendered":"PERFUME MASCULINO MOSCHINO TOY BOY EDP 100ML"},"content":{"rendered":"<p><img loading=\"lazy\" decoding=\"async\" class=\"\" src=\"https:\/\/i.pinimg.com\/originals\/b8\/b4\/2f\/b8b42f8676224c6159e27777074277ff.png\" alt=\"Moschino Logo and symbol, meaning, history, PNG, brand\" width=\"103\" height=\"58\" \/><\/p>\n<h1>TOY BOY<\/h1>\n<p>Es para hombres \u00fanicos y elegantes que no prescinden de un toque de iron\u00eda en su vida diaria!<\/p>\n<blockquote>\n<p class=\"text-center\">\u00a1Ir\u00f3nicamente elegante y \u00fanico!<img loading=\"lazy\" decoding=\"async\" class=\"alignright\" src=\"https:\/\/cosmetic.cl\/cdn\/shop\/products\/234538112_546836833029534_2837899759195736616_n_600x.jpg?v=1629491915\" width=\"362\" height=\"447\" \/><\/p>\n<\/blockquote>\n<p>La primera fragancia \u00fanica lanzada por el irreverente\u00a0<b>Jeremy\u00a0<\/b>Scott surge como una combinaci\u00f3n inesperada.\u00a0 Las notas tradicionales de bergamota y pera verde se mezclan con ingredientes exclusivos para una fragancia \u00a1\u00fanica! El toque de iron\u00eda del frasco, con forma de osito de peluche en cristal negro brillante, desvela un aroma juguet\u00f3n. Este perfume se encuentra elaborado con una base de vetiver haitiano mezclado con cachemira, s\u00e1ndalo, Sylkolide y a\u00f1adidura de \u00e1mbar. Esta base le hace compa\u00f1\u00eda a un concentrado de rosa absoluta, as\u00ed como flor d\u00f3cil. El clavo de olor y magnolia tambi\u00e9n integran este compuesto. El toque final, una nota de salida de nuez moscada de Indonesia mezclada con pimienta rosa. No conforme se le a\u00f1ade bergamota italiana para crear esta excelente bomba arom\u00e1tica!!! Es un perfume capaz de exaltar tus virtudes y car\u00e1cter bajo cualquier circunstancia. Puede sumergir a cualquiera en lo impactante de tu masculinidad. Toy Boy es un emocionante juego de c\u00f3digos interminables que busca la reevaluaci\u00f3n y la liberaci\u00f3n!!!<\/p>\n<p>\u00a1Ideal para hombres carism\u00e1ticos!<\/p>\n<p>&nbsp;<\/p>\n<h3>Notas Olfativas<\/h3>\n<p>&nbsp;<\/p>\n<p>Toy Boy Edp de Moschino es una fragancia de la familia olfativa Amaderada Especiada para Hombres. Esta fragrancia es nueva. Toy Boy se lanz\u00f3 en 2019. La Nariz detr\u00e1s de esta fragrancia es Yann Vasnier.<img loading=\"lazy\" decoding=\"async\" class=\"alignleft\" src=\"https:\/\/perfumeriafirst.com\/cdn\/shop\/files\/MTB_DA_I_Single_1500x1500_2dcdd95d-fa7b-42a4-a831-a02b07039045.jpg?v=1705592328&amp;width=823\" width=\"356\" height=\"356\" \/><\/p>\n<p><strong>Las notas de salida son:<\/strong> pimienta rosa, pera, nuez moscada de Indonesia, elem\u00ed y bergamota.<\/p>\n<p>&nbsp;<\/p>\n<p><strong>Las notas de coraz\u00f3n son:<\/strong> rosa, magnolia, clavo de olor y lino.<\/p>\n<p>&nbsp;<\/p>\n<p><strong>Las notas de fondo son:<\/strong> vetiver de Hait\u00ed, cachemira, Sylkolide, \u00e1mbar y s\u00e1ndalo.<\/p>\n<p>&nbsp;<\/p>\n","protected":false},"excerpt":{"rendered":"<p>TOY BOY Es para hombres \u00fanicos y elegantes que no prescinden de un toque de iron\u00eda en su vida diaria!<\/p>\n","protected":false},"featured_media":65608,"comment_status":"open","ping_status":"closed","template":"","meta":{"nf_dc_page":""},"product_brand":[1257],"product_cat":[84],"product_tag":[1888],"class_list":{"0":"post-65607","1":"product","2":"type-product","3":"status-publish","4":"has-post-thumbnail","6":"product_brand-moschino","7":"product_cat-perfumeria","8":"product_tag-1888","10":"first","11":"instock","12":"sale","13":"shipping-taxable","14":"purchasable","15":"product-type-simple"},"_links":{"self":[{"href":"https:\/\/brandss.com.py\/index\/wp-json\/wp\/v2\/product\/65607","targetHints":{"allow":["GET"]}}],"collection":[{"href":"https:\/\/brandss.com.py\/index\/wp-json\/wp\/v2\/product"}],"about":[{"href":"https:\/\/brandss.com.py\/index\/wp-json\/wp\/v2\/types\/product"}],"replies":[{"embeddable":true,"href":"https:\/\/brandss.com.py\/index\/wp-json\/wp\/v2\/comments?post=65607"}],"version-history":[{"count":1,"href":"https:\/\/brandss.com.py\/index\/wp-json\/wp\/v2\/product\/65607\/revisions"}],"predecessor-version":[{"id":65615,"href":"https:\/\/brandss.com.py\/index\/wp-json\/wp\/v2\/product\/65607\/revisions\/65615"}],"wp:featuredmedia":[{"embeddable":true,"href":"https:\/\/brandss.com.py\/index\/wp-json\/wp\/v2\/media\/65608"}],"wp:attachment":[{"href":"https:\/\/brandss.com.py\/index\/wp-json\/wp\/v2\/media?parent=65607"}],"wp:term":[{"taxonomy":"product_brand","embeddable":true,"href":"https:\/\/brandss.com.py\/index\/wp-json\/wp\/v2\/product_brand?post=65607"},{"taxonomy":"product_cat","embeddable":true,"href":"https:\/\/brandss.com.py\/index\/wp-json\/wp\/v2\/product_cat?post=65607"},{"taxonomy":"product_tag","embeddable":true,"href":"https:\/\/brandss.com.py\/index\/wp-json\/wp\/v2\/product_tag?post=65607"}],"curies":[{"name":"wp","href":"https:\/\/api.w.org\/{rel}","templated":true}]}}