{"id":65616,"date":"2025-01-09T17:01:42","date_gmt":"2025-01-09T17:01:42","guid":{"rendered":"https:\/\/brandss.com.py\/index\/?post_type=product&#038;p=65616"},"modified":"2025-12-22T17:44:03","modified_gmt":"2025-12-22T17:44:03","slug":"perfume-masculino-paco-rabanne-one-million-edt-200ml","status":"publish","type":"product","link":"https:\/\/brandss.com.py\/index\/producto\/perfume-masculino-paco-rabanne-one-million-edt-200ml\/","title":{"rendered":"PERFUME MASCULINO PACO RABANNE 1 MILLION EDT 200ML"},"content":{"rendered":"<p><img loading=\"lazy\" decoding=\"async\" class=\"\" src=\"https:\/\/cdn.freebiesupply.com\/logos\/large\/2x\/paco-rabanne-1-logo-png-transparent.png\" alt=\"Paco Rabanne Logo PNG Transparent &amp; SVG Vector - Freebie Supply\" width=\"87\" height=\"87\" \/><\/p>\n<h1>ONE MILLION<\/h1>\n<p>One Million es la fragancia del \u00e9xito. Arma para primero seducir y despu\u00e9s conquistar. Elegante e impertinente en igual medida, una mezcla embriagadora y poderosa que comienza fresca y se transforma en un acorde de piel picante. La rosa y la canela fusionadas con el cuero especiado desatan toda su masculinidad. Alquimia de seducci\u00f3n completa.<\/p>\n<p>Representa el viaje durante las distintas etapas de la vida de un hombre exitoso y ambicioso que sabe exactamente lo que necesita en su vida y que trabaja por lograr su sue\u00f1o. Su sello personal consta de un t\u00e1ndem arom\u00e1tico de notas frescas y sensuales, y un fondo intenso de notas amaderadas, muy masculino. Pasados unos minutos esta fragancia en sinton\u00eda con la piel, da salida a su envolvente aroma sensual que fusiona mandarina roja, pomelo y menta, con notas de canela y rosas. El cuero le aporta car\u00e1cter y el pachul\u00ed hind\u00fa, el toque final de halo envolvente y misterioso. El caracter\u00edstico envase de esta fragancia, llama la atenci\u00f3n por recrear un lingote de oro, de exquisitos matices dorados. Un trofeo que ilumina la belleza masculina arom\u00e1ticamente en la piel y representa el esfuerzo, la constancia y el triunfo a la masculinidad.<img loading=\"lazy\" decoding=\"async\" class=\"alignleft\" src=\"https:\/\/felix.com.pa\/cdn\/shop\/products\/paco-rabanne-one-million-edt-100ml-66-68451301_3_800x.jpg?v=1669844194\" width=\"292\" height=\"292\" \/><\/p>\n<p>&nbsp;<\/p>\n<h3>Notas Olfativas<\/h3>\n<p>&nbsp;<\/p>\n<p>1 Million de Paco Rabanne es un perfume que representa el esp\u00edritu audaz y seductor del hombre moderno. Este fragancia ha sido dise\u00f1ada para el hombre que no teme destacar y siempre busca ser el centro de atenci\u00f3n.<\/p>\n<p>&nbsp;<\/p>\n<p>&nbsp;<\/p>\n<ul>\n<li><strong>Notas de Salida:<\/strong>\u00a0Pomelo, menta y mandarina.<\/li>\n<li><strong>Notas de Coraz\u00f3n:<\/strong>\u00a0Rosa, canela y notas especiadas.<\/li>\n<li><strong>Notas de Fondo:<\/strong>\u00a0Cuero, \u00e1mbar y pachul\u00ed.<\/li>\n<\/ul>\n","protected":false},"excerpt":{"rendered":"<p>ONE MILLION One Million es la fragancia del \u00e9xito. Arma para primero seducir y despu\u00e9s conquistar. Elegante e impertinente en<\/p>\n","protected":false},"featured_media":65617,"comment_status":"open","ping_status":"closed","template":"","meta":{"nf_dc_page":""},"product_brand":[126],"product_cat":[84],"product_tag":[1261],"class_list":{"0":"post-65616","1":"product","2":"type-product","3":"status-publish","4":"has-post-thumbnail","6":"product_brand-paco-rabanne","7":"product_cat-perfumeria","8":"product_tag-1261","10":"first","11":"instock","12":"sale","13":"shipping-taxable","14":"purchasable","15":"product-type-simple"},"_links":{"self":[{"href":"https:\/\/brandss.com.py\/index\/wp-json\/wp\/v2\/product\/65616","targetHints":{"allow":["GET"]}}],"collection":[{"href":"https:\/\/brandss.com.py\/index\/wp-json\/wp\/v2\/product"}],"about":[{"href":"https:\/\/brandss.com.py\/index\/wp-json\/wp\/v2\/types\/product"}],"replies":[{"embeddable":true,"href":"https:\/\/brandss.com.py\/index\/wp-json\/wp\/v2\/comments?post=65616"}],"version-history":[{"count":2,"href":"https:\/\/brandss.com.py\/index\/wp-json\/wp\/v2\/product\/65616\/revisions"}],"predecessor-version":[{"id":95250,"href":"https:\/\/brandss.com.py\/index\/wp-json\/wp\/v2\/product\/65616\/revisions\/95250"}],"wp:featuredmedia":[{"embeddable":true,"href":"https:\/\/brandss.com.py\/index\/wp-json\/wp\/v2\/media\/65617"}],"wp:attachment":[{"href":"https:\/\/brandss.com.py\/index\/wp-json\/wp\/v2\/media?parent=65616"}],"wp:term":[{"taxonomy":"product_brand","embeddable":true,"href":"https:\/\/brandss.com.py\/index\/wp-json\/wp\/v2\/product_brand?post=65616"},{"taxonomy":"product_cat","embeddable":true,"href":"https:\/\/brandss.com.py\/index\/wp-json\/wp\/v2\/product_cat?post=65616"},{"taxonomy":"product_tag","embeddable":true,"href":"https:\/\/brandss.com.py\/index\/wp-json\/wp\/v2\/product_tag?post=65616"}],"curies":[{"name":"wp","href":"https:\/\/api.w.org\/{rel}","templated":true}]}}