{"id":65624,"date":"2025-01-09T17:23:53","date_gmt":"2025-01-09T17:23:53","guid":{"rendered":"https:\/\/brandss.com.py\/index\/?post_type=product&#038;p=65624"},"modified":"2026-05-04T12:42:51","modified_gmt":"2026-05-04T12:42:51","slug":"perfume-masculino-paco-rabanne-1-million-parfum-200ml","status":"publish","type":"product","link":"https:\/\/brandss.com.py\/index\/producto\/perfume-masculino-paco-rabanne-1-million-parfum-200ml\/","title":{"rendered":"PERFUME MASCULINO PACO RABANNE 1 MILLION PARFUM 200ML"},"content":{"rendered":"<p><img loading=\"lazy\" decoding=\"async\" class=\"\" src=\"https:\/\/cdn.freebiesupply.com\/logos\/large\/2x\/paco-rabanne-1-logo-png-transparent.png\" alt=\"Paco Rabanne Logo PNG Transparent &amp; SVG Vector - Freebie Supply\" width=\"99\" height=\"99\" \/><\/p>\n<h1>1 MILLION PARFUM<\/h1>\n<p>\u00bfC\u00f3mo ser el mill\u00f3n entre millones? ONE MILLION Eau de parfum de Paco Rabanne, la opulencia del cuero ba\u00f1ado por el sol con un toque salado. Un lingote elegante, exagerado. Atr\u00e9vete a ser diferente. Fragancia con pulsaci\u00f3n salada: acuerdo de nardo salado con textura de maderas ambarinas. Cuero opulente: acuerdo de cuero solar impregnado con notas de resina y pino.<\/p>\n<p>\u00a1One Million es el perfume para el hombre que ve la vida de oro! Un chico malo para el que ning\u00fan sue\u00f1o es demasiado grande. No obedece a nadie, cumple sus deseos y consigue lo que quiere con un chasquido de dedos.<\/p>\n<p>El perfume One Million te ofrece una fragancia con notas de cuero y toques picantes para que puedas vivir tu lado m\u00e1s atrevido. Disfruta del peligro y presume de tu car\u00e1cter. Intriga, conquista y, finalmente, consigue. Esos son los principios de One Million a trav\u00e9s de su mezcla de elementos dulzones, picantes y frescos. Sus notas de canela y rosas, junto a las de maderas blancas, aportan masculinidad y elegancia.<\/p>\n<p>El 1 Million Parfum de Paco Rab<img loading=\"lazy\" decoding=\"async\" class=\"alignleft\" src=\"https:\/\/resources.sears.com.mx\/medios-plazavip\/fotos\/productos_sears1\/original\/3162700.jpg?scale=700&amp;qlty=80\" width=\"440\" height=\"440\" \/>anne es un microcosmos de atrevida contradicci\u00f3n. Rico, profundo e intensamente atrayente, el eau de parfum crea un aire de opulencia con su colecci\u00f3n de acuerdos suaves y sensuales.<\/p>\n<p>Placentera como el sol c\u00e1lido sobre la piel desnuda, la fragancia masculina se nutre de irresistibles notas de Cuero, acentuadas por un pulso salado. La Resina de C\u00edtricos da una r\u00e1faga inicial de frescura que se dispersa en las profundidades decadentes del Ambroxan. Encendida por el \u00e1mbar ardiente, la colonia es un enigma con un giro tentador.<\/p>\n<p>Los acordes de resina y pino se funden con las abrasadoras notas almizcladas de Cashmeran. Atrevida, confiada y valiente, esta fragancia de Paco Rabenne se presenta en un radiante frasco tipo lingote, enfundado en un brillante tono dorado que refleja el lujo que encierra.<\/p>\n<h3>Notas Olfativas<\/h3>\n<div class=\"trix-content\"><\/div>\n<div class=\"trix-content\">\n<div>\n<\/div>\n<div><strong>&#8211; Familia olfativa:\u00a0<\/strong>amaderada especiada para hombres.<\/p>\n<\/div>\n<div><strong>&#8211; Notas de salida:<\/strong>\u00a0toronja, menta y mandarina roja.<\/p>\n<\/div>\n<div><strong>&#8211; Notas de coraz\u00f3n:<\/strong>\u00a0rosa, canela y notas especiadas.<\/p>\n<\/div>\n<div><strong>&#8211; Notas de fondo:\u00a0<\/strong>cuero, notas amaderadas, \u00e1mbar y pachul\u00ed hind\u00fa.<\/div>\n<\/div>\n","protected":false},"excerpt":{"rendered":"<p>1 MILLION PARFUM \u00bfC\u00f3mo ser el mill\u00f3n entre millones? ONE MILLION Eau de parfum de Paco Rabanne, la opulencia del<\/p>\n","protected":false},"featured_media":65625,"comment_status":"open","ping_status":"closed","template":"","meta":{"nf_dc_page":""},"product_brand":[126],"product_cat":[84],"product_tag":[1889],"class_list":{"0":"post-65624","1":"product","2":"type-product","3":"status-publish","4":"has-post-thumbnail","6":"product_brand-paco-rabanne","7":"product_cat-perfumeria","8":"product_tag-1889","10":"first","11":"instock","12":"shipping-taxable","13":"purchasable","14":"product-type-simple"},"_links":{"self":[{"href":"https:\/\/brandss.com.py\/index\/wp-json\/wp\/v2\/product\/65624","targetHints":{"allow":["GET"]}}],"collection":[{"href":"https:\/\/brandss.com.py\/index\/wp-json\/wp\/v2\/product"}],"about":[{"href":"https:\/\/brandss.com.py\/index\/wp-json\/wp\/v2\/types\/product"}],"replies":[{"embeddable":true,"href":"https:\/\/brandss.com.py\/index\/wp-json\/wp\/v2\/comments?post=65624"}],"version-history":[{"count":1,"href":"https:\/\/brandss.com.py\/index\/wp-json\/wp\/v2\/product\/65624\/revisions"}],"predecessor-version":[{"id":65633,"href":"https:\/\/brandss.com.py\/index\/wp-json\/wp\/v2\/product\/65624\/revisions\/65633"}],"wp:featuredmedia":[{"embeddable":true,"href":"https:\/\/brandss.com.py\/index\/wp-json\/wp\/v2\/media\/65625"}],"wp:attachment":[{"href":"https:\/\/brandss.com.py\/index\/wp-json\/wp\/v2\/media?parent=65624"}],"wp:term":[{"taxonomy":"product_brand","embeddable":true,"href":"https:\/\/brandss.com.py\/index\/wp-json\/wp\/v2\/product_brand?post=65624"},{"taxonomy":"product_cat","embeddable":true,"href":"https:\/\/brandss.com.py\/index\/wp-json\/wp\/v2\/product_cat?post=65624"},{"taxonomy":"product_tag","embeddable":true,"href":"https:\/\/brandss.com.py\/index\/wp-json\/wp\/v2\/product_tag?post=65624"}],"curies":[{"name":"wp","href":"https:\/\/api.w.org\/{rel}","templated":true}]}}