{"id":65640,"date":"2025-01-09T18:48:46","date_gmt":"2025-01-09T18:48:46","guid":{"rendered":"https:\/\/brandss.com.py\/index\/?post_type=product&#038;p=65640"},"modified":"2026-03-14T11:34:35","modified_gmt":"2026-03-14T11:34:35","slug":"perfume-femenino-giorgio-armani-acqua-di-gio-edt-100ml","status":"publish","type":"product","link":"https:\/\/brandss.com.py\/index\/producto\/perfume-femenino-giorgio-armani-acqua-di-gio-edt-100ml\/","title":{"rendered":"PERFUME FEMENINO GIORGIO ARMANI ACQUA DI GIO EDT 100ML"},"content":{"rendered":"<p><img loading=\"lazy\" decoding=\"async\" class=\"\" src=\"https:\/\/lacasadelperfumemiami.com\/wp-content\/uploads\/2023\/08\/Giorgio-Armani-Logo.png\" alt=\"Giorgio Armani Archives - La casa del perfume Miami\" width=\"137\" height=\"77\" \/><\/p>\n<h1>ACQUA DI GIO<\/h1>\n<p>Acqua Di Gi\u00f2 Eau de Toilette evoca el mar y el agua con una natural sencillez y autenticidad. Ligera y natural, pero con car\u00e1cter, que te invita a evadirte y serenarte durante el tiempo libre de una vacaciones, aflora sensaciones de libertad y bienestar.<img loading=\"lazy\" decoding=\"async\" class=\"alignright\" src=\"https:\/\/d1t5sm6y8yvnce.cloudfront.net\/wp-content\/uploads\/2022\/07\/PERF-GA-ACQUA-WN.jpg\" width=\"523\" height=\"523\" \/><\/p>\n<div id=\"prodetail\" class=\"prdetail-tab resp-tab-content resp-tab-content-active\" aria-labelledby=\"tab_item-0\">\n<div>\n<p>Inspirado en la isla mediterr\u00e1nea de Pantelleria,\u00a0\u00a0<strong>Acqua di Gio Armani<\/strong>\u00a0\u00a0es un aroma floral fresco. Con notas de melocot\u00f3n, pi\u00f1a y lim\u00f3n, la fragancia cobra vida con una base amaderada que le aporta un toque c\u00e1lido.\u00a0\u00a0<strong>Acqua di Gio EDT\u00a0<\/strong>\u00a0se mezcla maravillosamente con la piel y crea un momento inolvidable en el tiempo que te inspira a vivir libremente.<\/p>\n<p>Descubre este aroma divertid\u00edsimo. \u00a1Atr\u00e9vete y destaca siempre!<\/p>\n<p>&nbsp;<\/p>\n<h3>Notas Olfativas<\/h3>\n<p>&nbsp;<\/p>\n<p>Este sorprendente aroma fue creado para mujeres valientes, seguras de s\u00ed mismas y decididas que desean resaltar su car\u00e1cter fuerte y su personalidad \u00fanica.<\/p>\n<p>El Perfume Giorgio Armani Acqua di Gio es como un ramillete de flores en una botella. Con su mezcla fresca de mel\u00f3n dulce y pera, te sumergir\u00e1s en un jard\u00edn de jacintos, jazmines, rosas y lirios. Es como llevar la primavera contigo a todas partes.<img loading=\"lazy\" decoding=\"async\" class=\"alignleft\" src=\"https:\/\/media.maxaroma.com\/9cd29e92-4b8f-436f-ad1f-8e368b30dc1d\/https:\/\/www.maxaroma.com\/productimages\/large\/UP3360372054559_1.jpg?ver=1730236891\" width=\"376\" height=\"376\" \/><\/p>\n<p>Y eso no es todo: cuando las notas se asientan, el almizcle y el s\u00e1ndalo dan un toque final que es puro encanto. Es como un abrazo suave que deja una estela sensual y serena. Esta fragancia es perfecta para cualquier ocasi\u00f3n, desde un d\u00eda soleado hasta una noche llena de estrellas.<\/p>\n<p>Si buscas una experiencia floral que te transporte a un mundo de frescura y serenidad, el Perfume Giorgio Armani Acqua di Gio es para ti. Es una invitaci\u00f3n a sumergirte en la naturaleza y a llevar contigo ese toque de flores y suavidad a donde quiera que vayas.<\/p>\n<ul>\n<li><strong><span>Las Notas de Salida\u00a0<\/span><\/strong><span>\u00a0son peon\u00eda, vodka almizclada, pi\u00f1a, lim\u00f3n, melocot\u00f3n, violeta y hoja de pl\u00e1tano.<\/span><\/li>\n<li><strong><span>Las Notas Medias\u00a0<\/span><\/strong><span>\u00a0son lirio de los valles, jacinto, jazm\u00edn, fresia, calone, ylang-ylang y rosa.<\/span><\/li>\n<li><strong><span>Las Notas de Fondo\u00a0<\/span><\/strong><span>\u00a0son almizcle, cedro, s\u00e1ndalo, \u00e1mbar y styrax.<\/span><\/li>\n<\/ul>\n<\/div>\n<\/div>\n","protected":false},"excerpt":{"rendered":"<p>ACQUA DI GIO Acqua Di Gi\u00f2 Eau de Toilette evoca el mar y el agua con una natural sencillez y<\/p>\n","protected":false},"featured_media":65641,"comment_status":"open","ping_status":"closed","template":"","meta":{"nf_dc_page":""},"product_brand":[1687],"product_cat":[84],"product_tag":[1890],"class_list":{"0":"post-65640","1":"product","2":"type-product","3":"status-publish","4":"has-post-thumbnail","6":"product_brand-giorgio-armani","7":"product_cat-perfumeria","8":"product_tag-1890","10":"first","11":"outofstock","12":"shipping-taxable","13":"purchasable","14":"product-type-simple"},"_links":{"self":[{"href":"https:\/\/brandss.com.py\/index\/wp-json\/wp\/v2\/product\/65640","targetHints":{"allow":["GET"]}}],"collection":[{"href":"https:\/\/brandss.com.py\/index\/wp-json\/wp\/v2\/product"}],"about":[{"href":"https:\/\/brandss.com.py\/index\/wp-json\/wp\/v2\/types\/product"}],"replies":[{"embeddable":true,"href":"https:\/\/brandss.com.py\/index\/wp-json\/wp\/v2\/comments?post=65640"}],"version-history":[{"count":1,"href":"https:\/\/brandss.com.py\/index\/wp-json\/wp\/v2\/product\/65640\/revisions"}],"predecessor-version":[{"id":65645,"href":"https:\/\/brandss.com.py\/index\/wp-json\/wp\/v2\/product\/65640\/revisions\/65645"}],"wp:featuredmedia":[{"embeddable":true,"href":"https:\/\/brandss.com.py\/index\/wp-json\/wp\/v2\/media\/65641"}],"wp:attachment":[{"href":"https:\/\/brandss.com.py\/index\/wp-json\/wp\/v2\/media?parent=65640"}],"wp:term":[{"taxonomy":"product_brand","embeddable":true,"href":"https:\/\/brandss.com.py\/index\/wp-json\/wp\/v2\/product_brand?post=65640"},{"taxonomy":"product_cat","embeddable":true,"href":"https:\/\/brandss.com.py\/index\/wp-json\/wp\/v2\/product_cat?post=65640"},{"taxonomy":"product_tag","embeddable":true,"href":"https:\/\/brandss.com.py\/index\/wp-json\/wp\/v2\/product_tag?post=65640"}],"curies":[{"name":"wp","href":"https:\/\/api.w.org\/{rel}","templated":true}]}}