{"id":65646,"date":"2025-01-09T19:19:10","date_gmt":"2025-01-09T19:19:10","guid":{"rendered":"https:\/\/brandss.com.py\/index\/?post_type=product&#038;p=65646"},"modified":"2026-01-15T10:53:28","modified_gmt":"2026-01-15T10:53:28","slug":"perfume-femenino-prada-paradoxe-edp-90ml","status":"publish","type":"product","link":"https:\/\/brandss.com.py\/index\/producto\/perfume-femenino-prada-paradoxe-edp-90ml\/","title":{"rendered":"PERFUME FEMENINO PRADA PARADOXE EDP 90ML"},"content":{"rendered":"<p><img loading=\"lazy\" decoding=\"async\" class=\"\" src=\"https:\/\/cdn.iconscout.com\/icon\/free\/png-256\/free-prada-3384874-2822955.png?f=webp\" alt=\"Obt\u00e9n Prada Logo Icon de Free por descarga gratuita en Logotipos Logo Icons  | IconScout\" width=\"83\" height=\"83\" \/><\/p>\n<h1>PARADOXE<\/h1>\n<p>Una invitaci\u00f3n a explorar y expresar las parad\u00f3jicas dimensiones de la mujer. La celebraci\u00f3n de cambiar constantemente, sin dejar de ser una misma. Prada Paradoxe Virtual Flower Eau de Parfum es la nueva fragancia femenina Prada, una creaci\u00f3n floral almizclada que ampl\u00eda los l\u00edmites de la percepci\u00f3n sensorial. Una fragancia cuyo aroma fresco y floral desaf\u00eda la comprensi\u00f3n de la realidad.<\/p>\n<p>&nbsp;<\/p>\n<h3>Notas Olfativas<\/h3>\n<p>&nbsp;<\/p>\n<p>Paradoxe Eau de Parfum es la nueva fragancia ic\u00f3nica de Prada. Es una incitaci\u00f3n a descubrir y expresar las m\u00faltiples dimensiones parad\u00f3jicas de la mujer. La celebraci\u00f3n de ser inigualable y siempre tu misma. Un perfume floral que parad\u00f3jicamente reconcilia ingredientes ic\u00f3nicos revelando nuevas sensaciones olfativas.<img decoding=\"async\" class=\"alignleft\" src=\"https:\/\/www.destinodebelleza.es\/assets\/images\/product_images\/paradoxe-1661776738.jpg\" \/><\/p>\n<p>En las notas de fondo, la fragancia se revela en toda su sensualidad, con la calidez y la intensidad, creando una estela irresistible y duradera. Prada encarna la esencia misma del lujo refinado y la elegancia discreta, ofreciendo una experiencia olfativa incomparable para aquellos que buscan la excelencia en cada detalle.<\/p>\n<p><strong>Notas de salida:<\/strong> Pera, mandarina, bergamota.<\/p>\n<p><strong>Notas de coraz\u00f3n:<\/strong> Azahar, jazm\u00edn sambac, esencia de neroli, neroli.<\/p>\n<p><strong>Notas de base:<\/strong> Vainilla bourbon, almizcle blanco, benju\u00ed, \u00e1mbar.<\/p>\n","protected":false},"excerpt":{"rendered":"<p>PARADOXE Una invitaci\u00f3n a explorar y expresar las parad\u00f3jicas dimensiones de la mujer. La celebraci\u00f3n de cambiar constantemente, sin dejar<\/p>\n","protected":false},"featured_media":65647,"comment_status":"open","ping_status":"closed","template":"","meta":{"nf_dc_page":""},"product_brand":[1026],"product_cat":[84],"product_tag":[1027],"class_list":{"0":"post-65646","1":"product","2":"type-product","3":"status-publish","4":"has-post-thumbnail","6":"product_brand-prada","7":"product_cat-perfumeria","8":"product_tag-1027","10":"first","11":"instock","12":"shipping-taxable","13":"purchasable","14":"product-type-simple"},"_links":{"self":[{"href":"https:\/\/brandss.com.py\/index\/wp-json\/wp\/v2\/product\/65646","targetHints":{"allow":["GET"]}}],"collection":[{"href":"https:\/\/brandss.com.py\/index\/wp-json\/wp\/v2\/product"}],"about":[{"href":"https:\/\/brandss.com.py\/index\/wp-json\/wp\/v2\/types\/product"}],"replies":[{"embeddable":true,"href":"https:\/\/brandss.com.py\/index\/wp-json\/wp\/v2\/comments?post=65646"}],"version-history":[{"count":1,"href":"https:\/\/brandss.com.py\/index\/wp-json\/wp\/v2\/product\/65646\/revisions"}],"predecessor-version":[{"id":65657,"href":"https:\/\/brandss.com.py\/index\/wp-json\/wp\/v2\/product\/65646\/revisions\/65657"}],"wp:featuredmedia":[{"embeddable":true,"href":"https:\/\/brandss.com.py\/index\/wp-json\/wp\/v2\/media\/65647"}],"wp:attachment":[{"href":"https:\/\/brandss.com.py\/index\/wp-json\/wp\/v2\/media?parent=65646"}],"wp:term":[{"taxonomy":"product_brand","embeddable":true,"href":"https:\/\/brandss.com.py\/index\/wp-json\/wp\/v2\/product_brand?post=65646"},{"taxonomy":"product_cat","embeddable":true,"href":"https:\/\/brandss.com.py\/index\/wp-json\/wp\/v2\/product_cat?post=65646"},{"taxonomy":"product_tag","embeddable":true,"href":"https:\/\/brandss.com.py\/index\/wp-json\/wp\/v2\/product_tag?post=65646"}],"curies":[{"name":"wp","href":"https:\/\/api.w.org\/{rel}","templated":true}]}}