{"id":65658,"date":"2025-01-10T11:25:17","date_gmt":"2025-01-10T11:25:17","guid":{"rendered":"https:\/\/brandss.com.py\/index\/?post_type=product&#038;p=65658"},"modified":"2026-04-11T11:12:33","modified_gmt":"2026-04-11T11:12:33","slug":"perfume-masculino-jean-paul-gaultier-le-male-le-parfum-intense-edp-125ml","status":"publish","type":"product","link":"https:\/\/brandss.com.py\/index\/producto\/perfume-masculino-jean-paul-gaultier-le-male-le-parfum-intense-edp-125ml\/","title":{"rendered":"PERFUME MASCULINO JEAN PAUL GAULTIER LE MALE LE PARFUM INTENSE EDP 125ML"},"content":{"rendered":"<p><img loading=\"lazy\" decoding=\"async\" class=\"\" src=\"https:\/\/1000marcas.net\/wp-content\/uploads\/2020\/02\/logo-Jean-Paul-Gaultier.png\" alt=\"Jean-Paul Gaultier Logo - s\u00edmbolo, significado logotipo, historia, PNG\" width=\"165\" height=\"93\" \/><\/p>\n<h1>LE MALE LE PARFUM INTENSE<\/h1>\n<p>Luciendo un llamativo uniforme de oficial negro y dorado, esta intensa Eau de Parfum comanda la l\u00ednea olfativa Le Male con estilo e intensidad. Con su elegante estela amaderada ambarina,\u00a0<strong>encarna el carisma y el poder de un aut\u00e9ntico l\u00edder<\/strong>. Una contrastada odisea olfativa que perturba y seduce los sentidos, dejando una estela masculina que rezuma la autoridad de un oficial.\u00a0<strong>Marineros, preparados: el jefe est\u00e1 aqu\u00ed, listo para liderar<\/strong>.<\/p>\n<p><strong>Caracter\u00edsticas de la fragancia:<\/strong><\/p>\n<ul>\n<li>Intensa fragancia amaderada ambarina para hombre;<\/li>\n<li>Fragancia audaz y carism\u00e1tica que impone respeto;<\/li>\n<li>Perfecta para quienes encarnan el liderazgo y el poder;<\/li>\n<li>Adjetivos de estado de \u00e1nimo: carism\u00e1tico, poderoso, elegante, audaz, autoritario;<\/li>\n<li>Familia de fragancias: \u00e1mbar amaderado;<\/li>\n<li>Longevidad \/ intensidad del aroma: duradero e intenso.<\/li>\n<\/ul>\n<p>Le Male El frasco de Le Parfum presenta un dise\u00f1o totalmente negro con adornos dorados, que recuerda al uniforme de un oficial. La marini\u00e8re mate y brillante a\u00f1ade un toque de elegancia y autoridad, convirti\u00e9ndolo en una pieza de declaraci\u00f3n.<\/p>\n<p>&nbsp;<\/p>\n<h3>Notas Olfativas<\/h3>\n<p><img loading=\"lazy\" decoding=\"async\" class=\"alignleft\" src=\"https:\/\/static.sweetcare.com\/img\/prd\/max\/v-638515543191847113\/jean-paul-gaultier-021205jg-3.jpg\" width=\"599\" height=\"599\" \/><\/p>\n<p>Llame la atenci\u00f3n con\u00a0<strong>Le Male Le Parfum Eau de Parfum Intense<\/strong>\u00a0de\u00a0<strong>Jean Paul Gaultier<\/strong>\u00a0&#8211; un audaz e intenso parfum para hombre. Con notas de\u00a0<strong>cardamomo<\/strong>,\u00a0<strong>lavanda<\/strong>,\u00a0<strong>iris<\/strong>\u00a0y\u00a0<strong>vainilla<\/strong>, esta fragancia amaderada y ambarina desprende carisma y poder.<\/p>\n<blockquote><p>Abrace el carisma y el poder: \u00a1una intensa fragancia amaderada ambarina que impone respeto!<\/p><\/blockquote>\n<div id=\"description\" class=\"collapse in product\">\n<p>La fragancia se abre con la calidez especiada del\u00a0<strong>cardamomo<\/strong>, se despliega en un coraz\u00f3n floral de\u00a0<strong>lavanda\u00a0<\/strong>e\u00a0<strong>iris<\/strong>, y finalmente se asienta en una base rica y reconfortante de\u00a0<strong>vainilla<\/strong>.<\/p>\n<p>&nbsp;<\/p>\n<\/div>\n<div id=\"howTo\" class=\"collapse in product\">\n<p><strong>Notas de salida<\/strong>: Cardamomo.<\/p>\n<p>&nbsp;<\/p>\n<p><strong>Notas de\u00a0coraz\u00f3n:<\/strong> Lavanda, Iris.<\/p>\n<p>&nbsp;<\/p>\n<p><strong>Notas<\/strong>\u00a0<strong>de fondo:<\/strong> Vainilla.<\/p>\n<\/div>\n","protected":false},"excerpt":{"rendered":"<p>LE MALE LE PARFUM INTENSE Luciendo un llamativo uniforme de oficial negro y dorado, esta intensa Eau de Parfum comanda<\/p>\n","protected":false},"featured_media":65659,"comment_status":"open","ping_status":"closed","template":"","meta":{"nf_dc_page":""},"product_brand":[127],"product_cat":[84],"product_tag":[1254],"class_list":{"0":"post-65658","1":"product","2":"type-product","3":"status-publish","4":"has-post-thumbnail","6":"product_brand-jean-paul-gaultier","7":"product_cat-perfumeria","8":"product_tag-1254","10":"first","11":"instock","12":"sale","13":"shipping-taxable","14":"purchasable","15":"product-type-simple"},"_links":{"self":[{"href":"https:\/\/brandss.com.py\/index\/wp-json\/wp\/v2\/product\/65658","targetHints":{"allow":["GET"]}}],"collection":[{"href":"https:\/\/brandss.com.py\/index\/wp-json\/wp\/v2\/product"}],"about":[{"href":"https:\/\/brandss.com.py\/index\/wp-json\/wp\/v2\/types\/product"}],"replies":[{"embeddable":true,"href":"https:\/\/brandss.com.py\/index\/wp-json\/wp\/v2\/comments?post=65658"}],"version-history":[{"count":2,"href":"https:\/\/brandss.com.py\/index\/wp-json\/wp\/v2\/product\/65658\/revisions"}],"predecessor-version":[{"id":65666,"href":"https:\/\/brandss.com.py\/index\/wp-json\/wp\/v2\/product\/65658\/revisions\/65666"}],"wp:featuredmedia":[{"embeddable":true,"href":"https:\/\/brandss.com.py\/index\/wp-json\/wp\/v2\/media\/65659"}],"wp:attachment":[{"href":"https:\/\/brandss.com.py\/index\/wp-json\/wp\/v2\/media?parent=65658"}],"wp:term":[{"taxonomy":"product_brand","embeddable":true,"href":"https:\/\/brandss.com.py\/index\/wp-json\/wp\/v2\/product_brand?post=65658"},{"taxonomy":"product_cat","embeddable":true,"href":"https:\/\/brandss.com.py\/index\/wp-json\/wp\/v2\/product_cat?post=65658"},{"taxonomy":"product_tag","embeddable":true,"href":"https:\/\/brandss.com.py\/index\/wp-json\/wp\/v2\/product_tag?post=65658"}],"curies":[{"name":"wp","href":"https:\/\/api.w.org\/{rel}","templated":true}]}}