{"id":65667,"date":"2025-01-10T12:06:39","date_gmt":"2025-01-10T12:06:39","guid":{"rendered":"https:\/\/brandss.com.py\/index\/?post_type=product&#038;p=65667"},"modified":"2026-04-22T14:11:20","modified_gmt":"2026-04-22T14:11:20","slug":"perfume-femenino-dolce-gabbana-the-one-edp-75ml","status":"publish","type":"product","link":"https:\/\/brandss.com.py\/index\/producto\/perfume-femenino-dolce-gabbana-the-one-edp-75ml\/","title":{"rendered":"PERFUME FEMENINO DOLCE &amp; GABBANA THE ONE EDP 75ML"},"content":{"rendered":"<p><img loading=\"lazy\" decoding=\"async\" class=\"\" src=\"https:\/\/1000marcas.net\/wp-content\/uploads\/2020\/01\/logo-Dolce-and-Gabbana.png\" alt=\"Dolce &amp; Gabbana Logo - s\u00edmbolo, significado logotipo, historia, PNG\" width=\"90\" height=\"51\" \/><\/p>\n<h1>THE ONE<\/h1>\n<p>The One te cautivar\u00e1 llev\u00e1ndote a dimensiones que te sorprender\u00e1n. Sum\u00e9rgete a la incre\u00edble sensaci\u00f3n de The One, y envu\u00e9lvete en su exquisita fragancia con aromas de olor divino y refrescante y su delicioso aroma verdaderamente \u00fanico.<\/p>\n<p>Es una fragancia ideal para ti llena de originalidad, brind\u00e1ndote una esencia encantadora. Este perfume es de gran prestigio y elaborado con suma dedicaci\u00f3n, es una excelente elecci\u00f3n para proporcionar la elegancia y esencia \u00fanica con la que sin duda te identificar\u00e1s.<\/p>\n<h3><img decoding=\"async\" class=\"alignleft\" src=\"https:\/\/www.theperfumegirl.com\/perfumes\/fragrances\/dolce-gabbana\/dolce-gabbana-the-one\/images\/dolce-and-gabbana-the-one-x.jpg\" \/>Notas Olfativas<\/h3>\n<p>The One\u00a0de\u00a0Dolce&amp;Gabbana es una fragancia de la familia olfativa \u00c1mbar Floral para Mujeres.\u00a0\u00a0The One\u00a0se lanz\u00f3 en 2006. La Nariz detr\u00e1s de esta fragancia es Christine Nagel.<\/p>\n<p><strong>Las notas de salida son:<\/strong> durazno (melocot\u00f3n), lichi, mandarina y bergamota.<\/p>\n<p><strong>Las notas de coraz\u00f3n son:<\/strong> azucena, ciruela, jazm\u00edn y lirio de los valles (muguete).<\/p>\n<p><strong>Las notas de fondo son:<\/strong> vainilla, \u00e1mbar, almizcle y vetiver.<\/p>\n","protected":false},"excerpt":{"rendered":"<p>THE ONE The One te cautivar\u00e1 llev\u00e1ndote a dimensiones que te sorprender\u00e1n. Sum\u00e9rgete a la incre\u00edble sensaci\u00f3n de The One,<\/p>\n","protected":false},"featured_media":65668,"comment_status":"open","ping_status":"closed","template":"","meta":{"nf_dc_page":""},"product_brand":[125],"product_cat":[84],"product_tag":[1248],"class_list":{"0":"post-65667","1":"product","2":"type-product","3":"status-publish","4":"has-post-thumbnail","6":"product_brand-dolce-gabbana","7":"product_cat-perfumeria","8":"product_tag-1248","10":"first","11":"instock","12":"shipping-taxable","13":"purchasable","14":"product-type-simple"},"_links":{"self":[{"href":"https:\/\/brandss.com.py\/index\/wp-json\/wp\/v2\/product\/65667","targetHints":{"allow":["GET"]}}],"collection":[{"href":"https:\/\/brandss.com.py\/index\/wp-json\/wp\/v2\/product"}],"about":[{"href":"https:\/\/brandss.com.py\/index\/wp-json\/wp\/v2\/types\/product"}],"replies":[{"embeddable":true,"href":"https:\/\/brandss.com.py\/index\/wp-json\/wp\/v2\/comments?post=65667"}],"version-history":[{"count":1,"href":"https:\/\/brandss.com.py\/index\/wp-json\/wp\/v2\/product\/65667\/revisions"}],"predecessor-version":[{"id":65675,"href":"https:\/\/brandss.com.py\/index\/wp-json\/wp\/v2\/product\/65667\/revisions\/65675"}],"wp:featuredmedia":[{"embeddable":true,"href":"https:\/\/brandss.com.py\/index\/wp-json\/wp\/v2\/media\/65668"}],"wp:attachment":[{"href":"https:\/\/brandss.com.py\/index\/wp-json\/wp\/v2\/media?parent=65667"}],"wp:term":[{"taxonomy":"product_brand","embeddable":true,"href":"https:\/\/brandss.com.py\/index\/wp-json\/wp\/v2\/product_brand?post=65667"},{"taxonomy":"product_cat","embeddable":true,"href":"https:\/\/brandss.com.py\/index\/wp-json\/wp\/v2\/product_cat?post=65667"},{"taxonomy":"product_tag","embeddable":true,"href":"https:\/\/brandss.com.py\/index\/wp-json\/wp\/v2\/product_tag?post=65667"}],"curies":[{"name":"wp","href":"https:\/\/api.w.org\/{rel}","templated":true}]}}