{"id":65676,"date":"2025-01-10T12:50:09","date_gmt":"2025-01-10T12:50:09","guid":{"rendered":"https:\/\/brandss.com.py\/index\/?post_type=product&#038;p=65676"},"modified":"2026-01-29T11:55:53","modified_gmt":"2026-01-29T11:55:53","slug":"perfume-masculino-hugo-boss-boss-bottled-edt-100ml","status":"publish","type":"product","link":"https:\/\/brandss.com.py\/index\/producto\/perfume-masculino-hugo-boss-boss-bottled-edt-100ml\/","title":{"rendered":"PERFUME MASCULINO HUGO BOSS BOSS BOTTLED EDT 100ML"},"content":{"rendered":"<p><img loading=\"lazy\" decoding=\"async\" class=\"\" src=\"https:\/\/cdn.worldvectorlogo.com\/logos\/hugo-boss-logo.svg\" alt=\"Hugo Boss Logo Logotipo Vector - Descarga Gratis SVG | Worldvectorlogo\" width=\"97\" height=\"36\" \/><\/p>\n<h1>BOSS BOTTLED<\/h1>\n<p>Es la fragancia del hombre de hoy: elegante, decidido y exitoso es como podemos describir a este hombre.<\/p>\n<blockquote>\n<p class=\"text-center\">Una fragancia para el hombre de hoy.<\/p>\n<\/blockquote>\n<p>El hombre\u00a0Boss est\u00e1 preparado para triunfar: competitivo, decidido y ambicioso. Sus\u00a0rituales de aseo diarios son cruciales para su b\u00fasqueda personal del \u00e9xito, y Boss Bottled se ha convertido en una parte integral de su armadura diaria.<\/p>\n<p>Confiado y contempor\u00e1neo: las l\u00edneas limpias hacen de Boss Bottled un cl\u00e1sico ic\u00f3nico y la encarnaci\u00f3n de Boss contenida en una fragancia.<\/p>\n<p>Vibrante, con notas frescas y sensuales, la fragancia irradia distinci\u00f3n, sofisticaci\u00f3n y la pura alegr\u00eda de vivir. Equilibrada con una nota de salida fresca y afrutada que se combina con un coraz\u00f3n c\u00e1lido dominado por el geranio y acordes florales y especiados, perfumados con un sutil toque de clavo.<\/p>\n<p>En una vibrante armon\u00eda que re\u00fane s\u00e1ndalo, cedro y vetiver, la nota de fondo es innegablemente masculina.<\/p>\n<p>D\u00e9 un giro a sus elecciones diarias con este cl\u00e1sico atemporal.<\/p>\n<p>Elegante y sofisticado, \u00a1un hombre\u00a0Boss\u00a0!<\/p>\n<h3>Notas Olfativas<\/h3>\n<p><img decoding=\"async\" class=\"alignleft\" src=\"https:\/\/d3cdlnm7te7ky2.cloudfront.net\/media\/mf_webp\/jpg\/media\/catalog\/product\/cache\/1f1b8d9a1b49678555bea203c2f52e39\/e\/-\/e-boss-bottled-men-edt_1.webp\" \/><\/p>\n<p>El perfume embotellado Hugo Boss para hombre tiene una fragancia sofisticada y elegante. Perfecto para hombres confiados y audaces que buscan el \u00e9xito empresarial. Una fragancia masculina amaderada que inspira confianza. Los valores cl\u00e1sicos de estilo y elegancia se ven reforzados por el sofisticado aroma de la botella Boss. Creado especialmente para el hombre moderno que logra sus objetivos y se siente preparado para enfrentar nuevos desaf\u00edos, tomar decisiones y ser escuchado.<br \/>\nCon Hugo Boss embotellado, el poder te espera. R\u00edndete al aroma confiado de un perfume masculino Boss.<br \/>\nLa fragancia: con una firma intensa y masculina en su composici\u00f3n, Boss Bottled se abre con notas afrutadas.<br \/>\nLa frescura del lim\u00f3n siciliano y la bergamota contrastan con las especias de caoba, clavo y canela.<br \/>\nLas notas amaderadas de s\u00e1ndalo, oliva, vainilla, vetiver y cedro terminan con armon\u00eda, proporcionando vitalidad y seducci\u00f3n en la medida correcta.<br \/>\nOcasi\u00f3n: la fragancia es perfecta para el d\u00eda a d\u00eda y las reuniones de negocios.<\/p>\n<p><strong>Familia olfativa:<\/strong> picante amaderado<\/p>\n<p><strong>Notas de salida:<\/strong> ciruela, musgo de roble, manzana, lim\u00f3n, bergamota y geranio.<\/p>\n<p><strong>Notas de coraz\u00f3n:<\/strong> caoba, clavo y canela.<\/p>\n<p><strong>Notas de fondo:<\/strong> s\u00e1ndalo, oliva, vainilla, vetiver y cedro.<\/p>\n","protected":false},"excerpt":{"rendered":"<p>BOSS BOTTLED Es la fragancia del hombre de hoy: elegante, decidido y exitoso es como podemos describir a este hombre.<\/p>\n","protected":false},"featured_media":65677,"comment_status":"open","ping_status":"closed","template":"","meta":{"nf_dc_page":""},"product_brand":[130],"product_cat":[84],"product_tag":[1891],"class_list":{"0":"post-65676","1":"product","2":"type-product","3":"status-publish","4":"has-post-thumbnail","6":"product_brand-hugo-boss","7":"product_cat-perfumeria","8":"product_tag-1891","10":"first","11":"instock","12":"sale","13":"shipping-taxable","14":"purchasable","15":"product-type-simple"},"_links":{"self":[{"href":"https:\/\/brandss.com.py\/index\/wp-json\/wp\/v2\/product\/65676","targetHints":{"allow":["GET"]}}],"collection":[{"href":"https:\/\/brandss.com.py\/index\/wp-json\/wp\/v2\/product"}],"about":[{"href":"https:\/\/brandss.com.py\/index\/wp-json\/wp\/v2\/types\/product"}],"replies":[{"embeddable":true,"href":"https:\/\/brandss.com.py\/index\/wp-json\/wp\/v2\/comments?post=65676"}],"version-history":[{"count":1,"href":"https:\/\/brandss.com.py\/index\/wp-json\/wp\/v2\/product\/65676\/revisions"}],"predecessor-version":[{"id":65684,"href":"https:\/\/brandss.com.py\/index\/wp-json\/wp\/v2\/product\/65676\/revisions\/65684"}],"wp:featuredmedia":[{"embeddable":true,"href":"https:\/\/brandss.com.py\/index\/wp-json\/wp\/v2\/media\/65677"}],"wp:attachment":[{"href":"https:\/\/brandss.com.py\/index\/wp-json\/wp\/v2\/media?parent=65676"}],"wp:term":[{"taxonomy":"product_brand","embeddable":true,"href":"https:\/\/brandss.com.py\/index\/wp-json\/wp\/v2\/product_brand?post=65676"},{"taxonomy":"product_cat","embeddable":true,"href":"https:\/\/brandss.com.py\/index\/wp-json\/wp\/v2\/product_cat?post=65676"},{"taxonomy":"product_tag","embeddable":true,"href":"https:\/\/brandss.com.py\/index\/wp-json\/wp\/v2\/product_tag?post=65676"}],"curies":[{"name":"wp","href":"https:\/\/api.w.org\/{rel}","templated":true}]}}