{"id":65685,"date":"2025-01-10T13:41:37","date_gmt":"2025-01-10T13:41:37","guid":{"rendered":"https:\/\/brandss.com.py\/index\/?post_type=product&#038;p=65685"},"modified":"2026-01-29T11:49:39","modified_gmt":"2026-01-29T11:49:39","slug":"perfume-masculino-ralph-lauren-polo-black-edt-125ml","status":"publish","type":"product","link":"https:\/\/brandss.com.py\/index\/producto\/perfume-masculino-ralph-lauren-polo-black-edt-125ml\/","title":{"rendered":"PERFUME MASCULINO RALPH LAUREN POLO BLACK EDT 125ML"},"content":{"rendered":"<p><img loading=\"lazy\" decoding=\"async\" class=\"\" src=\"https:\/\/upload.wikimedia.org\/wikipedia\/commons\/4\/40\/Ralph_Lauren_Logo.png\" alt=\"File:Ralph Lauren Logo.png - Wikimedia Commons\" width=\"128\" height=\"35\" \/><\/p>\n<h1>POLO BLACK<\/h1>\n<p>Polo Black Eau de Toilette es una audaz fusi\u00f3n de energ\u00eda crujiente y sensualidad oscura fresca y estimulante, la primera impresi\u00f3n se desarrolla con una explosi\u00f3n de jugoso helado de mango. La armadura de plata agrega una confianza y un contrapeso arom\u00e1ticos y masculinos. El pachul\u00ed negro junto con el absoluto de haba tonka ofrece una sensualidad misteriosa que perdura. El resultado: sofisticado, sensual y misterioso<\/p>\n<p>Haz que cada noche sea inolvidable con esta fragancia masculina de Ralph Lauren. Polo Black es una fragancia contempor\u00e1nea de 2005 que se abre con un fuerte s\u00e1ndalo y una delicada haba tonka para lograr una interacci\u00f3n fascinante entre elementos contrastantes. El mango estimulante y la mandarina jugosa entran en juego a continuaci\u00f3n para crear un coraz\u00f3n fresco y afrutado, mientras que el pachul\u00ed c\u00e1lido y masculino se suma para crear un final amaderado. Polo Black es tu fragancia de referencia para las ocasiones de etiqueta con su versi\u00f3n contempor\u00e1nea \u00fanica de elementos de fragancias cl\u00e1sicas, lo que la convierte instant\u00e1neamente en una fragancia distintiva de Ralph Lauren.<\/p>\n<p>&nbsp;<\/p>\n<h3>Notas Olfativas<\/h3>\n<p><img loading=\"lazy\" decoding=\"async\" class=\"alignleft\" src=\"https:\/\/m.media-amazon.com\/images\/I\/810yVo45TwL._SL1500_.jpg\" width=\"585\" height=\"585\" \/><\/p>\n<p>Polo Black\u00a0de\u00a0Ralph Lauren\u00a0es una fragancia de la familia olfativa Amaderada Arom\u00e1tica para Hombres.\u00a0Polo Black\u00a0se lanz\u00f3 en 2005. La Nariz detr\u00e1s de esta fragrancia es Pierre Negrin.<\/p>\n<p>Polo Black Eau de Toilette: Una audaz fragancia que combina energ\u00eda fresca y sensualidad oscura. Inicia con jugoso mango helado, se potencia con notas de pachul\u00ed negro y tonka para una sensualidad duradera. Sofisticada, sensual y misteriosa. Amaderada Arom\u00e1tica, de tipo aroma tropical afrutado.<\/p>\n<p>El perfume Polo Black de Ralph Lauren es una fragancia de la familia olfativa amaderada arom\u00e1tica para hombres.<\/p>\n<ul>\n<li><strong>Notas de salida:<\/strong> mango, mandarina y lim\u00f3n.<\/li>\n<li><strong>Notas de coraz\u00f3n:<\/strong> haba tonka y salvia.<\/li>\n<li><\/li>\n<li><strong>Notas de fondo:<\/strong> s\u00e1ndalo y pachul\u00ed.<\/li>\n<\/ul>\n","protected":false},"excerpt":{"rendered":"<p>POLO BLACK Polo Black Eau de Toilette es una audaz fusi\u00f3n de energ\u00eda crujiente y sensualidad oscura fresca y estimulante,<\/p>\n","protected":false},"featured_media":65686,"comment_status":"open","ping_status":"closed","template":"","meta":{"nf_dc_page":""},"product_brand":[1692],"product_cat":[84],"product_tag":[1892],"class_list":{"0":"post-65685","1":"product","2":"type-product","3":"status-publish","4":"has-post-thumbnail","6":"product_brand-ralph-lauren","7":"product_cat-perfumeria","8":"product_tag-1892","10":"first","11":"instock","12":"sale","13":"shipping-taxable","14":"purchasable","15":"product-type-simple"},"_links":{"self":[{"href":"https:\/\/brandss.com.py\/index\/wp-json\/wp\/v2\/product\/65685","targetHints":{"allow":["GET"]}}],"collection":[{"href":"https:\/\/brandss.com.py\/index\/wp-json\/wp\/v2\/product"}],"about":[{"href":"https:\/\/brandss.com.py\/index\/wp-json\/wp\/v2\/types\/product"}],"replies":[{"embeddable":true,"href":"https:\/\/brandss.com.py\/index\/wp-json\/wp\/v2\/comments?post=65685"}],"version-history":[{"count":1,"href":"https:\/\/brandss.com.py\/index\/wp-json\/wp\/v2\/product\/65685\/revisions"}],"predecessor-version":[{"id":65694,"href":"https:\/\/brandss.com.py\/index\/wp-json\/wp\/v2\/product\/65685\/revisions\/65694"}],"wp:featuredmedia":[{"embeddable":true,"href":"https:\/\/brandss.com.py\/index\/wp-json\/wp\/v2\/media\/65686"}],"wp:attachment":[{"href":"https:\/\/brandss.com.py\/index\/wp-json\/wp\/v2\/media?parent=65685"}],"wp:term":[{"taxonomy":"product_brand","embeddable":true,"href":"https:\/\/brandss.com.py\/index\/wp-json\/wp\/v2\/product_brand?post=65685"},{"taxonomy":"product_cat","embeddable":true,"href":"https:\/\/brandss.com.py\/index\/wp-json\/wp\/v2\/product_cat?post=65685"},{"taxonomy":"product_tag","embeddable":true,"href":"https:\/\/brandss.com.py\/index\/wp-json\/wp\/v2\/product_tag?post=65685"}],"curies":[{"name":"wp","href":"https:\/\/api.w.org\/{rel}","templated":true}]}}