{"id":65695,"date":"2025-01-10T14:18:09","date_gmt":"2025-01-10T14:18:09","guid":{"rendered":"https:\/\/brandss.com.py\/index\/?post_type=product&#038;p=65695"},"modified":"2026-03-21T19:34:49","modified_gmt":"2026-03-21T19:34:49","slug":"locion-corporal-femenino-thierry-mugler-angel-200ml","status":"publish","type":"product","link":"https:\/\/brandss.com.py\/index\/producto\/locion-corporal-femenino-thierry-mugler-angel-200ml\/","title":{"rendered":"LOCI\u00d3N CORPORAL FEMENINO THIERRY MUGLER ANGEL 200ML"},"content":{"rendered":"<p><img loading=\"lazy\" decoding=\"async\" class=\"\" src=\"https:\/\/1000marcas.net\/wp-content\/uploads\/2021\/05\/Thierry-Mugler-Logo.png\" alt=\"Thierry Mugler Logo - s\u00edmbolo, significado logotipo, historia, PNG\" width=\"90\" height=\"51\" \/><\/p>\n<h1>ANGEL<\/h1>\n<p><span>Viste todo tu cuerpo con la ic\u00f3nica\u00a0<\/span><span>fragancia Angel<\/span><span>\u00a0de Mugler con Angel Perfuming Body Lotion. La textura rica y cremosa envuelve el cuerpo en una hidrataci\u00f3n intensa para una comodidad inmediata al tiempo que prolonga el aroma embriagador de Angel, una mezcla de deliciosas notas gourmand.<img loading=\"lazy\" decoding=\"async\" class=\"alignright\" src=\"https:\/\/m.media-amazon.com\/images\/I\/61CAHRxdBpL._AC_SL1500_.jpg\" width=\"441\" height=\"441\" \/><\/span><\/p>\n<p><span>Aplica Angel Scented Body Lotion en las \u00e1reas que quieras hidratar profundamente. Para disfrutar de sus beneficios, aplica la crema sobre la piel seca, idealmente justo despu\u00e9s de una ducha o un ba\u00f1o relajante. Una ligera exfoliaci\u00f3n corporal realizada antes de la aplicaci\u00f3n potencia los efectos.<\/span><\/p>\n<p><b><span>El frasco:<\/span><\/b><span>\u00a0La loci\u00f3n corporal perfumada Angel est\u00e1 elegantemente presentada en un impresionante frasco azul claro inspirado en su ic\u00f3nico predecesor en forma de estrella. El frasco encarna la magia celestial con su silueta moderna, invit\u00e1ndote a un mundo de lujosa indulgencia.<\/span><\/p>\n<h3><\/h3>\n<h3>Notas Olfativas<\/h3>\n<p>&nbsp;<\/p>\n<p><span>Carnal y sensual, Angel Perfuming Body Lotion es una reinterpretaci\u00f3n aterciopelada del <\/span><span>innovador perfume gourmand<\/span><span>. Glasea tu piel mientras las notas altas de brillante bergamota de Calabria encienden los sentidos como un soplo de aire fresco, encarnando el olor del viento, el cielo y el aire libre. En el coraz\u00f3n, los dulces aromas de pralin\u00e9 y caramelo crean un deseo irresistible, gracias al uso sin precedentes de etil maltol en la perfumer\u00eda fina, un golpe de genialidad olfativa. Una base poderosa de\u00a0<\/span><span>hoja de pachul\u00ed<\/span><span>\u00a0calentada por las inflexiones ambarinas del absoluto de vainilla y jugada en sobredosis se asienta sobre la piel para una impresi\u00f3n duradera, la quintaesencia de la feminidad.<\/span><\/p>\n<p><b><span>Familia de fragancias:<\/span><\/b><span>\u00a0Gourmands c\u00e1lidos y dulces<\/span><\/p>\n<p><b><span>Notas clave:<\/span><\/b><span>\u00a0Bergamota, pralin\u00e9, hojas de pachul\u00ed<\/span><\/p>\n<h2 class=\"c-section__title h-text-align-center\"><span>Una firma ultra femenina<\/span><\/h2>\n<div class=\"c-section__content\">\n<section class=\"c-carousel m-arrows-medium-for-medium-down m-slidesperview-3 m-slidesperview-1.1-for-medium-down m-center m-horizontal m-ready m-disabled\" role=\"region\" data-component-container=\"\" data-js-carousel-container=\"\" data-component=\"global\/Carousel\" data-component-options=\"{&quot;classNames&quot;:{&quot;paginationClass&quot;:&quot;h-hide-for-large&quot;,&quot;arrows&quot;:&quot;m-aside-pagination-for-medium-down&quot;},&quot;bulletMessage&quot;:&quot;Go to slide&quot;,&quot;a11y&quot;:{&quot;carouselItemAriaLabel&quot;:&quot;Slide {0} of {1}&quot;,&quot;autoplayAriaLabelStop&quot;:&quot;Stop slide rotation&quot;,&quot;autoplayAriaLabelPlay&quot;:&quot;Start slide rotation&quot;,&quot;prevSlideMessage&quot;:&quot;Previous slide&quot;,&quot;nextSlideMessage&quot;:&quot;Next slide&quot;,&quot;slideLabelMessage&quot;:&quot;{{index}} of {{slidesLength}}&quot;},&quot;cssClass&quot;:&quot;m-arrows-medium-for-medium-down&quot;,&quot;showArrows&quot;:true,&quot;showPagination&quot;:true,&quot;slidesPerView&quot;:3,&quot;spaceBetween&quot;:30,&quot;breakpoints&quot;:{&quot;medium down&quot;:{&quot;slidesPerView&quot;:1.1,&quot;spaceBetween&quot;:20,&quot;showArrows&quot;:false}},&quot;loop&quot;:false,&quot;centerSlides&quot;:true,&quot;customPagination&quot;:true}\" data-root-id=\"root_zqzm0bznxf\" data-component-id=\"p_njypd51ovuh\">\n<div class=\"h-show-for-sr\" aria-live=\"polite\" data-js-carousel-aria=\"\"><\/div>\n<div class=\"c-carousel__inner m-initialized m-horizontal m-pointer-events m-watch-progress m-backface-hidden\" data-js-carousel=\"\">\n<div id=\"swiper-wrapper-192fdab30962baad\" class=\"c-carousel__content m-disabled\" data-js-container=\"\" data-analytics=\"{&quot;promoObject&quot;:{&quot;creative&quot;:&quot;carousel&quot;},&quot;placement&quot;:&quot;an ultra feminine signature&quot;}\">\n<div class=\"c-carousel__item m-visible m-active\" data-js-carousel-item=\"\" data-analytics=\"{&quot;label&quot;:&quot;an ultra feminine signature&quot;}\" aria-label=\"1 of 2\" data-js-carousel-item-visible=\"true\" data-index=\"0\">\n<div class=\"\" data-component=\"global\/PromotionTile\" data-analytics=\"{&quot;promoObject&quot;:{&quot;id&quot;:&quot;promotion&quot;,&quot;name&quot;:&quot;praline accord&quot;}}\" data-ready=\"true\" data-index=\"0\" data-tracked=\"true\" data-component-id=\"j_ruvooq5mc7\">\n<div class=\"c-content-tile c-content-tile m-stack-for-all h-text-align-center \">\n<div class=\"c-content-tile__image c-content-tile__section\"><img loading=\"lazy\" decoding=\"async\" class=\"m-lazyloaded alignleft\" src=\"https:\/\/www.mugler.com\/dw\/image\/v2\/AANG_PRD\/on\/demandware.static\/-\/Sites-mugler-us-Library\/default\/dwa1c4a136\/images\/pdp\/M020604099\/praline-accord.jpg?sw=740&amp;sh=740&amp;sm=cut&amp;sfrm=jpg&amp;q=70\" alt=\"\" width=\"450\" height=\"450\" data-src=\"https:\/\/www.mugler.com\/dw\/image\/v2\/AANG_PRD\/on\/demandware.static\/-\/Sites-mugler-us-Library\/default\/dwa1c4a136\/images\/pdp\/M020604099\/praline-accord.jpg?sw=740&amp;sh=740&amp;sm=cut&amp;sfrm=jpg&amp;q=70\" \/><\/div>\n<div class=\"c-content-tile__content  c-content-tile__section\">\n<h3><\/h3>\n<h3><\/h3>\n<h3><\/h3>\n<h3><\/h3>\n<h3 class=\"c-content-tile__title\"><span>Acorde de pralin\u00e9<\/span><\/h3>\n<div class=\"c-content-tile__description \"><span>La adicci\u00f3n universal de la familia gourmand: asociada a frutos rojos, los aromas dulces que recuerdan al pralin\u00e9 y al caramelo crean un deseo irresistible, gracias al uso sin precedentes de etilmaltol en la perfumer\u00eda fina: un golpe de genio olfativo.<\/span><\/div>\n<\/div>\n<\/div>\n<\/div>\n<\/div>\n<div class=\"c-carousel__item m-visible m-next\" data-js-carousel-item=\"\" aria-label=\"2 of 2\" data-index=\"1\" data-analytics=\"{&quot;label&quot;:&quot;an ultra feminine signature&quot;}\" data-js-carousel-item-visible=\"true\">\n<div class=\"\" data-component=\"global\/PromotionTile\" data-analytics=\"{&quot;promoObject&quot;:{&quot;id&quot;:&quot;promotion&quot;,&quot;name&quot;:&quot;patchouli&quot;}}\" data-ready=\"true\" data-index=\"1\" data-tracked=\"true\" data-component-id=\"j_57d21ga2xz5\">\n<div class=\"c-content-tile c-content-tile m-stack-for-all h-text-align-center \">\n<div class=\"c-content-tile__image c-content-tile__section\"><img loading=\"lazy\" decoding=\"async\" class=\"m-lazyloaded alignright\" src=\"https:\/\/www.mugler.com\/dw\/image\/v2\/AANG_PRD\/on\/demandware.static\/-\/Sites-mugler-us-Library\/default\/dwf67f7e43\/images\/pdp\/M020604099\/patchouli.jpg?sw=740&amp;sh=740&amp;sm=cut&amp;sfrm=jpg&amp;q=70\" alt=\"\" width=\"527\" height=\"527\" data-src=\"https:\/\/www.mugler.com\/dw\/image\/v2\/AANG_PRD\/on\/demandware.static\/-\/Sites-mugler-us-Library\/default\/dwf67f7e43\/images\/pdp\/M020604099\/patchouli.jpg?sw=740&amp;sh=740&amp;sm=cut&amp;sfrm=jpg&amp;q=70\" \/><\/div>\n<div class=\"c-content-tile__content  c-content-tile__section\">\n<h3><\/h3>\n<h3><\/h3>\n<h3><\/h3>\n<h3><\/h3>\n<h3><\/h3>\n<h3 class=\"c-content-tile__title\"><span>Pachul\u00ed<\/span><\/h3>\n<div class=\"c-content-tile__description \"><span>La evocaci\u00f3n de la sensualidad y la ultrafeminidad:<\/span><br \/>\n<span>calentado por las inflexiones ambaradas de las notas de vainilla y jugado en sobredosis, el pachul\u00ed cautiva, seduce: la quintaesencia de la feminidad.<\/span><\/div>\n<\/div>\n<\/div>\n<\/div>\n<\/div>\n<\/div>\n<\/div>\n<\/section>\n<\/div>\n","protected":false},"excerpt":{"rendered":"<p>ANGEL Viste todo tu cuerpo con la ic\u00f3nica\u00a0fragancia Angel\u00a0de Mugler con Angel Perfuming Body Lotion. La textura rica y cremosa<\/p>\n","protected":false},"featured_media":65696,"comment_status":"open","ping_status":"closed","template":"","meta":{"nf_dc_page":""},"product_brand":[133],"product_cat":[85],"product_tag":[393],"class_list":{"0":"post-65695","1":"product","2":"type-product","3":"status-publish","4":"has-post-thumbnail","6":"product_brand-thierry-mugler","7":"product_cat-cosmeticos","8":"product_tag-393","10":"first","11":"instock","12":"shipping-taxable","13":"purchasable","14":"product-type-simple"},"_links":{"self":[{"href":"https:\/\/brandss.com.py\/index\/wp-json\/wp\/v2\/product\/65695","targetHints":{"allow":["GET"]}}],"collection":[{"href":"https:\/\/brandss.com.py\/index\/wp-json\/wp\/v2\/product"}],"about":[{"href":"https:\/\/brandss.com.py\/index\/wp-json\/wp\/v2\/types\/product"}],"replies":[{"embeddable":true,"href":"https:\/\/brandss.com.py\/index\/wp-json\/wp\/v2\/comments?post=65695"}],"version-history":[{"count":2,"href":"https:\/\/brandss.com.py\/index\/wp-json\/wp\/v2\/product\/65695\/revisions"}],"predecessor-version":[{"id":65705,"href":"https:\/\/brandss.com.py\/index\/wp-json\/wp\/v2\/product\/65695\/revisions\/65705"}],"wp:featuredmedia":[{"embeddable":true,"href":"https:\/\/brandss.com.py\/index\/wp-json\/wp\/v2\/media\/65696"}],"wp:attachment":[{"href":"https:\/\/brandss.com.py\/index\/wp-json\/wp\/v2\/media?parent=65695"}],"wp:term":[{"taxonomy":"product_brand","embeddable":true,"href":"https:\/\/brandss.com.py\/index\/wp-json\/wp\/v2\/product_brand?post=65695"},{"taxonomy":"product_cat","embeddable":true,"href":"https:\/\/brandss.com.py\/index\/wp-json\/wp\/v2\/product_cat?post=65695"},{"taxonomy":"product_tag","embeddable":true,"href":"https:\/\/brandss.com.py\/index\/wp-json\/wp\/v2\/product_tag?post=65695"}],"curies":[{"name":"wp","href":"https:\/\/api.w.org\/{rel}","templated":true}]}}