{"id":65706,"date":"2025-01-10T14:51:21","date_gmt":"2025-01-10T14:51:21","guid":{"rendered":"https:\/\/brandss.com.py\/index\/?post_type=product&#038;p=65706"},"modified":"2026-03-19T16:12:14","modified_gmt":"2026-03-19T16:12:14","slug":"perfume-femenino-jean-paul-gaultier-classique-edt-100ml","status":"publish","type":"product","link":"https:\/\/brandss.com.py\/index\/producto\/perfume-femenino-jean-paul-gaultier-classique-edt-100ml\/","title":{"rendered":"PERFUME FEMENINO JEAN PAUL GAULTIER CLASSIQUE EDT 100ML"},"content":{"rendered":"<p><img loading=\"lazy\" decoding=\"async\" class=\"\" src=\"https:\/\/1000marcas.net\/wp-content\/uploads\/2020\/02\/logo-Jean-Paul-Gaultier.png\" alt=\"Jean-Paul Gaultier Logo - s\u00edmbolo, significado logotipo, historia, PNG\" width=\"98\" height=\"55\" \/><\/p>\n<h1>CLASSIQUE<\/h1>\n<p>Con Classique Jean Paul Gaultier nos muestra su visi\u00f3n multifac\u00e9tica de la feminidad. Una fascinante amazona representada en el ic\u00f3nico cors\u00e9, s\u00edmbolo de seducci\u00f3n y extrema sensualidad.<\/p>\n<div id=\"product-info\" class=\"product-info\">\n<div class=\"tabs-content\" data-tabs-content=\"product-tabs\">\n<div id=\"panel1\" class=\"tabs-panel is-active\" role=\"tabpanel\" data-auto-id=\"lbl-product-description\" aria-hidden=\"false\" aria-labelledby=\"panel1-label\">\n<p>Jean Paul Gaultier Classique<span> es un perfume de mujer s\u00edmbolo de seducci\u00f3n y sensualidad extrema. La fragancia multifac\u00e9tica y m\u00e1s vendida de la ic\u00f3nica marca fue creada para una mujer sensual, carism\u00e1tica y con mucha personalidad. Un recuerdo de infancia que se convirti\u00f3 en una mujer fatal.<\/span><\/p>\n<p><span>Este Eau de Toilette floral oriental te convierte en una mujer fatal de Jean Paul Gaultier. El aroma aporta la irresistible delicadeza y el reconfortante dulzor de la flor de azahar mezclado con las poderosas notas afrodis\u00edacas del jengibre.<\/span><\/p>\n<p><span>Para el toque final, el arroz en polvo, un recuerdo de la infancia, se combina con una poderosa caricia de vainilla.<\/span><\/p>\n<p><span>Jean Paul Gaultier<\/span><span>\u00a0Classique es ideal para ocasiones especiales y eventos nocturnos. Su fragancia cautivadora y sofisticada destaca en cenas rom\u00e1nticas, fiestas elegantes y eventos formales.<\/span><\/p>\n<p><span>Sin embargo, tambi\u00e9n puede ser utilizado a diario por mujeres a las que les guste dejar una huella olfativa inconfundible.<\/span><\/p>\n<p><span>El frasco con forma de busto femenino es uno de los m\u00e1s reconocidos e ic\u00f3nicos del mundo de la perfumer\u00eda. Alta fijaci\u00f3n y excelente proyecci\u00f3n, asegurando que la fragancia permanezca y resalte durante todo el d\u00eda.<\/span><\/p>\n<p><span>Adem\u00e1s, este\u00a0<\/span><span>perfume femenino<\/span><span>\u00a0combina sensualidad y sofisticaci\u00f3n, siendo apto para diferentes ocasiones y estilos.<\/span><\/p>\n<p><span>Jean\u00a0<\/span>Paul Gaultier Classique<span>\u00a0es un perfume para mujeres que quieren irradiar confianza y feminidad.<\/span><\/p>\n<p><span>Su composici\u00f3n compleja y refinada proporciona una experiencia olfativa \u00fanica que cautiva y cautiva. Ideal para regalar o darse un capricho, garantizando siempre una presencia llamativa e inolvidable.<\/span><\/p>\n<h1><img decoding=\"async\" class=\"alignleft\" src=\"https:\/\/www.sephora.com.br\/dw\/image\/v2\/BFJC_PRD\/on\/demandware.static\/-\/Sites-masterCatalog_Sephora\/pt_BR\/dwf8157de6\/images\/hi-res-BR\/8435415011280.3_1000px.jpg?sw=556&amp;sh=680&amp;sm=fit\" \/><\/h1>\n<h1>Notas Olfativas<\/h1>\n<p>&nbsp;<\/p>\n<div id=\"standoutDivAutomatico\">Classique de Jean Paul Gaultier es una fragancia floral ambarina para mujeres. Classique se lanz\u00f3 en 1993. La nariz detr\u00e1s de esta fragancia es Jacques Cavallier. Classique es una fragancia de contrastes, sensual y embriagadora, una tentaci\u00f3n irresistible\u2026para seducir y hacer sucumbir. Son las flores quienes le otorgan su magia y sensualidad: una rosa provocadora y delicadamente sofisticada, la orqu\u00eddea de vainilla y el narciso.<\/div>\n<div><\/div>\n<div><strong>Las notas de salida son:<\/strong> flor de azahar del naranjo, an\u00eds estrellado, rosa, mandarina, pera y bergamota.<\/div>\n<div><\/div>\n<div><strong>Las notas de coraz\u00f3n son:<\/strong> ylang-ylang, jengibre, orqu\u00eddea, iris, nardos y ciruela.<\/div>\n<div><\/div>\n<div><strong>Las notas de fondo son:<\/strong> vainilla, \u00e1mbar, almizcle, canela y s\u00e1ndalo.<\/div>\n<\/div>\n<\/div>\n<\/div>\n<div class=\"chaordic-tag\"><\/div>\n","protected":false},"excerpt":{"rendered":"<p>CLASSIQUE Con Classique Jean Paul Gaultier nos muestra su visi\u00f3n multifac\u00e9tica de la feminidad. Una fascinante amazona representada en el<\/p>\n","protected":false},"featured_media":65707,"comment_status":"open","ping_status":"closed","template":"","meta":{"nf_dc_page":""},"product_brand":[127],"product_cat":[84],"product_tag":[1893],"class_list":{"0":"post-65706","1":"product","2":"type-product","3":"status-publish","4":"has-post-thumbnail","6":"product_brand-jean-paul-gaultier","7":"product_cat-perfumeria","8":"product_tag-1893","10":"first","11":"instock","12":"shipping-taxable","13":"purchasable","14":"product-type-simple"},"_links":{"self":[{"href":"https:\/\/brandss.com.py\/index\/wp-json\/wp\/v2\/product\/65706","targetHints":{"allow":["GET"]}}],"collection":[{"href":"https:\/\/brandss.com.py\/index\/wp-json\/wp\/v2\/product"}],"about":[{"href":"https:\/\/brandss.com.py\/index\/wp-json\/wp\/v2\/types\/product"}],"replies":[{"embeddable":true,"href":"https:\/\/brandss.com.py\/index\/wp-json\/wp\/v2\/comments?post=65706"}],"version-history":[{"count":1,"href":"https:\/\/brandss.com.py\/index\/wp-json\/wp\/v2\/product\/65706\/revisions"}],"predecessor-version":[{"id":65712,"href":"https:\/\/brandss.com.py\/index\/wp-json\/wp\/v2\/product\/65706\/revisions\/65712"}],"wp:featuredmedia":[{"embeddable":true,"href":"https:\/\/brandss.com.py\/index\/wp-json\/wp\/v2\/media\/65707"}],"wp:attachment":[{"href":"https:\/\/brandss.com.py\/index\/wp-json\/wp\/v2\/media?parent=65706"}],"wp:term":[{"taxonomy":"product_brand","embeddable":true,"href":"https:\/\/brandss.com.py\/index\/wp-json\/wp\/v2\/product_brand?post=65706"},{"taxonomy":"product_cat","embeddable":true,"href":"https:\/\/brandss.com.py\/index\/wp-json\/wp\/v2\/product_cat?post=65706"},{"taxonomy":"product_tag","embeddable":true,"href":"https:\/\/brandss.com.py\/index\/wp-json\/wp\/v2\/product_tag?post=65706"}],"curies":[{"name":"wp","href":"https:\/\/api.w.org\/{rel}","templated":true}]}}