{"id":65741,"date":"2025-01-10T17:48:35","date_gmt":"2025-01-10T17:48:35","guid":{"rendered":"https:\/\/brandss.com.py\/index\/?post_type=product&#038;p=65741"},"modified":"2025-01-10T17:49:47","modified_gmt":"2025-01-10T17:49:47","slug":"short-deportivo-femenino-adidas-adicolor-ripstop","status":"publish","type":"product","link":"https:\/\/brandss.com.py\/index\/producto\/short-deportivo-femenino-adidas-adicolor-ripstop\/","title":{"rendered":"SHORT DEPORTIVO FEMENINO ADIDAS ADICOLOR RIPSTOP"},"content":{"rendered":"<p><img loading=\"lazy\" decoding=\"async\" class=\"\" src=\"https:\/\/upload.wikimedia.org\/wikipedia\/commons\/f\/fe\/Logo_Adidas.png\" alt=\"Archivo:Logo Adidas.png - Wikipedia, la enciclopedia libre\" width=\"122\" height=\"81\" \/><\/p>\n<h1>ADICOLOR RIPSTOP<\/h1>\n<div class=\"ProductActive__descriptionParagraph__UR7wG\"><span>Pantal\u00f3n corto de la colecci\u00f3n adidas Originals. Modelo fabricado en tela. <\/span>Los has visto en la pista, el campo y la cancha de tenis. Las 3 Rayas han estado presentes en los d\u00edas soleados durante d\u00e9cadas. \u00dasalos en estos shorts adidas y disfruta de una tela liviana y fresca mientras haces tus propios movimientos en climas soleados. No se requiere habilidad atl\u00e9tica. \u00bfPaseos por el parque y helado? Eso es m\u00e1s acertado.<\/div>\n<div>\n<h3><span>Caracter\u00edsticas<\/span><\/h3>\n<ul class=\"gl-list\">\n<li>Este producto est\u00e1 fabricado con Primegreen, una l\u00ednea de materiales reciclados de alta calidad.<\/li>\n<li>Dise\u00f1o sencillo.<\/li>\n<li>Bolsillos interiores.<\/li>\n<li>Cintura m\u00e1s alta.<\/li>\n<li>Tira estrecha y el\u00e1stica en la cintura.<\/li>\n<li>Cordones en la cintura.<\/li>\n<li>Modelo con rayas.<\/li>\n<li class=\"gl-vspace-bpall-small\"><span>Ajuste regular<\/span><\/li>\n<li class=\"gl-vspace-bpall-small\"><span>Cord\u00f3n en cintura el\u00e1stica<\/span><\/li>\n<li class=\"gl-vspace-bpall-small\"><span>100% poli\u00e9ster ripstop reciclado<\/span><\/li>\n<li class=\"gl-vspace-bpall-small\"><span>Tejido ligero<\/span><\/li>\n<li class=\"gl-vspace-bpall-small\"><span>Bolsillos laterales<\/span><\/li>\n<li class=\"gl-vspace-bpall-small\"><span>Color: rosa\/blanco<\/span><\/li>\n<li class=\"gl-vspace-bpall-small\"><span>Modelo: H37754<\/span><\/li>\n<\/ul>\n<\/div>\n<div class=\"ProductActive__descriptionParagraph__UR7wG\"><\/div>\n","protected":false},"excerpt":{"rendered":"<p>ADICOLOR RIPSTOP Pantal\u00f3n corto de la colecci\u00f3n adidas Originals. Modelo fabricado en tela. Los has visto en la pista, el<\/p>\n","protected":false},"featured_media":65742,"comment_status":"open","ping_status":"closed","template":"","meta":{"nf_dc_page":""},"product_brand":[],"product_cat":[73],"product_tag":[],"class_list":{"0":"post-65741","1":"product","2":"type-product","3":"status-publish","4":"has-post-thumbnail","6":"product_cat-femenino","8":"first","9":"instock","10":"shipping-taxable","11":"purchasable","12":"product-type-simple"},"_links":{"self":[{"href":"https:\/\/brandss.com.py\/index\/wp-json\/wp\/v2\/product\/65741","targetHints":{"allow":["GET"]}}],"collection":[{"href":"https:\/\/brandss.com.py\/index\/wp-json\/wp\/v2\/product"}],"about":[{"href":"https:\/\/brandss.com.py\/index\/wp-json\/wp\/v2\/types\/product"}],"replies":[{"embeddable":true,"href":"https:\/\/brandss.com.py\/index\/wp-json\/wp\/v2\/comments?post=65741"}],"version-history":[{"count":1,"href":"https:\/\/brandss.com.py\/index\/wp-json\/wp\/v2\/product\/65741\/revisions"}],"predecessor-version":[{"id":65751,"href":"https:\/\/brandss.com.py\/index\/wp-json\/wp\/v2\/product\/65741\/revisions\/65751"}],"wp:featuredmedia":[{"embeddable":true,"href":"https:\/\/brandss.com.py\/index\/wp-json\/wp\/v2\/media\/65742"}],"wp:attachment":[{"href":"https:\/\/brandss.com.py\/index\/wp-json\/wp\/v2\/media?parent=65741"}],"wp:term":[{"taxonomy":"product_brand","embeddable":true,"href":"https:\/\/brandss.com.py\/index\/wp-json\/wp\/v2\/product_brand?post=65741"},{"taxonomy":"product_cat","embeddable":true,"href":"https:\/\/brandss.com.py\/index\/wp-json\/wp\/v2\/product_cat?post=65741"},{"taxonomy":"product_tag","embeddable":true,"href":"https:\/\/brandss.com.py\/index\/wp-json\/wp\/v2\/product_tag?post=65741"}],"curies":[{"name":"wp","href":"https:\/\/api.w.org\/{rel}","templated":true}]}}