{"id":65752,"date":"2025-01-10T18:11:00","date_gmt":"2025-01-10T18:11:00","guid":{"rendered":"https:\/\/brandss.com.py\/index\/?post_type=product&#038;p=65752"},"modified":"2025-01-10T18:11:46","modified_gmt":"2025-01-10T18:11:46","slug":"falda-deportivo-femenino-adidas-adicolor-classics-de-tenis","status":"publish","type":"product","link":"https:\/\/brandss.com.py\/index\/producto\/falda-deportivo-femenino-adidas-adicolor-classics-de-tenis\/","title":{"rendered":"FALDA DEPORTIVO FEMENINO ADIDAS ADICOLOR CLASSICS DE TENIS"},"content":{"rendered":"<p><img loading=\"lazy\" decoding=\"async\" class=\"\" src=\"https:\/\/upload.wikimedia.org\/wikipedia\/commons\/f\/fe\/Logo_Adidas.png\" alt=\"Archivo:Logo Adidas.png - Wikipedia, la enciclopedia libre\" width=\"99\" height=\"66\" \/><\/p>\n<h1>ADICOLOR CLASSICS<\/h1>\n<h3 class=\"subtitle___9ljbp\"><span>Una falda inspirada en el tenis confeccionada con materiales reciclados.<\/span><\/h3>\n<p class=\"gl-vspace\"><span>An\u00edmate a probarla. Esta falda de tenis adidas Adicolor Classics convierte el coqueteo en un deporte. Los pliegues fluidos inspirados en la cancha se mueven contigo, ya sea que est\u00e9s saltando por la acera o simplemente relaj\u00e1ndote. Agrega tu top corto o sudadera con capucha favorita y estar\u00e1s lista para jugar. Fabricada con materiales 100 % reciclados, este producto representa solo una de nuestras soluciones para ayudar a terminar con los desechos pl\u00e1sticos.<\/span><\/p>\n<div class=\"accordion__header-text___2o9Im\">\n<h2 class=\"accordion-title___2sTgR\"><span>Cuidado<\/span><\/h2>\n<\/div>\n<div class=\"accordion__header-icon___2FuRa\"><\/div>\n<div class=\"accordion__content___29x9h\">\n<div class=\"content-padding___2kVWQ\">\n<div class=\"care___2GwB4\" data-auto-id=\"pdp-content-care\">\n<div class=\"care-instructions___3scEd\">\n<h4 class=\"care-title___2YJe1 gl-no-margin-bottom\">Instrucciones de lavado<\/h4>\n<ul class=\"\">\n<li class=\"gl-vspace-bpall-small\"><img loading=\"lazy\" decoding=\"async\" src=\"https:\/\/www.adidas.com.my\/glass\/react\/557321e\/assets\/img\/washing-instructions\/B1.svg\" alt=\"\" width=\"24\" height=\"24\" \/>No usa blanqueador<\/li>\n<li class=\"gl-vspace-bpall-small\"><img loading=\"lazy\" decoding=\"async\" src=\"https:\/\/www.adidas.com.my\/glass\/react\/557321e\/assets\/img\/washing-instructions\/C2.svg\" alt=\"\" width=\"24\" height=\"24\" \/>Secar en secadora a temperatura baja<\/li>\n<li class=\"gl-vspace-bpall-small\"><img loading=\"lazy\" decoding=\"async\" src=\"https:\/\/www.adidas.com.my\/glass\/react\/557321e\/assets\/img\/washing-instructions\/E1.svg\" alt=\"\" width=\"24\" height=\"24\" \/>No lavar en seco<\/li>\n<li class=\"gl-vspace-bpall-small\"><img loading=\"lazy\" decoding=\"async\" src=\"https:\/\/www.adidas.com.my\/glass\/react\/557321e\/assets\/img\/washing-instructions\/D2.svg\" alt=\"\" width=\"24\" height=\"24\" \/>Retocar con plancha fr\u00eda<\/li>\n<li class=\"gl-vspace-bpall-small\"><img loading=\"lazy\" decoding=\"async\" src=\"https:\/\/www.adidas.com.my\/glass\/react\/557321e\/assets\/img\/washing-instructions\/A4.svg\" alt=\"\" width=\"24\" height=\"24\" \/>Lavar a m\u00e1quina en ciclo delicado con agua fr\u00eda.<\/li>\n<\/ul>\n<\/div>\n<div class=\"extra-instructions___2TR8b\">\n<h4 class=\"care-title___2YJe1 gl-no-margin-bottom\">Informaci\u00f3n de cuidados adicionales<\/h4>\n<ul class=\"gl-list gl-vspace-bpall-small\">\n<li class=\"gl-vspace-bpall-small\">No utilice suavizante de telas.<\/li>\n<li class=\"gl-vspace-bpall-small\">Utilice \u00fanicamente detergente suave<\/li>\n<li class=\"gl-vspace-bpall-small\">Lavar con los cierres cerrados<\/li>\n<li class=\"gl-vspace-bpall-small\">Lavar con colores similares<\/li>\n<li class=\"gl-vspace-bpall-small\">Retirar inmediatamente despu\u00e9s del lavado.<\/li>\n<\/ul>\n<div class=\"accordion__header-text___2o9Im\">\n<h2 class=\"accordion-title___2sTgR\"><span>Detalles<\/span><\/h2>\n<\/div>\n<div class=\"accordion__header-icon___2FuRa\"><\/div>\n<div class=\"accordion__content___29x9h\">\n<div class=\"content-padding___2kVWQ\">\n<div class=\"bullets___3bsSs\" data-auto-id=\"specifications-section\">\n<ul class=\"gl-list\">\n<li class=\"gl-vspace-bpall-small\"><span>Ajuste holgado<\/span><\/li>\n<li class=\"gl-vspace-bpall-small\"><span>Cierre de cremallera<\/span><\/li>\n<li class=\"gl-vspace-bpall-small\"><span>100% poli\u00e9ster (reciclado)<\/span><\/li>\n<li class=\"gl-vspace-bpall-small\"><span>Piqu\u00e9<\/span><\/li>\n<li class=\"gl-vspace-bpall-small\"><span>Color: Negro<\/span><\/li>\n<li class=\"gl-vspace-bpall-small\"><span>Modelo: HC2058<\/span><\/li>\n<\/ul>\n<\/div>\n<\/div>\n<\/div>\n<\/div>\n<\/div>\n<\/div>\n<\/div>\n","protected":false},"excerpt":{"rendered":"<p>ADICOLOR CLASSICS Una falda inspirada en el tenis confeccionada con materiales reciclados. An\u00edmate a probarla. Esta falda de tenis adidas<\/p>\n","protected":false},"featured_media":65753,"comment_status":"open","ping_status":"closed","template":"","meta":{"nf_dc_page":""},"product_brand":[],"product_cat":[73],"product_tag":[],"class_list":{"0":"post-65752","1":"product","2":"type-product","3":"status-publish","4":"has-post-thumbnail","6":"product_cat-femenino","8":"first","9":"instock","10":"shipping-taxable","11":"purchasable","12":"product-type-simple"},"_links":{"self":[{"href":"https:\/\/brandss.com.py\/index\/wp-json\/wp\/v2\/product\/65752","targetHints":{"allow":["GET"]}}],"collection":[{"href":"https:\/\/brandss.com.py\/index\/wp-json\/wp\/v2\/product"}],"about":[{"href":"https:\/\/brandss.com.py\/index\/wp-json\/wp\/v2\/types\/product"}],"replies":[{"embeddable":true,"href":"https:\/\/brandss.com.py\/index\/wp-json\/wp\/v2\/comments?post=65752"}],"version-history":[{"count":1,"href":"https:\/\/brandss.com.py\/index\/wp-json\/wp\/v2\/product\/65752\/revisions"}],"predecessor-version":[{"id":65759,"href":"https:\/\/brandss.com.py\/index\/wp-json\/wp\/v2\/product\/65752\/revisions\/65759"}],"wp:featuredmedia":[{"embeddable":true,"href":"https:\/\/brandss.com.py\/index\/wp-json\/wp\/v2\/media\/65753"}],"wp:attachment":[{"href":"https:\/\/brandss.com.py\/index\/wp-json\/wp\/v2\/media?parent=65752"}],"wp:term":[{"taxonomy":"product_brand","embeddable":true,"href":"https:\/\/brandss.com.py\/index\/wp-json\/wp\/v2\/product_brand?post=65752"},{"taxonomy":"product_cat","embeddable":true,"href":"https:\/\/brandss.com.py\/index\/wp-json\/wp\/v2\/product_cat?post=65752"},{"taxonomy":"product_tag","embeddable":true,"href":"https:\/\/brandss.com.py\/index\/wp-json\/wp\/v2\/product_tag?post=65752"}],"curies":[{"name":"wp","href":"https:\/\/api.w.org\/{rel}","templated":true}]}}