{"id":65760,"date":"2025-01-10T18:32:08","date_gmt":"2025-01-10T18:32:08","guid":{"rendered":"https:\/\/brandss.com.py\/index\/?post_type=product&#038;p=65760"},"modified":"2025-01-10T18:32:57","modified_gmt":"2025-01-10T18:32:57","slug":"short-deportivo-femenino-adidas-adicolor-split-trifolio","status":"publish","type":"product","link":"https:\/\/brandss.com.py\/index\/producto\/short-deportivo-femenino-adidas-adicolor-split-trifolio\/","title":{"rendered":"SHORT DEPORTIVO FEMENINO ADIDAS ADICOLOR SPLIT TRIFOLIO"},"content":{"rendered":"<p><img loading=\"lazy\" decoding=\"async\" class=\"\" src=\"https:\/\/upload.wikimedia.org\/wikipedia\/commons\/f\/fe\/Logo_Adidas.png\" alt=\"Archivo:Logo Adidas.png - Wikipedia, la enciclopedia libre\" width=\"135\" height=\"90\" \/><\/p>\n<h1>ADICOLOR SPLIT TRIFOLIO<\/h1>\n<h3 class=\"subtitle___9ljbp\">Shorts con una mezcla de tejidos para crear un look vers\u00e1til<\/h3>\n<p class=\"gl-vspace\">\u00bfNo te decides entre un look casual o elegante? Entonces estos shorts adidas son la elecci\u00f3n perfecta. Una combinaci\u00f3n de tejido de sat\u00e9n brillante y la suavidad de la felpa francesa te da mucha textura. Comb\u00ednalos con una playera corta colorida para crear un contraste impactante. Nuestros productos de algod\u00f3n apoyan el cultivo de algod\u00f3n sostenible.<\/p>\n<div class=\"accordion__header-text___2o9Im\">\n<h2 class=\"accordion-title___2sTgR\">Cuidados<\/h2>\n<\/div>\n<div class=\"accordion__header-icon___2FuRa\"><\/div>\n<div class=\"accordion__content___29x9h\">\n<div class=\"content-padding___2kVWQ\">\n<div class=\"care___2GwB4\" data-auto-id=\"pdp-content-care\">\n<div class=\"care-instructions___3scEd\">\n<h4 class=\"care-title___2YJe1 gl-no-margin-bottom\">Instrucciones de lavado<\/h4>\n<ul class=\"\">\n<li class=\"gl-vspace-bpall-small\"><img loading=\"lazy\" decoding=\"async\" src=\"https:\/\/www.adidas.mx\/glass\/react\/557321e\/assets\/img\/washing-instructions\/B1.svg\" alt=\"\" width=\"24\" height=\"24\" \/>No usar blanqueador<\/li>\n<li class=\"gl-vspace-bpall-small\"><img loading=\"lazy\" decoding=\"async\" src=\"https:\/\/www.adidas.mx\/glass\/react\/557321e\/assets\/img\/washing-instructions\/C1.svg\" alt=\"\" width=\"24\" height=\"24\" \/>No utillizar secadora<\/li>\n<li class=\"gl-vspace-bpall-small\"><img loading=\"lazy\" decoding=\"async\" src=\"https:\/\/www.adidas.mx\/glass\/react\/557321e\/assets\/img\/washing-instructions\/E1.svg\" alt=\"\" width=\"24\" height=\"24\" \/>No lavar en seco.<\/li>\n<li class=\"gl-vspace-bpall-small\"><img loading=\"lazy\" decoding=\"async\" src=\"https:\/\/www.adidas.mx\/glass\/react\/557321e\/assets\/img\/washing-instructions\/D2.svg\" alt=\"\" width=\"24\" height=\"24\" \/>Planchar a temperatura baja.<\/li>\n<li class=\"gl-vspace-bpall-small\"><img loading=\"lazy\" decoding=\"async\" src=\"https:\/\/www.adidas.mx\/glass\/react\/557321e\/assets\/img\/washing-instructions\/A4.svg\" alt=\"\" width=\"24\" height=\"24\" \/>Lavar a m\u00e1quina en temperatura fr\u00eda y en ciclo delicado.<\/li>\n<\/ul>\n<\/div>\n<div class=\"extra-instructions___2TR8b\">\n<h4 class=\"care-title___2YJe1 gl-no-margin-bottom\">Informaci\u00f3n adicional sobre el cuidado<\/h4>\n<ul class=\"gl-list gl-vspace-bpall-small\">\n<li class=\"gl-vspace-bpall-small\">No usar suavizante<\/li>\n<li class=\"gl-vspace-bpall-small\">Lavar al rev\u00e9s<\/li>\n<li class=\"gl-vspace-bpall-small\">Usar \u00fanicamente detergente suave<\/li>\n<li class=\"gl-vspace-bpall-small\">Lavar con colores similares<\/li>\n<\/ul>\n<div class=\"accordion__header-text___2o9Im\">\n<h2 class=\"accordion-title___2sTgR\">Detalles<\/h2>\n<\/div>\n<div class=\"accordion__header-icon___2FuRa\"><\/div>\n<div class=\"accordion__content___29x9h\">\n<div class=\"content-padding___2kVWQ\">\n<div class=\"bullets___3bsSs\" data-auto-id=\"specifications-section\">\n<ul class=\"gl-list\">\n<li class=\"gl-vspace-bpall-small\">Corte holgado<\/li>\n<li class=\"gl-vspace-bpall-small\">Cintura el\u00e1stica con cord\u00f3n de ajuste<\/li>\n<li class=\"gl-vspace-bpall-small\">Parte superior y laterales: felpa francesa 100 % algod\u00f3n<\/li>\n<li class=\"gl-vspace-bpall-small\">Panel: sat\u00e9n 97% poli\u00e9ster reciclado, 3% elastano<\/li>\n<li class=\"gl-vspace-bpall-small\">Bolsillos laterales<\/li>\n<li class=\"gl-vspace-bpall-small\">Apoya a Better Cotton Initiative<\/li>\n<li class=\"gl-vspace-bpall-small\">Color: Wonder White<\/li>\n<li class=\"gl-vspace-bpall-small\">Modelo: HC7038<\/li>\n<\/ul>\n<\/div>\n<\/div>\n<\/div>\n<\/div>\n<\/div>\n<\/div>\n<\/div>\n","protected":false},"excerpt":{"rendered":"<p>ADICOLOR SPLIT TRIFOLIO Shorts con una mezcla de tejidos para crear un look vers\u00e1til \u00bfNo te decides entre un look<\/p>\n","protected":false},"featured_media":65761,"comment_status":"open","ping_status":"closed","template":"","meta":{"nf_dc_page":""},"product_brand":[],"product_cat":[73],"product_tag":[],"class_list":{"0":"post-65760","1":"product","2":"type-product","3":"status-publish","4":"has-post-thumbnail","6":"product_cat-femenino","8":"first","9":"instock","10":"shipping-taxable","11":"purchasable","12":"product-type-simple"},"_links":{"self":[{"href":"https:\/\/brandss.com.py\/index\/wp-json\/wp\/v2\/product\/65760","targetHints":{"allow":["GET"]}}],"collection":[{"href":"https:\/\/brandss.com.py\/index\/wp-json\/wp\/v2\/product"}],"about":[{"href":"https:\/\/brandss.com.py\/index\/wp-json\/wp\/v2\/types\/product"}],"replies":[{"embeddable":true,"href":"https:\/\/brandss.com.py\/index\/wp-json\/wp\/v2\/comments?post=65760"}],"version-history":[{"count":1,"href":"https:\/\/brandss.com.py\/index\/wp-json\/wp\/v2\/product\/65760\/revisions"}],"predecessor-version":[{"id":65767,"href":"https:\/\/brandss.com.py\/index\/wp-json\/wp\/v2\/product\/65760\/revisions\/65767"}],"wp:featuredmedia":[{"embeddable":true,"href":"https:\/\/brandss.com.py\/index\/wp-json\/wp\/v2\/media\/65761"}],"wp:attachment":[{"href":"https:\/\/brandss.com.py\/index\/wp-json\/wp\/v2\/media?parent=65760"}],"wp:term":[{"taxonomy":"product_brand","embeddable":true,"href":"https:\/\/brandss.com.py\/index\/wp-json\/wp\/v2\/product_brand?post=65760"},{"taxonomy":"product_cat","embeddable":true,"href":"https:\/\/brandss.com.py\/index\/wp-json\/wp\/v2\/product_cat?post=65760"},{"taxonomy":"product_tag","embeddable":true,"href":"https:\/\/brandss.com.py\/index\/wp-json\/wp\/v2\/product_tag?post=65760"}],"curies":[{"name":"wp","href":"https:\/\/api.w.org\/{rel}","templated":true}]}}