{"id":65777,"date":"2025-01-10T19:06:43","date_gmt":"2025-01-10T19:06:43","guid":{"rendered":"https:\/\/brandss.com.py\/index\/?post_type=product&#038;p=65777"},"modified":"2025-01-10T19:07:16","modified_gmt":"2025-01-10T19:07:16","slug":"short-deportivo-femenino-adidas-marimekko","status":"publish","type":"product","link":"https:\/\/brandss.com.py\/index\/producto\/short-deportivo-femenino-adidas-marimekko\/","title":{"rendered":"SHORT DEPORTIVO FEMENINO ADIDAS MARIMEKKO"},"content":{"rendered":"<p><img loading=\"lazy\" decoding=\"async\" class=\"\" src=\"https:\/\/upload.wikimedia.org\/wikipedia\/commons\/f\/fe\/Logo_Adidas.png\" alt=\"Archivo:Logo Adidas.png - Wikipedia, la enciclopedia libre\" width=\"132\" height=\"88\" \/><\/p>\n<h1>MARIMEKKO<\/h1>\n<h3 class=\"subtitle___9ljbp\"><span>Pantalones cortos coloridos realizados con Marimekko.<\/span><\/h3>\n<p class=\"gl-vspace\"><span>Saluda a la autoexpresi\u00f3n. La casa de dise\u00f1o finlandesa Marimekko lleva haci\u00e9ndolo con audacia y brillo desde los a\u00f1os 50. De ah\u00ed proviene el estampado de ondas de estos pantalones cortos de adidas. Ponte este tejido de punto brillante y lleva la antorcha hacia adelante. Es tu turno de expresarte. Este producto est\u00e1 fabricado con Primegreen, una serie de materiales reciclados de alto rendimiento.<\/span><\/p>\n<div class=\"accordion__header-text___2o9Im\">\n<h2 class=\"accordion-title___2sTgR\"><span>Cuidado<\/span><\/h2>\n<\/div>\n<div class=\"accordion__header-icon___2FuRa\"><\/div>\n<div class=\"accordion__content___29x9h\">\n<div class=\"content-padding___2kVWQ\">\n<div class=\"care___2GwB4\" data-auto-id=\"pdp-content-care\">\n<div class=\"care-instructions___3scEd\">\n<h4 class=\"care-title___2YJe1 gl-no-margin-bottom\">Instrucciones de lavado<\/h4>\n<ul class=\"\">\n<li class=\"gl-vspace-bpall-small\"><img loading=\"lazy\" decoding=\"async\" src=\"https:\/\/www.adidas.com.my\/glass\/react\/557321e\/assets\/img\/washing-instructions\/B1.svg\" alt=\"\" width=\"24\" height=\"24\" \/>No usa blanqueador<\/li>\n<li class=\"gl-vspace-bpall-small\"><img loading=\"lazy\" decoding=\"async\" src=\"https:\/\/www.adidas.com.my\/glass\/react\/557321e\/assets\/img\/washing-instructions\/C1.svg\" alt=\"\" width=\"24\" height=\"24\" \/>No secar en secadora<\/li>\n<li class=\"gl-vspace-bpall-small\"><img loading=\"lazy\" decoding=\"async\" src=\"https:\/\/www.adidas.com.my\/glass\/react\/557321e\/assets\/img\/washing-instructions\/E1.svg\" alt=\"\" width=\"24\" height=\"24\" \/>No lavar en seco<\/li>\n<li class=\"gl-vspace-bpall-small\"><img loading=\"lazy\" decoding=\"async\" src=\"https:\/\/www.adidas.com.my\/glass\/react\/557321e\/assets\/img\/washing-instructions\/D2.svg\" alt=\"\" width=\"24\" height=\"24\" \/>Retocar con plancha fr\u00eda<\/li>\n<li class=\"gl-vspace-bpall-small\"><img loading=\"lazy\" decoding=\"async\" src=\"https:\/\/www.adidas.com.my\/glass\/react\/557321e\/assets\/img\/washing-instructions\/A3.svg\" alt=\"\" width=\"24\" height=\"24\" \/>Lavar a m\u00e1quina con agua fr\u00eda<\/li>\n<\/ul>\n<\/div>\n<div class=\"extra-instructions___2TR8b\">\n<h4 class=\"care-title___2YJe1 gl-no-margin-bottom\">Informaci\u00f3n de cuidados adicionales<\/h4>\n<ul class=\"gl-list gl-vspace-bpall-small\">\n<li class=\"gl-vspace-bpall-small\">No utilice suavizante de telas.<\/li>\n<li class=\"gl-vspace-bpall-small\">Utilice \u00fanicamente detergente suave<\/li>\n<li class=\"gl-vspace-bpall-small\">Lavar y secar del rev\u00e9s.<\/li>\n<li class=\"gl-vspace-bpall-small\">Lavar con colores similares<\/li>\n<li class=\"gl-vspace-bpall-small\">No planchar la impresi\u00f3n<\/li>\n<\/ul>\n<div class=\"accordion__header-text___2o9Im\">\n<h2 class=\"accordion-title___2sTgR\"><span>Detalles<\/span><\/h2>\n<\/div>\n<div class=\"accordion__header-icon___2FuRa\"><\/div>\n<div class=\"accordion__content___29x9h\">\n<div class=\"content-padding___2kVWQ\">\n<div class=\"bullets___3bsSs\" data-auto-id=\"specifications-section\">\n<ul class=\"gl-list\">\n<li class=\"gl-vspace-bpall-small\"><span>Ajuste regular<\/span><\/li>\n<li class=\"gl-vspace-bpall-small\"><span>Cintura el\u00e1stica<\/span><\/li>\n<li class=\"gl-vspace-bpall-small\"><span>Tejido de punto 100% poli\u00e9ster reciclado<\/span><\/li>\n<li class=\"gl-vspace-bpall-small\"><span>De altura media<\/span><\/li>\n<li class=\"gl-vspace-bpall-small\"><span>Tricot<\/span><\/li>\n<li class=\"gl-vspace-bpall-small\"><span>Primegreen<\/span><\/li>\n<li class=\"gl-vspace-bpall-small\"><span>Color: Negro \/ Blanco<\/span><\/li>\n<li class=\"gl-vspace-bpall-small\"><span>Modelo: H20477<\/span><\/li>\n<\/ul>\n<\/div>\n<\/div>\n<\/div>\n<\/div>\n<\/div>\n<\/div>\n<\/div>\n","protected":false},"excerpt":{"rendered":"<p>MARIMEKKO Pantalones cortos coloridos realizados con Marimekko. Saluda a la autoexpresi\u00f3n. La casa de dise\u00f1o finlandesa Marimekko lleva haci\u00e9ndolo con<\/p>\n","protected":false},"featured_media":65778,"comment_status":"open","ping_status":"closed","template":"","meta":{"nf_dc_page":""},"product_brand":[],"product_cat":[73],"product_tag":[],"class_list":{"0":"post-65777","1":"product","2":"type-product","3":"status-publish","4":"has-post-thumbnail","6":"product_cat-femenino","8":"first","9":"instock","10":"shipping-taxable","11":"purchasable","12":"product-type-simple"},"_links":{"self":[{"href":"https:\/\/brandss.com.py\/index\/wp-json\/wp\/v2\/product\/65777","targetHints":{"allow":["GET"]}}],"collection":[{"href":"https:\/\/brandss.com.py\/index\/wp-json\/wp\/v2\/product"}],"about":[{"href":"https:\/\/brandss.com.py\/index\/wp-json\/wp\/v2\/types\/product"}],"replies":[{"embeddable":true,"href":"https:\/\/brandss.com.py\/index\/wp-json\/wp\/v2\/comments?post=65777"}],"version-history":[{"count":1,"href":"https:\/\/brandss.com.py\/index\/wp-json\/wp\/v2\/product\/65777\/revisions"}],"predecessor-version":[{"id":65783,"href":"https:\/\/brandss.com.py\/index\/wp-json\/wp\/v2\/product\/65777\/revisions\/65783"}],"wp:featuredmedia":[{"embeddable":true,"href":"https:\/\/brandss.com.py\/index\/wp-json\/wp\/v2\/media\/65778"}],"wp:attachment":[{"href":"https:\/\/brandss.com.py\/index\/wp-json\/wp\/v2\/media?parent=65777"}],"wp:term":[{"taxonomy":"product_brand","embeddable":true,"href":"https:\/\/brandss.com.py\/index\/wp-json\/wp\/v2\/product_brand?post=65777"},{"taxonomy":"product_cat","embeddable":true,"href":"https:\/\/brandss.com.py\/index\/wp-json\/wp\/v2\/product_cat?post=65777"},{"taxonomy":"product_tag","embeddable":true,"href":"https:\/\/brandss.com.py\/index\/wp-json\/wp\/v2\/product_tag?post=65777"}],"curies":[{"name":"wp","href":"https:\/\/api.w.org\/{rel}","templated":true}]}}