{"id":65797,"date":"2025-01-11T12:25:18","date_gmt":"2025-01-11T12:25:18","guid":{"rendered":"https:\/\/brandss.com.py\/index\/?post_type=product&#038;p=65797"},"modified":"2025-01-11T12:26:08","modified_gmt":"2025-01-11T12:26:08","slug":"short-deportivo-femenino-adidas-hyperglam","status":"publish","type":"product","link":"https:\/\/brandss.com.py\/index\/producto\/short-deportivo-femenino-adidas-hyperglam\/","title":{"rendered":"SHORT DEPORTIVO FEMENINO ADIDAS HYPERGLAM"},"content":{"rendered":"<p><img loading=\"lazy\" decoding=\"async\" class=\"\" src=\"https:\/\/upload.wikimedia.org\/wikipedia\/commons\/f\/fe\/Logo_Adidas.png\" alt=\"Archivo:Logo Adidas.png - Wikipedia, la enciclopedia libre\" width=\"101\" height=\"67\" \/><\/p>\n<h1>HYPERGLAM<\/h1>\n<h3 class=\"subtitle___9ljbp\">Shorts de ciclismo ajustados con mucho glamur<\/h3>\n<p class=\"gl-vspace\">Al igual que todas las dem\u00e1s prendas en la colecci\u00f3n, los shorts adidas Hyperglam logran combinar moda y ejercicio a la perfecci\u00f3n. \u200b Sin importar si est\u00e1s haciendo Pilates en el parque o jugando un partido de b\u00e1squet, estos shorts ajustados mantendr\u00e1n tu look muy cool con sus detalles perlados y logos sutiles.\u200b \u200b Lo bueno es que la est\u00e9tica no interrumpe la funcionalidad. La cintura Badge of Sport brinda comodidad y se mantiene en su lugar mientras te ejercitas, y el tejido ultrasuave ofrece sujeci\u00f3n a la vez que absorbe el sudor. \u200b \u00dasalos con un top deportivo para enfrentarte a una clase de spinning, o con una sudadera holgada y unos tenis para un look digno de instagram.<\/p>\n<h3 class=\"highlight-text__headline___25B2G\">Transforma el problema en la soluci\u00f3n<\/h3>\n<p>Este producto esta hecho con Primegreen: un conjunto de materiales reciclados de alto rendimiento.\u200b\u200b<\/p>\n<h3 class=\"highlight-text__headline___25B2G\">Perfectos para uso diario<\/h3>\n<p>La tecnolog\u00eda AEROREADY mantiene la piel fresca y seca para que te concentres \u00fanicamente en rendir al m\u00e1ximo.<\/p>\n<h3 class=\"highlight-text__headline___25B2G\">Forma y funci\u00f3n<\/h3>\n<p>La cintura de corte medio de adidas Badge of Sport se encarga de que los shorts se queden en su lugar y que puedas moverte siempre con fluidez.<\/p>\n<h3 class=\"highlight-text__headline___25B2G\">Brillo sutil<\/h3>\n<p>Los detalles iridiscentes hace de esta prenda para entrenar algo verdaderamente \u00fanica.<\/p>\n<div class=\"accordion__header-text___2o9Im\">\n<h2 class=\"accordion-title___2sTgR\">Cuidados<\/h2>\n<\/div>\n<div class=\"accordion__header-icon___2FuRa\"><\/div>\n<div class=\"accordion__content___29x9h\">\n<div class=\"content-padding___2kVWQ\">\n<div class=\"care___2GwB4\" data-auto-id=\"pdp-content-care\">\n<div class=\"care-instructions___3scEd\">\n<h4 class=\"care-title___2YJe1 gl-no-margin-bottom\">Instrucciones de lavado<\/h4>\n<ul class=\"\">\n<li class=\"gl-vspace-bpall-small\"><img loading=\"lazy\" decoding=\"async\" src=\"https:\/\/www.adidas.mx\/glass\/react\/557321e\/assets\/img\/washing-instructions\/B1.svg\" alt=\"\" width=\"24\" height=\"24\" \/>No usar blanqueador<\/li>\n<li class=\"gl-vspace-bpall-small\"><img loading=\"lazy\" decoding=\"async\" src=\"https:\/\/www.adidas.mx\/glass\/react\/557321e\/assets\/img\/washing-instructions\/C1.svg\" alt=\"\" width=\"24\" height=\"24\" \/>No utillizar secadora<\/li>\n<li class=\"gl-vspace-bpall-small\"><img loading=\"lazy\" decoding=\"async\" src=\"https:\/\/www.adidas.mx\/glass\/react\/557321e\/assets\/img\/washing-instructions\/E1.svg\" alt=\"\" width=\"24\" height=\"24\" \/>No lavar en seco.<\/li>\n<li class=\"gl-vspace-bpall-small\"><img loading=\"lazy\" decoding=\"async\" src=\"https:\/\/www.adidas.mx\/glass\/react\/557321e\/assets\/img\/washing-instructions\/D2.svg\" alt=\"\" width=\"24\" height=\"24\" \/>Planchar a temperatura baja.<\/li>\n<li class=\"gl-vspace-bpall-small\"><img loading=\"lazy\" decoding=\"async\" src=\"https:\/\/www.adidas.mx\/glass\/react\/557321e\/assets\/img\/washing-instructions\/A3.svg\" alt=\"\" width=\"24\" height=\"24\" \/>Lavar a m\u00e1quina en temperatura fr\u00eda.<\/li>\n<\/ul>\n<\/div>\n<div class=\"extra-instructions___2TR8b\">\n<h4 class=\"care-title___2YJe1 gl-no-margin-bottom\">Informaci\u00f3n adicional sobre el cuidado<\/h4>\n<ul class=\"gl-list gl-vspace-bpall-small\">\n<li class=\"gl-vspace-bpall-small\">No usar suavizante<\/li>\n<li class=\"gl-vspace-bpall-small\">Usar \u00fanicamente detergente suave<\/li>\n<li class=\"gl-vspace-bpall-small\">Lavar por separado<\/li>\n<li class=\"gl-vspace-bpall-small\">Retirar r\u00e1pidamente despu\u00e9s de lavar<\/li>\n<li class=\"gl-vspace-bpall-small\">Lavar y planchar al rev\u00e9s<\/li>\n<\/ul>\n<div class=\"accordion__header-text___2o9Im\">\n<h2 class=\"accordion-title___2sTgR\">Detalles<\/h2>\n<\/div>\n<div class=\"accordion__header-icon___2FuRa\"><\/div>\n<div class=\"accordion__content___29x9h\">\n<div class=\"content-padding___2kVWQ\">\n<div class=\"bullets___3bsSs\" data-auto-id=\"specifications-section\">\n<ul class=\"gl-list\">\n<li class=\"gl-vspace-bpall-small\">Corte ajustado<\/li>\n<li class=\"gl-vspace-bpall-small\">Cintura el\u00e1stica<\/li>\n<li class=\"gl-vspace-bpall-small\">Tejido entrelazado 85 % poli\u00e9ster reciclado, 15 % elastano<\/li>\n<li class=\"gl-vspace-bpall-small\">Color: Violet Tone<\/li>\n<li class=\"gl-vspace-bpall-small\">Modelo: HE9390<\/li>\n<\/ul>\n<\/div>\n<\/div>\n<\/div>\n<\/div>\n<\/div>\n<\/div>\n<\/div>\n","protected":false},"excerpt":{"rendered":"<p>HYPERGLAM Shorts de ciclismo ajustados con mucho glamur Al igual que todas las dem\u00e1s prendas en la colecci\u00f3n, los shorts<\/p>\n","protected":false},"featured_media":65798,"comment_status":"open","ping_status":"closed","template":"","meta":{"nf_dc_page":""},"product_brand":[],"product_cat":[73],"product_tag":[],"class_list":{"0":"post-65797","1":"product","2":"type-product","3":"status-publish","4":"has-post-thumbnail","6":"product_cat-femenino","8":"first","9":"instock","10":"shipping-taxable","11":"purchasable","12":"product-type-simple"},"_links":{"self":[{"href":"https:\/\/brandss.com.py\/index\/wp-json\/wp\/v2\/product\/65797","targetHints":{"allow":["GET"]}}],"collection":[{"href":"https:\/\/brandss.com.py\/index\/wp-json\/wp\/v2\/product"}],"about":[{"href":"https:\/\/brandss.com.py\/index\/wp-json\/wp\/v2\/types\/product"}],"replies":[{"embeddable":true,"href":"https:\/\/brandss.com.py\/index\/wp-json\/wp\/v2\/comments?post=65797"}],"version-history":[{"count":1,"href":"https:\/\/brandss.com.py\/index\/wp-json\/wp\/v2\/product\/65797\/revisions"}],"predecessor-version":[{"id":65807,"href":"https:\/\/brandss.com.py\/index\/wp-json\/wp\/v2\/product\/65797\/revisions\/65807"}],"wp:featuredmedia":[{"embeddable":true,"href":"https:\/\/brandss.com.py\/index\/wp-json\/wp\/v2\/media\/65798"}],"wp:attachment":[{"href":"https:\/\/brandss.com.py\/index\/wp-json\/wp\/v2\/media?parent=65797"}],"wp:term":[{"taxonomy":"product_brand","embeddable":true,"href":"https:\/\/brandss.com.py\/index\/wp-json\/wp\/v2\/product_brand?post=65797"},{"taxonomy":"product_cat","embeddable":true,"href":"https:\/\/brandss.com.py\/index\/wp-json\/wp\/v2\/product_cat?post=65797"},{"taxonomy":"product_tag","embeddable":true,"href":"https:\/\/brandss.com.py\/index\/wp-json\/wp\/v2\/product_tag?post=65797"}],"curies":[{"name":"wp","href":"https:\/\/api.w.org\/{rel}","templated":true}]}}