{"id":65808,"date":"2025-01-11T13:11:19","date_gmt":"2025-01-11T13:11:19","guid":{"rendered":"https:\/\/brandss.com.py\/index\/?post_type=product&#038;p=65808"},"modified":"2025-01-11T13:12:59","modified_gmt":"2025-01-11T13:12:59","slug":"camiseta-deportivo-femenino-adidas-adicolor-classics-sin-mangas","status":"publish","type":"product","link":"https:\/\/brandss.com.py\/index\/producto\/camiseta-deportivo-femenino-adidas-adicolor-classics-sin-mangas\/","title":{"rendered":"CAMISETA DEPORTIVO FEMENINO ADIDAS ADICOLOR CLASSICS SIN MANGAS"},"content":{"rendered":"<p><img loading=\"lazy\" decoding=\"async\" class=\"\" src=\"https:\/\/upload.wikimedia.org\/wikipedia\/commons\/f\/fe\/Logo_Adidas.png\" alt=\"Archivo:Logo Adidas.png - Wikipedia, la enciclopedia libre\" width=\"143\" height=\"95\" \/><\/p>\n<h1>ADICOLOR CLASSICS<\/h1>\n<h3 class=\"subtitle___9ljbp\"><span>Una camiseta sin mangas divertida, de corte ajustado y con la espalda abierta.<\/span><\/h3>\n<p class=\"gl-vspace\"><span>Los a\u00f1os 90 han vuelto con esta camiseta sin mangas de adidas, pero solo con las partes buenas. Como ese aire de camiseta de beb\u00e9 de estrella del pop. O el toque deportivo, que se presenta aqu\u00ed con las caracter\u00edsticas 3 rayas que bordean los costados y un peque\u00f1o tr\u00e9bol de adidas en el pecho. Luego est\u00e1 la espalda baja, en contraste con el escote m\u00e1s alto. Ll\u00e9vala sola o, si quieres lucir un estilo completamente noventero, simplemente ponte una camiseta de contraste debajo.<\/span><\/p>\n<h3 class=\"highlight-text__headline___25B2G\"><span>Nos asociamos con la Iniciativa Better Cotton<\/span><\/h3>\n<p><span>Al comprar productos marcados con el logotipo de Better Cotton Initiative, usted apoya un cultivo de algod\u00f3n m\u00e1s sostenible.<\/span><\/p>\n<h3 class=\"highlight-text__headline___25B2G\"><span>Ajuste ce\u00f1ido<\/span><\/h3>\n<p><span>Dise\u00f1ado para ajustarse al cuerpo para una apariencia ajustada y favorecedora.<\/span><\/p>\n<h3 class=\"highlight-text__headline___25B2G\"><span>Espalda abierta<\/span><\/h3>\n<p><span>La espalda escotada deja ver un poco de piel.<\/span><\/p>\n<div class=\"accordion__header-text___2o9Im\">\n<h2 class=\"accordion-title___2sTgR\"><span>Cuidado<\/span><\/h2>\n<\/div>\n<div class=\"accordion__header-icon___2FuRa\"><\/div>\n<div class=\"accordion__content___29x9h\">\n<div class=\"content-padding___2kVWQ\">\n<div class=\"care___2GwB4\" data-auto-id=\"pdp-content-care\">\n<div class=\"care-instructions___3scEd\">\n<h4 class=\"care-title___2YJe1 gl-no-margin-bottom\">Instrucciones de lavado<\/h4>\n<ul class=\"\">\n<li class=\"gl-vspace-bpall-small\"><img loading=\"lazy\" decoding=\"async\" src=\"https:\/\/www.adidas.com\/glass\/react\/557321e\/assets\/img\/washing-instructions\/B1.svg\" alt=\"\" width=\"24\" height=\"24\" \/>No usa blanqueador<\/li>\n<li class=\"gl-vspace-bpall-small\"><img loading=\"lazy\" decoding=\"async\" src=\"https:\/\/www.adidas.com\/glass\/react\/557321e\/assets\/img\/washing-instructions\/C2.svg\" alt=\"\" width=\"24\" height=\"24\" \/>Secar en secadora a temperatura baja<\/li>\n<li class=\"gl-vspace-bpall-small\"><img loading=\"lazy\" decoding=\"async\" src=\"https:\/\/www.adidas.com\/glass\/react\/557321e\/assets\/img\/washing-instructions\/E1.svg\" alt=\"\" width=\"24\" height=\"24\" \/>No lavar en seco<\/li>\n<li class=\"gl-vspace-bpall-small\"><img loading=\"lazy\" decoding=\"async\" src=\"https:\/\/www.adidas.com\/glass\/react\/557321e\/assets\/img\/washing-instructions\/D3.svg\" alt=\"\" width=\"24\" height=\"24\" \/>Retocar con plancha tibia<\/li>\n<li class=\"gl-vspace-bpall-small\"><img loading=\"lazy\" decoding=\"async\" src=\"https:\/\/www.adidas.com\/glass\/react\/557321e\/assets\/img\/washing-instructions\/A4.svg\" alt=\"\" width=\"24\" height=\"24\" \/>Lavar a m\u00e1quina en ciclo delicado con agua fr\u00eda.<\/li>\n<\/ul>\n<\/div>\n<div class=\"extra-instructions___2TR8b\">\n<h4 class=\"care-title___2YJe1 gl-no-margin-bottom\">Informaci\u00f3n de cuidados adicionales<\/h4>\n<ul class=\"gl-list gl-vspace-bpall-small\">\n<li class=\"gl-vspace-bpall-small\">Utilice \u00fanicamente detergente suave<\/li>\n<li class=\"gl-vspace-bpall-small\">Lavar los colores oscuros por separado<\/li>\n<li class=\"gl-vspace-bpall-small\">Lavar y planchar del rev\u00e9s.<\/li>\n<li class=\"gl-vspace-bpall-small\">No planchar la impresi\u00f3n<\/li>\n<\/ul>\n<div class=\"accordion__header-text___2o9Im\">\n<h2 class=\"accordion-title___2sTgR\"><span>Detalles<\/span><\/h2>\n<\/div>\n<div class=\"accordion__header-icon___2FuRa\"><\/div>\n<div class=\"accordion__content___29x9h\">\n<div class=\"content-padding___2kVWQ\">\n<div class=\"bullets___3bsSs\" data-auto-id=\"specifications-section\">\n<ul class=\"gl-list\">\n<li class=\"gl-vspace-bpall-small\"><span>Ajuste ce\u00f1ido<\/span><\/li>\n<li class=\"gl-vspace-bpall-small\"><span>Escote redondo<\/span><\/li>\n<li class=\"gl-vspace-bpall-small\"><span>93% algod\u00f3n 7% elastano<\/span><\/li>\n<li class=\"gl-vspace-bpall-small\"><span>Espalda abierta con tirantes<\/span><\/li>\n<li class=\"gl-vspace-bpall-small\"><span>Apoya la iniciativa Better Cotton<\/span><\/li>\n<li class=\"gl-vspace-bpall-small\"><span>Importado<\/span><\/li>\n<li class=\"gl-vspace-bpall-small\"><span>Color: Negro<\/span><\/li>\n<li class=\"gl-vspace-bpall-small\"><span>Modelo: HC1978<\/span><\/li>\n<\/ul>\n<\/div>\n<\/div>\n<\/div>\n<\/div>\n<\/div>\n<\/div>\n<\/div>\n","protected":false},"excerpt":{"rendered":"<p>ADICOLOR CLASSICS Una camiseta sin mangas divertida, de corte ajustado y con la espalda abierta. Los a\u00f1os 90 han vuelto<\/p>\n","protected":false},"featured_media":65809,"comment_status":"open","ping_status":"closed","template":"","meta":{"nf_dc_page":""},"product_brand":[],"product_cat":[73],"product_tag":[],"class_list":{"0":"post-65808","1":"product","2":"type-product","3":"status-publish","4":"has-post-thumbnail","6":"product_cat-femenino","8":"first","9":"instock","10":"shipping-taxable","11":"purchasable","12":"product-type-simple"},"_links":{"self":[{"href":"https:\/\/brandss.com.py\/index\/wp-json\/wp\/v2\/product\/65808","targetHints":{"allow":["GET"]}}],"collection":[{"href":"https:\/\/brandss.com.py\/index\/wp-json\/wp\/v2\/product"}],"about":[{"href":"https:\/\/brandss.com.py\/index\/wp-json\/wp\/v2\/types\/product"}],"replies":[{"embeddable":true,"href":"https:\/\/brandss.com.py\/index\/wp-json\/wp\/v2\/comments?post=65808"}],"version-history":[{"count":1,"href":"https:\/\/brandss.com.py\/index\/wp-json\/wp\/v2\/product\/65808\/revisions"}],"predecessor-version":[{"id":65817,"href":"https:\/\/brandss.com.py\/index\/wp-json\/wp\/v2\/product\/65808\/revisions\/65817"}],"wp:featuredmedia":[{"embeddable":true,"href":"https:\/\/brandss.com.py\/index\/wp-json\/wp\/v2\/media\/65809"}],"wp:attachment":[{"href":"https:\/\/brandss.com.py\/index\/wp-json\/wp\/v2\/media?parent=65808"}],"wp:term":[{"taxonomy":"product_brand","embeddable":true,"href":"https:\/\/brandss.com.py\/index\/wp-json\/wp\/v2\/product_brand?post=65808"},{"taxonomy":"product_cat","embeddable":true,"href":"https:\/\/brandss.com.py\/index\/wp-json\/wp\/v2\/product_cat?post=65808"},{"taxonomy":"product_tag","embeddable":true,"href":"https:\/\/brandss.com.py\/index\/wp-json\/wp\/v2\/product_tag?post=65808"}],"curies":[{"name":"wp","href":"https:\/\/api.w.org\/{rel}","templated":true}]}}