{"id":65826,"date":"2025-01-11T14:45:30","date_gmt":"2025-01-11T14:45:30","guid":{"rendered":"https:\/\/brandss.com.py\/index\/?post_type=product&#038;p=65826"},"modified":"2026-04-11T13:20:39","modified_gmt":"2026-04-11T13:20:39","slug":"camiseta-deportivo-femenino-adidas-adicolor-classics-sin-mangas-3","status":"publish","type":"product","link":"https:\/\/brandss.com.py\/index\/producto\/camiseta-deportivo-femenino-adidas-adicolor-classics-sin-mangas-3\/","title":{"rendered":"CAMISETA DEPORTIVO FEMENINO ADIDAS ADICOLOR CLASSICS SIN MANGAS"},"content":{"rendered":"<p><img loading=\"lazy\" decoding=\"async\" class=\"\" src=\"https:\/\/upload.wikimedia.org\/wikipedia\/commons\/f\/fe\/Logo_Adidas.png\" alt=\"Archivo:Logo Adidas.png - Wikipedia, la enciclopedia libre\" width=\"92\" height=\"61\" \/><\/p>\n<h1>ADICOLOR CLASSICS<\/h1>\n<p>&nbsp;<\/p>\n<p>Camiseta sin mangas Adicolor Classics: una divertida camiseta sin mangas ajustada con la espalda abierta.<br \/>\nLos a\u00f1os 90 han vuelto con esta camiseta sin mangas de adidas, pero solo las partes buenas. Como esa remera de beb\u00e9 con aires de estrella del pop. O los destellos deportivos, que se presentan aqu\u00ed con las 3 rayas distintivas que bordean los costados y un peque\u00f1o tr\u00e9bol de adidas en el pecho. Luego est\u00e1 la espalda baja, en contraste con el escote m\u00e1s alto. Ll\u00e9vala sola o, si quieres lucir un estilo completamente noventero, simplemente ponte una remera de contraste debajo. \u00a1Adidas sabe qu\u00e9 ponerse este verano! Si t\u00fa tambi\u00e9n quieres seguir las tendencias, elige la camiseta Adicolor Classics Tank Top. Su corte cropped y sus hombros abiertos permiten una libertad de movimiento sin restricciones. El tejido de algod\u00f3n con adici\u00f3n de elastano se adapta perfectamente al cuerpo durante cualquier actividad. \u00bfQu\u00e9 tal un tono de color s\u00f3lido? \u00bfAburrido? \u00a1Nada igual! Es el tel\u00f3n de fondo perfecto para la marca atrevida, que presenta tres rayas en los costados y un logotipo de Trefoil debajo del escote.<\/p>\n<p>&nbsp;<\/p>\n<ul>\n<li>Corte ajustado<\/li>\n<li>Escote redondo<\/li>\n<li>Punto sencillo 93 % algod\u00f3n, 7 % elastano<\/li>\n<li>Espalda abierta con tirantes<\/li>\n<li>Color: Magenta real<\/li>\n<li>Modelo: HG6143<\/li>\n<\/ul>\n","protected":false},"excerpt":{"rendered":"<p>ADICOLOR CLASSICS &nbsp; Camiseta sin mangas Adicolor Classics: una divertida camiseta sin mangas ajustada con la espalda abierta. Los a\u00f1os<\/p>\n","protected":false},"featured_media":65827,"comment_status":"open","ping_status":"closed","template":"","meta":{"nf_dc_page":""},"product_brand":[],"product_cat":[73],"product_tag":[],"class_list":{"0":"post-65826","1":"product","2":"type-product","3":"status-publish","4":"has-post-thumbnail","6":"product_cat-femenino","8":"first","9":"outofstock","10":"shipping-taxable","11":"purchasable","12":"product-type-simple"},"_links":{"self":[{"href":"https:\/\/brandss.com.py\/index\/wp-json\/wp\/v2\/product\/65826","targetHints":{"allow":["GET"]}}],"collection":[{"href":"https:\/\/brandss.com.py\/index\/wp-json\/wp\/v2\/product"}],"about":[{"href":"https:\/\/brandss.com.py\/index\/wp-json\/wp\/v2\/types\/product"}],"replies":[{"embeddable":true,"href":"https:\/\/brandss.com.py\/index\/wp-json\/wp\/v2\/comments?post=65826"}],"version-history":[{"count":1,"href":"https:\/\/brandss.com.py\/index\/wp-json\/wp\/v2\/product\/65826\/revisions"}],"predecessor-version":[{"id":65833,"href":"https:\/\/brandss.com.py\/index\/wp-json\/wp\/v2\/product\/65826\/revisions\/65833"}],"wp:featuredmedia":[{"embeddable":true,"href":"https:\/\/brandss.com.py\/index\/wp-json\/wp\/v2\/media\/65827"}],"wp:attachment":[{"href":"https:\/\/brandss.com.py\/index\/wp-json\/wp\/v2\/media?parent=65826"}],"wp:term":[{"taxonomy":"product_brand","embeddable":true,"href":"https:\/\/brandss.com.py\/index\/wp-json\/wp\/v2\/product_brand?post=65826"},{"taxonomy":"product_cat","embeddable":true,"href":"https:\/\/brandss.com.py\/index\/wp-json\/wp\/v2\/product_cat?post=65826"},{"taxonomy":"product_tag","embeddable":true,"href":"https:\/\/brandss.com.py\/index\/wp-json\/wp\/v2\/product_tag?post=65826"}],"curies":[{"name":"wp","href":"https:\/\/api.w.org\/{rel}","templated":true}]}}